{"id":1632,"date":"2025-05-10T17:42:17","date_gmt":"2025-05-10T18:42:17","guid":{"rendered":"https:\/\/vukmantrade.hr\/?post_type=product&#038;p=1632"},"modified":"2025-05-18T18:47:13","modified_gmt":"2025-05-18T19:47:13","slug":"wild-boar-trophy-plaques","status":"publish","type":"product","link":"https:\/\/vukmantrade.hr\/en\/product\/wild-boar-trophy-plaques\/","title":{"rendered":"Wild Boar Trophy Plaques"},"content":{"rendered":"<p class=\"\" data-start=\"42\" data-end=\"139\"><strong data-start=\"42\" data-end=\"70\">Wild Boar Trophy Plaques<\/strong><br data-start=\"70\" data-end=\"73\" \/>High-quality mounting plaques for wild boar trophies.<\/p>\n<p class=\"\" data-start=\"141\" data-end=\"185\"><strong data-start=\"141\" data-end=\"185\">Wild Boar Trophy Plaque Details (Tusks):<\/strong><\/p>\n<ul data-start=\"187\" data-end=\"296\">\n<li class=\"\" data-start=\"187\" data-end=\"207\">\n<p class=\"\" data-start=\"189\" data-end=\"207\"><strong data-start=\"189\" data-end=\"205\">Round models<\/strong><\/p>\n<\/li>\n<li class=\"\" data-start=\"208\" data-end=\"257\">\n<p class=\"\" data-start=\"210\" data-end=\"257\"><strong data-start=\"210\" data-end=\"223\">Diameters<\/strong>: \u00d814, \u00d815, \u00d816, \u00d818, and \u00d820 cm<\/p>\n<\/li>\n<li class=\"\" data-start=\"258\" data-end=\"296\">\n<p class=\"\" data-start=\"260\" data-end=\"296\"><strong data-start=\"260\" data-end=\"296\">Available in 4 different designs<\/strong><\/p>\n<\/li>\n<\/ul>\n<p class=\"\" data-start=\"298\" data-end=\"392\">All plaques are handcrafted from high-quality linden wood and come ready for mounting.<\/p>\n","protected":false},"excerpt":{"rendered":"<p>High-quality mounting plaques for wild boar trophies.<\/p>\n","protected":false},"featured_media":1622,"comment_status":"open","ping_status":"closed","template":"","meta":{"_uag_custom_page_level_css":"","site-sidebar-layout":"default","site-content-layout":"","ast-site-content-layout":"default","site-content-style":"default","site-sidebar-style":"default","ast-global-header-display":"","ast-banner-title-visibility":"","ast-main-header-display":"","ast-hfb-above-header-display":"","ast-hfb-below-header-display":"","ast-hfb-mobile-header-display":"","site-post-title":"","ast-breadcrumbs-content":"","ast-featured-img":"","footer-sml-layout":"","ast-disable-related-posts":"","theme-transparent-header-meta":"default","adv-header-id-meta":"","stick-header-meta":"","header-above-stick-meta":"","header-main-stick-meta":"","header-below-stick-meta":"","astra-migrate-meta-layouts":"set","ast-page-background-enabled":"default","ast-page-background-meta":{"desktop":{"background-color":"var(--ast-global-color-4)","background-image":"","background-repeat":"repeat","background-position":"center center","background-size":"auto","background-attachment":"scroll","background-type":"","background-media":"","overlay-type":"","overlay-color":"","overlay-opacity":"","overlay-gradient":""},"tablet":{"background-color":"","background-image":"","background-repeat":"repeat","background-position":"center center","background-size":"auto","background-attachment":"scroll","background-type":"","background-media":"","overlay-type":"","overlay-color":"","overlay-opacity":"","overlay-gradient":""},"mobile":{"background-color":"","background-image":"","background-repeat":"repeat","background-position":"center center","background-size":"auto","background-attachment":"scroll","background-type":"","background-media":"","overlay-type":"","overlay-color":"","overlay-opacity":"","overlay-gradient":""}},"ast-content-background-meta":{"desktop":{"background-color":"var(--ast-global-color-5)","background-image":"","background-repeat":"repeat","background-position":"center center","background-size":"auto","background-attachment":"scroll","background-type":"","background-media":"","overlay-type":"","overlay-color":"","overlay-opacity":"","overlay-gradient":""},"tablet":{"background-color":"var(--ast-global-color-5)","background-image":"","background-repeat":"repeat","background-position":"center center","background-size":"auto","background-attachment":"scroll","background-type":"","background-media":"","overlay-type":"","overlay-color":"","overlay-opacity":"","overlay-gradient":""},"mobile":{"background-color":"var(--ast-global-color-5)","background-image":"","background-repeat":"repeat","background-position":"center center","background-size":"auto","background-attachment":"scroll","background-type":"","background-media":"","overlay-type":"","overlay-color":"","overlay-opacity":"","overlay-gradient":""}}},"product_brand":[],"product_cat":[78],"product_tag":[79,81,82],"class_list":{"0":"post-1632","1":"product","2":"type-product","3":"status-publish","4":"has-post-thumbnail","6":"product_cat-trophy","7":"product_tag-handcrafted","8":"product_tag-trophy","9":"product_tag-wild-boar","10":"desktop-align-center","11":"tablet-align-center","12":"mobile-align-center","14":"first","15":"instock","16":"shipping-taxable","17":"purchasable","18":"product-type-variable"},"yoast_head":"<!-- This site is optimized with the Yoast SEO plugin v26.8 - https:\/\/yoast.com\/product\/yoast-seo-wordpress\/ -->\n<title>Wild Boar Trophy Plaques - Bear Hunter<\/title>\n<meta name=\"description\" content=\"Bear Hunter - Wild Boar Trophy Plaques kvalitetno izra\u0111ene daske za monta\u017eu trofeja srnjaka i vepra, ru\u010dno ra\u0111ene od kvalitetnog drveta lipe.\" \/>\n<meta name=\"robots\" content=\"index, follow, max-snippet:-1, max-image-preview:large, max-video-preview:-1\" \/>\n<link rel=\"canonical\" href=\"https:\/\/vukmantrade.hr\/en\/product\/wild-boar-trophy-plaques\/\" \/>\n<meta property=\"og:locale\" content=\"en_GB\" \/>\n<meta property=\"og:type\" content=\"article\" \/>\n<meta property=\"og:title\" content=\"Wild Boar Trophy Plaques - Bear Hunter\" \/>\n<meta property=\"og:description\" content=\"Bear Hunter - Wild Boar Trophy Plaques kvalitetno izra\u0111ene daske za monta\u017eu trofeja srnjaka i vepra, ru\u010dno ra\u0111ene od kvalitetnog drveta lipe.\" \/>\n<meta property=\"og:url\" content=\"https:\/\/vukmantrade.hr\/en\/product\/wild-boar-trophy-plaques\/\" \/>\n<meta property=\"og:site_name\" content=\"Bear Hunter\" \/>\n<meta property=\"article:modified_time\" content=\"2025-05-18T19:47:13+00:00\" \/>\n<meta property=\"og:image\" content=\"https:\/\/vukmantrade.hr\/wp-content\/uploads\/2025\/05\/IMG-20250513-WA0048.jpg\" \/>\n\t<meta property=\"og:image:width\" content=\"1132\" \/>\n\t<meta property=\"og:image:height\" content=\"1330\" \/>\n\t<meta property=\"og:image:type\" content=\"image\/jpeg\" \/>\n<meta name=\"twitter:card\" content=\"summary_large_image\" \/>\n<meta name=\"twitter:label1\" content=\"Estimated reading time\" \/>\n\t<meta name=\"twitter:data1\" content=\"1 minute\" \/>\n<script type=\"application\/ld+json\" class=\"yoast-schema-graph\">{\"@context\":\"https:\/\/schema.org\",\"@graph\":[{\"@type\":\"WebPage\",\"@id\":\"https:\/\/vukmantrade.hr\/en\/product\/wild-boar-trophy-plaques\/\",\"url\":\"https:\/\/vukmantrade.hr\/en\/product\/wild-boar-trophy-plaques\/\",\"name\":\"Wild Boar Trophy Plaques - Bear Hunter\",\"isPartOf\":{\"@id\":\"https:\/\/vukmantrade.hr\/en_gb\/#website\"},\"primaryImageOfPage\":{\"@id\":\"https:\/\/vukmantrade.hr\/en\/product\/wild-boar-trophy-plaques\/#primaryimage\"},\"image\":{\"@id\":\"https:\/\/vukmantrade.hr\/en\/product\/wild-boar-trophy-plaques\/#primaryimage\"},\"thumbnailUrl\":\"https:\/\/vukmantrade.hr\/wp-content\/uploads\/2025\/05\/IMG-20250513-WA0048.jpg\",\"datePublished\":\"2025-05-10T18:42:17+00:00\",\"dateModified\":\"2025-05-18T19:47:13+00:00\",\"description\":\"Bear Hunter - Wild Boar Trophy Plaques kvalitetno izra\u0111ene daske za monta\u017eu trofeja srnjaka i vepra, ru\u010dno ra\u0111ene od kvalitetnog drveta lipe.\",\"breadcrumb\":{\"@id\":\"https:\/\/vukmantrade.hr\/en\/product\/wild-boar-trophy-plaques\/#breadcrumb\"},\"inLanguage\":\"en-GB\",\"potentialAction\":[{\"@type\":\"ReadAction\",\"target\":[\"https:\/\/vukmantrade.hr\/en\/product\/wild-boar-trophy-plaques\/\"]}]},{\"@type\":\"ImageObject\",\"inLanguage\":\"en-GB\",\"@id\":\"https:\/\/vukmantrade.hr\/en\/product\/wild-boar-trophy-plaques\/#primaryimage\",\"url\":\"https:\/\/vukmantrade.hr\/wp-content\/uploads\/2025\/05\/IMG-20250513-WA0048.jpg\",\"contentUrl\":\"https:\/\/vukmantrade.hr\/wp-content\/uploads\/2025\/05\/IMG-20250513-WA0048.jpg\",\"width\":1132,\"height\":1330,\"caption\":\"Wild Boar Trophy Plaques\"},{\"@type\":\"BreadcrumbList\",\"@id\":\"https:\/\/vukmantrade.hr\/en\/product\/wild-boar-trophy-plaques\/#breadcrumb\",\"itemListElement\":[{\"@type\":\"ListItem\",\"position\":1,\"name\":\"Home\",\"item\":\"https:\/\/vukmantrade.hr\/\"},{\"@type\":\"ListItem\",\"position\":2,\"name\":\"Shop\",\"item\":\"https:\/\/vukmantrade.hr\/en_gb\/shop\/\"},{\"@type\":\"ListItem\",\"position\":3,\"name\":\"Wild Boar Trophy Plaques\"}]},{\"@type\":\"WebSite\",\"@id\":\"https:\/\/vukmantrade.hr\/en_gb\/#website\",\"url\":\"https:\/\/vukmantrade.hr\/en_gb\/\",\"name\":\"Bear Hunter\",\"description\":\"Into the Wild, Armed with the Best.\",\"publisher\":{\"@id\":\"https:\/\/vukmantrade.hr\/en_gb\/#organization\"},\"potentialAction\":[{\"@type\":\"SearchAction\",\"target\":{\"@type\":\"EntryPoint\",\"urlTemplate\":\"https:\/\/vukmantrade.hr\/en_gb\/?s={search_term_string}\"},\"query-input\":{\"@type\":\"PropertyValueSpecification\",\"valueRequired\":true,\"valueName\":\"search_term_string\"}}],\"inLanguage\":\"en-GB\"},{\"@type\":\"Organization\",\"@id\":\"https:\/\/vukmantrade.hr\/en_gb\/#organization\",\"name\":\"Bear Hunter\",\"url\":\"https:\/\/vukmantrade.hr\/en_gb\/\",\"logo\":{\"@type\":\"ImageObject\",\"inLanguage\":\"en-GB\",\"@id\":\"https:\/\/vukmantrade.hr\/en_gb\/#\/schema\/logo\/image\/\",\"url\":\"https:\/\/vukmantrade.hr\/wp-content\/uploads\/2025\/05\/cropped-WhatsApp_Slika_2025-05-08_u_10.24.59_0f4d2b06-removebg-preview-1.png\",\"contentUrl\":\"https:\/\/vukmantrade.hr\/wp-content\/uploads\/2025\/05\/cropped-WhatsApp_Slika_2025-05-08_u_10.24.59_0f4d2b06-removebg-preview-1.png\",\"width\":660,\"height\":220,\"caption\":\"Bear Hunter\"},\"image\":{\"@id\":\"https:\/\/vukmantrade.hr\/en_gb\/#\/schema\/logo\/image\/\"}}]}<\/script>\n<!-- \/ Yoast SEO plugin. -->","yoast_head_json":{"title":"Wild Boar Trophy Plaques - Bear Hunter","description":"Bear Hunter - Wild Boar Trophy Plaques kvalitetno izra\u0111ene daske za monta\u017eu trofeja srnjaka i vepra, ru\u010dno ra\u0111ene od kvalitetnog drveta lipe.","robots":{"index":"index","follow":"follow","max-snippet":"max-snippet:-1","max-image-preview":"max-image-preview:large","max-video-preview":"max-video-preview:-1"},"canonical":"https:\/\/vukmantrade.hr\/en\/product\/wild-boar-trophy-plaques\/","og_locale":"en_GB","og_type":"article","og_title":"Wild Boar Trophy Plaques - Bear Hunter","og_description":"Bear Hunter - Wild Boar Trophy Plaques kvalitetno izra\u0111ene daske za monta\u017eu trofeja srnjaka i vepra, ru\u010dno ra\u0111ene od kvalitetnog drveta lipe.","og_url":"https:\/\/vukmantrade.hr\/en\/product\/wild-boar-trophy-plaques\/","og_site_name":"Bear Hunter","article_modified_time":"2025-05-18T19:47:13+00:00","og_image":[{"width":1132,"height":1330,"url":"https:\/\/vukmantrade.hr\/wp-content\/uploads\/2025\/05\/IMG-20250513-WA0048.jpg","type":"image\/jpeg"}],"twitter_card":"summary_large_image","twitter_misc":{"Estimated reading time":"1 minute"},"schema":{"@context":"https:\/\/schema.org","@graph":[{"@type":"WebPage","@id":"https:\/\/vukmantrade.hr\/en\/product\/wild-boar-trophy-plaques\/","url":"https:\/\/vukmantrade.hr\/en\/product\/wild-boar-trophy-plaques\/","name":"Wild Boar Trophy Plaques - Bear Hunter","isPartOf":{"@id":"https:\/\/vukmantrade.hr\/en_gb\/#website"},"primaryImageOfPage":{"@id":"https:\/\/vukmantrade.hr\/en\/product\/wild-boar-trophy-plaques\/#primaryimage"},"image":{"@id":"https:\/\/vukmantrade.hr\/en\/product\/wild-boar-trophy-plaques\/#primaryimage"},"thumbnailUrl":"https:\/\/vukmantrade.hr\/wp-content\/uploads\/2025\/05\/IMG-20250513-WA0048.jpg","datePublished":"2025-05-10T18:42:17+00:00","dateModified":"2025-05-18T19:47:13+00:00","description":"Bear Hunter - Wild Boar Trophy Plaques kvalitetno izra\u0111ene daske za monta\u017eu trofeja srnjaka i vepra, ru\u010dno ra\u0111ene od kvalitetnog drveta lipe.","breadcrumb":{"@id":"https:\/\/vukmantrade.hr\/en\/product\/wild-boar-trophy-plaques\/#breadcrumb"},"inLanguage":"en-GB","potentialAction":[{"@type":"ReadAction","target":["https:\/\/vukmantrade.hr\/en\/product\/wild-boar-trophy-plaques\/"]}]},{"@type":"ImageObject","inLanguage":"en-GB","@id":"https:\/\/vukmantrade.hr\/en\/product\/wild-boar-trophy-plaques\/#primaryimage","url":"https:\/\/vukmantrade.hr\/wp-content\/uploads\/2025\/05\/IMG-20250513-WA0048.jpg","contentUrl":"https:\/\/vukmantrade.hr\/wp-content\/uploads\/2025\/05\/IMG-20250513-WA0048.jpg","width":1132,"height":1330,"caption":"Wild Boar Trophy Plaques"},{"@type":"BreadcrumbList","@id":"https:\/\/vukmantrade.hr\/en\/product\/wild-boar-trophy-plaques\/#breadcrumb","itemListElement":[{"@type":"ListItem","position":1,"name":"Home","item":"https:\/\/vukmantrade.hr\/"},{"@type":"ListItem","position":2,"name":"Shop","item":"https:\/\/vukmantrade.hr\/en_gb\/shop\/"},{"@type":"ListItem","position":3,"name":"Wild Boar Trophy Plaques"}]},{"@type":"WebSite","@id":"https:\/\/vukmantrade.hr\/en_gb\/#website","url":"https:\/\/vukmantrade.hr\/en_gb\/","name":"Bear Hunter","description":"Into the Wild, Armed with the Best.","publisher":{"@id":"https:\/\/vukmantrade.hr\/en_gb\/#organization"},"potentialAction":[{"@type":"SearchAction","target":{"@type":"EntryPoint","urlTemplate":"https:\/\/vukmantrade.hr\/en_gb\/?s={search_term_string}"},"query-input":{"@type":"PropertyValueSpecification","valueRequired":true,"valueName":"search_term_string"}}],"inLanguage":"en-GB"},{"@type":"Organization","@id":"https:\/\/vukmantrade.hr\/en_gb\/#organization","name":"Bear Hunter","url":"https:\/\/vukmantrade.hr\/en_gb\/","logo":{"@type":"ImageObject","inLanguage":"en-GB","@id":"https:\/\/vukmantrade.hr\/en_gb\/#\/schema\/logo\/image\/","url":"https:\/\/vukmantrade.hr\/wp-content\/uploads\/2025\/05\/cropped-WhatsApp_Slika_2025-05-08_u_10.24.59_0f4d2b06-removebg-preview-1.png","contentUrl":"https:\/\/vukmantrade.hr\/wp-content\/uploads\/2025\/05\/cropped-WhatsApp_Slika_2025-05-08_u_10.24.59_0f4d2b06-removebg-preview-1.png","width":660,"height":220,"caption":"Bear Hunter"},"image":{"@id":"https:\/\/vukmantrade.hr\/en_gb\/#\/schema\/logo\/image\/"}}]}},"uagb_featured_image_src":{"full":["https:\/\/vukmantrade.hr\/wp-content\/uploads\/2025\/05\/IMG-20250513-WA0048.jpg",1132,1330,false],"thumbnail":["https:\/\/vukmantrade.hr\/wp-content\/uploads\/2025\/05\/IMG-20250513-WA0048-150x150.jpg",150,150,true],"medium":["https:\/\/vukmantrade.hr\/wp-content\/uploads\/2025\/05\/IMG-20250513-WA0048-255x300.jpg",255,300,true],"medium_large":["https:\/\/vukmantrade.hr\/wp-content\/uploads\/2025\/05\/IMG-20250513-WA0048-768x902.jpg",768,902,true],"large":["https:\/\/vukmantrade.hr\/wp-content\/uploads\/2025\/05\/IMG-20250513-WA0048-872x1024.jpg",872,1024,true],"1536x1536":["https:\/\/vukmantrade.hr\/wp-content\/uploads\/2025\/05\/IMG-20250513-WA0048.jpg",1132,1330,false],"2048x2048":["https:\/\/vukmantrade.hr\/wp-content\/uploads\/2025\/05\/IMG-20250513-WA0048.jpg",1132,1330,false],"trp-custom-language-flag":["https:\/\/vukmantrade.hr\/wp-content\/uploads\/2025\/05\/IMG-20250513-WA0048-10x12.jpg",10,12,true],"woocommerce_thumbnail":["https:\/\/vukmantrade.hr\/wp-content\/uploads\/2025\/05\/IMG-20250513-WA0048-300x300.jpg",300,300,true],"woocommerce_single":["https:\/\/vukmantrade.hr\/wp-content\/uploads\/2025\/05\/IMG-20250513-WA0048-600x705.jpg",600,705,true],"woocommerce_gallery_thumbnail":["https:\/\/vukmantrade.hr\/wp-content\/uploads\/2025\/05\/IMG-20250513-WA0048-100x100.jpg",100,100,true]},"uagb_author_info":{"display_name":"danijel.baltic@outlook.com","author_link":"https:\/\/vukmantrade.hr\/en\/author\/"},"uagb_comment_info":0,"uagb_excerpt":"High-quality mounting plaques for wild boar trophies.","_links":{"self":[{"href":"https:\/\/vukmantrade.hr\/en\/wp-json\/wp\/v2\/product\/1632","targetHints":{"allow":["GET"]}}],"collection":[{"href":"https:\/\/vukmantrade.hr\/en\/wp-json\/wp\/v2\/product"}],"about":[{"href":"https:\/\/vukmantrade.hr\/en\/wp-json\/wp\/v2\/types\/product"}],"replies":[{"embeddable":true,"href":"https:\/\/vukmantrade.hr\/en\/wp-json\/wp\/v2\/comments?post=1632"}],"wp:featuredmedia":[{"embeddable":true,"href":"https:\/\/vukmantrade.hr\/en\/wp-json\/wp\/v2\/media\/1622"}],"wp:attachment":[{"href":"https:\/\/vukmantrade.hr\/en\/wp-json\/wp\/v2\/media?parent=1632"}],"wp:term":[{"taxonomy":"product_brand","embeddable":true,"href":"https:\/\/vukmantrade.hr\/en\/wp-json\/wp\/v2\/product_brand?post=1632"},{"taxonomy":"product_cat","embeddable":true,"href":"https:\/\/vukmantrade.hr\/en\/wp-json\/wp\/v2\/product_cat?post=1632"},{"taxonomy":"product_tag","embeddable":true,"href":"https:\/\/vukmantrade.hr\/en\/wp-json\/wp\/v2\/product_tag?post=1632"}],"curies":[{"name":"wp","href":"https:\/\/api.w.org\/{rel}","templated":true}]}}