{"id":1525,"date":"2025-05-18T17:37:15","date_gmt":"2025-05-18T18:37:15","guid":{"rendered":"https:\/\/vukmantrade.hr\/?post_type=product&#038;p=1525"},"modified":"2025-05-18T18:44:44","modified_gmt":"2025-05-18T19:44:44","slug":"sony-ult-wear-wh-ult900n","status":"publish","type":"product","link":"https:\/\/vukmantrade.hr\/hr\/proizvod\/sony-ult-wear-wh-ult900n\/","title":{"rendered":"Sony ULT Wear (WH-ULT900N)"},"content":{"rendered":"<h3 data-start=\"50\" data-end=\"388\"><strong data-start=\"50\" data-end=\"139\">Sony ULT Wear slu\u0161alice pru\u017eaju sna\u017ean zvuk zahvaljuju\u0107i ULT POWER SOUND tehnologiji.<\/strong><\/h3>\n<p class=\"\" data-start=\"50\" data-end=\"388\">Pritiskom na ULT tipku mo\u017ee\u0161 birati izme\u0111u dva na\u010dina rada (ULT1 i ULT2) za prilago\u0111eno iskustvo slu\u0161anja. S integriranim V1 procesorom i dvostrukim senzorima buke, ove slu\u0161alice u\u010dinkovito smanjuju vanjsku buku.<\/p>\n<p class=\"\" data-start=\"390\" data-end=\"657\">Dizajnirane su za udobnost tijekom cijelog dana, s mekanim jastu\u010di\u0107ima i sklopivim dizajnom za jednostavno preno\u0161enje. Uz trajanje baterije do 30 sati s uklju\u010denim poni\u0161tavanjem buke i brzo punjenje koje omogu\u0107uje 1,5 sat reprodukcije nakon samo 3 minute punjenja.<\/p>\n<hr class=\"\" data-start=\"659\" data-end=\"662\" \/>\n<h3 class=\"\" data-start=\"664\" data-end=\"692\">Tehni\u010dke specifikacije<\/h3>\n<ul data-start=\"694\" data-end=\"1618\">\n<li class=\"\" data-start=\"694\" data-end=\"729\">\n<p class=\"\" data-start=\"696\" data-end=\"729\"><strong data-start=\"696\" data-end=\"705\">Tip slu\u0161alica:<\/strong> Naglavne, zatvorenog tipa<\/p>\n<\/li>\n<li class=\"\" data-start=\"730\" data-end=\"762\">\n<p class=\"\" data-start=\"732\" data-end=\"762\"><strong data-start=\"732\" data-end=\"744\">Driveri:<\/strong> 40 mm neodimijski<\/p>\n<\/li>\n<li class=\"\" data-start=\"763\" data-end=\"807\">\n<p class=\"\" data-start=\"765\" data-end=\"807\"><strong data-start=\"765\" data-end=\"788\">Frekvencijski raspon:<\/strong> 5 Hz \u2013 20,000 Hz<\/p>\n<\/li>\n<li class=\"\" data-start=\"808\" data-end=\"865\">\n<p class=\"\" data-start=\"810\" data-end=\"865\"><strong data-start=\"810\" data-end=\"824\">Impedancija:<\/strong> 314 \u03a9 (uklju\u010dene), 32 \u03a9 (isklju\u010dene)<\/p>\n<\/li>\n<li class=\"\" data-start=\"866\" data-end=\"934\">\n<p class=\"\" data-start=\"868\" data-end=\"934\"><strong data-start=\"868\" data-end=\"884\">Osjetljivost:<\/strong> 110 dB\/mW (uklju\u010dene), 100 dB\/mW (isklju\u010dene)<\/p>\n<\/li>\n<li class=\"\" data-start=\"935\" data-end=\"987\">\n<p class=\"\" data-start=\"937\" data-end=\"987\"><strong data-start=\"937\" data-end=\"960\">Poni\u0161tavanje buke:<\/strong> Aktivno (ANC) i pasivno<\/p>\n<\/li>\n<li class=\"\" data-start=\"988\" data-end=\"1018\">\n<p class=\"\" data-start=\"990\" data-end=\"1018\"><strong data-start=\"990\" data-end=\"1012\">Bluetooth verzija:<\/strong> 5.2<\/p>\n<\/li>\n<li class=\"\" data-start=\"1019\" data-end=\"1059\">\n<p class=\"\" data-start=\"1021\" data-end=\"1059\"><strong data-start=\"1021\" data-end=\"1042\">Podr\u017eani kodeci:<\/strong> SBC, AAC, LDAC<\/p>\n<\/li>\n<li class=\"\" data-start=\"1060\" data-end=\"1109\">\n<p class=\"\" data-start=\"1062\" data-end=\"1109\"><strong data-start=\"1062\" data-end=\"1085\">Bluetooth profili:<\/strong> A2DP, AVRCP, HFP, HSP<\/p>\n<\/li>\n<li class=\"\" data-start=\"1110\" data-end=\"1135\">\n<p class=\"\" data-start=\"1112\" data-end=\"1135\"><strong data-start=\"1112\" data-end=\"1122\">Doseg:<\/strong> Do 10 m<\/p>\n<\/li>\n<li class=\"\" data-start=\"1136\" data-end=\"1207\">\n<p class=\"\" data-start=\"1138\" data-end=\"1207\"><strong data-start=\"1138\" data-end=\"1155\">Trajanje baterije:<\/strong> Do 30 sati (ANC uklju\u010den), do 50 sati (ANC isklju\u010den)<\/p>\n<\/li>\n<li class=\"\" data-start=\"1208\" data-end=\"1277\">\n<p class=\"\" data-start=\"1210\" data-end=\"1277\"><strong data-start=\"1210\" data-end=\"1227\">Brzo punjenje:<\/strong> 3 minute punjenja za 1,5 sat reprodukcije<\/p>\n<\/li>\n<li class=\"\" data-start=\"1278\" data-end=\"1324\">\n<p class=\"\" data-start=\"1280\" data-end=\"1324\"><strong data-start=\"1280\" data-end=\"1298\">Vrijeme punjenja:<\/strong> Pribli\u017eno 3,5 sata<\/p>\n<\/li>\n<li class=\"\" data-start=\"1325\" data-end=\"1383\">\n<p class=\"\" data-start=\"1327\" data-end=\"1383\"><strong data-start=\"1327\" data-end=\"1337\">Kabel:<\/strong> 1,2 m, odvojiv, L-oblikovani stereo mini priklju\u010dak<\/p>\n<\/li>\n<li class=\"\" data-start=\"1384\" data-end=\"1419\">\n<p class=\"\" data-start=\"1386\" data-end=\"1419\"><strong data-start=\"1386\" data-end=\"1397\">Te\u017eina:<\/strong> Pribli\u017eno 255 g<\/p>\n<\/li>\n<li class=\"\" data-start=\"1420\" data-end=\"1558\">\n<p class=\"\" data-start=\"1422\" data-end=\"1558\"><strong data-start=\"1422\" data-end=\"1446\">Dodatne mogu\u0107nosti:<\/strong> DSEE, na\u010din ambijentalnog zvuka, podr\u0161ka za glasovne asistente (Google Assistant, Siri, Amazon Alexa), kontrola dodirom<\/p>\n<\/li>\n<li class=\"\" data-start=\"1559\" data-end=\"1618\">\n<p class=\"\" data-start=\"1561\" data-end=\"1618\"><strong data-start=\"1561\" data-end=\"1580\">Kompatibilna aplikacija:<\/strong> Sony Headphones Connect (iOS\/Android)<\/p>\n<\/li>\n<\/ul>\n<hr class=\"\" data-start=\"1620\" data-end=\"1623\" \/>\n<h3 class=\"\" data-start=\"1625\" data-end=\"1645\">Sadr\u017eaj pakiranja<\/h3>\n<ul data-start=\"1647\" data-end=\"1780\" data-is-last-node=\"\" data-is-only-node=\"\">\n<li class=\"\" data-start=\"1647\" data-end=\"1675\">\n<p class=\"\" data-start=\"1649\" data-end=\"1675\">Sony ULT Wear slu\u0161alice<\/p>\n<\/li>\n<li class=\"\" data-start=\"1676\" data-end=\"1700\">\n<p class=\"\" data-start=\"1678\" data-end=\"1700\">USB-C kabel za punjenje<\/p>\n<\/li>\n<li class=\"\" data-start=\"1701\" data-end=\"1725\">\n<p class=\"\" data-start=\"1703\" data-end=\"1725\">Audio kabel (3,5 mm)<\/p>\n<\/li>\n<li class=\"\" data-start=\"1726\" data-end=\"1743\">\n<p class=\"\" data-start=\"1728\" data-end=\"1743\">Prijenosna torbica<\/p>\n<\/li>\n<li class=\"\" data-start=\"1744\" data-end=\"1780\">\n<p class=\"\" data-start=\"1746\" data-end=\"1780\">Jamstveni list i referentni\u00a0priru\u010dnik<\/p>\n<\/li>\n<\/ul>","protected":false},"excerpt":{"rendered":"<p data-start=\"50\" data-end=\"388\"><strong data-start=\"50\" data-end=\"139\">Sony ULT Wear slu\u0161alice pru\u017eaju sna\u017ean zvuk zahvaljuju\u0107i ULT POWER SOUND tehnologiji.<\/strong><\/p>\n<p class=\"\" data-start=\"50\" data-end=\"388\">Pritiskom na ULT tipku mo\u017ee\u0161 birati izme\u0111u dva na\u010dina rada (ULT1 i ULT2) za prilago\u0111eno iskustvo slu\u0161anja. S integriranim V1 procesorom i dvostrukim senzorima buke, ove slu\u0161alice u\u010dinkovito smanjuju vanjsku buku.<\/p>","protected":false},"featured_media":1526,"comment_status":"open","ping_status":"closed","template":"","meta":{"_uag_custom_page_level_css":"","site-sidebar-layout":"default","site-content-layout":"","ast-site-content-layout":"default","site-content-style":"default","site-sidebar-style":"default","ast-global-header-display":"","ast-banner-title-visibility":"","ast-main-header-display":"","ast-hfb-above-header-display":"","ast-hfb-below-header-display":"","ast-hfb-mobile-header-display":"","site-post-title":"","ast-breadcrumbs-content":"","ast-featured-img":"","footer-sml-layout":"","ast-disable-related-posts":"","theme-transparent-header-meta":"default","adv-header-id-meta":"","stick-header-meta":"","header-above-stick-meta":"","header-main-stick-meta":"","header-below-stick-meta":"","astra-migrate-meta-layouts":"set","ast-page-background-enabled":"default","ast-page-background-meta":{"desktop":{"background-color":"var(--ast-global-color-4)","background-image":"","background-repeat":"repeat","background-position":"center center","background-size":"auto","background-attachment":"scroll","background-type":"","background-media":"","overlay-type":"","overlay-color":"","overlay-opacity":"","overlay-gradient":""},"tablet":{"background-color":"","background-image":"","background-repeat":"repeat","background-position":"center center","background-size":"auto","background-attachment":"scroll","background-type":"","background-media":"","overlay-type":"","overlay-color":"","overlay-opacity":"","overlay-gradient":""},"mobile":{"background-color":"","background-image":"","background-repeat":"repeat","background-position":"center center","background-size":"auto","background-attachment":"scroll","background-type":"","background-media":"","overlay-type":"","overlay-color":"","overlay-opacity":"","overlay-gradient":""}},"ast-content-background-meta":{"desktop":{"background-color":"var(--ast-global-color-5)","background-image":"","background-repeat":"repeat","background-position":"center center","background-size":"auto","background-attachment":"scroll","background-type":"","background-media":"","overlay-type":"","overlay-color":"","overlay-opacity":"","overlay-gradient":""},"tablet":{"background-color":"var(--ast-global-color-5)","background-image":"","background-repeat":"repeat","background-position":"center center","background-size":"auto","background-attachment":"scroll","background-type":"","background-media":"","overlay-type":"","overlay-color":"","overlay-opacity":"","overlay-gradient":""},"mobile":{"background-color":"var(--ast-global-color-5)","background-image":"","background-repeat":"repeat","background-position":"center center","background-size":"auto","background-attachment":"scroll","background-type":"","background-media":"","overlay-type":"","overlay-color":"","overlay-opacity":"","overlay-gradient":""}}},"product_brand":[63],"product_cat":[36],"product_tag":[64],"class_list":{"0":"post-1525","1":"product","2":"type-product","3":"status-publish","4":"has-post-thumbnail","6":"product_brand-sony","7":"product_cat-headphones","8":"product_tag-headphones","9":"desktop-align-center","10":"tablet-align-center","11":"mobile-align-center","13":"first","14":"instock","15":"shipping-taxable","16":"purchasable","17":"product-type-simple"},"yoast_head":"<!-- This site is optimized with the Yoast SEO plugin v26.8 - https:\/\/yoast.com\/product\/yoast-seo-wordpress\/ -->\n<title>Sony ULT Wear (WH-ULT900N) - Bear Hunter<\/title>\n<meta name=\"description\" content=\"Bear Hunter - Sony ULT Wear (WH-ULT900N) Equipped with the integrated V1 processor and dual noise sensors, these headphones effectively reduce ambient noise\" \/>\n<meta name=\"robots\" content=\"index, follow, max-snippet:-1, max-image-preview:large, max-video-preview:-1\" \/>\n<link rel=\"canonical\" href=\"https:\/\/vukmantrade.hr\/hr\/proizvod\/sony-ult-wear-wh-ult900n\/\" \/>\n<meta property=\"og:locale\" content=\"hr_HR\" \/>\n<meta property=\"og:type\" content=\"article\" \/>\n<meta property=\"og:title\" content=\"Sony ULT Wear (WH-ULT900N) - Bear Hunter\" \/>\n<meta property=\"og:description\" content=\"Bear Hunter - Sony ULT Wear (WH-ULT900N) Equipped with the integrated V1 processor and dual noise sensors, these headphones effectively reduce ambient noise\" \/>\n<meta property=\"og:url\" content=\"https:\/\/vukmantrade.hr\/hr\/proizvod\/sony-ult-wear-wh-ult900n\/\" \/>\n<meta property=\"og:site_name\" content=\"Bear Hunter\" \/>\n<meta property=\"article:modified_time\" content=\"2025-05-18T19:44:44+00:00\" \/>\n<meta property=\"og:image\" content=\"https:\/\/vukmantrade.hr\/wp-content\/uploads\/2025\/05\/IMG-20250513-WA0003.jpg\" \/>\n\t<meta property=\"og:image:width\" content=\"828\" \/>\n\t<meta property=\"og:image:height\" content=\"889\" \/>\n\t<meta property=\"og:image:type\" content=\"image\/jpeg\" \/>\n<meta name=\"twitter:card\" content=\"summary_large_image\" \/>\n<meta name=\"twitter:label1\" content=\"Procijenjeno vrijeme \u010ditanja\" \/>\n\t<meta name=\"twitter:data1\" content=\"2 minute\" \/>\n<script type=\"application\/ld+json\" class=\"yoast-schema-graph\">{\"@context\":\"https:\/\/schema.org\",\"@graph\":[{\"@type\":\"WebPage\",\"@id\":\"https:\/\/vukmantrade.hr\/en\/product\/sony-ult-wear-wh-ult900n\/\",\"url\":\"https:\/\/vukmantrade.hr\/en\/product\/sony-ult-wear-wh-ult900n\/\",\"name\":\"Sony ULT Wear (WH-ULT900N) - Bear Hunter\",\"isPartOf\":{\"@id\":\"https:\/\/vukmantrade.hr\/en_gb\/#website\"},\"primaryImageOfPage\":{\"@id\":\"https:\/\/vukmantrade.hr\/en\/product\/sony-ult-wear-wh-ult900n\/#primaryimage\"},\"image\":{\"@id\":\"https:\/\/vukmantrade.hr\/en\/product\/sony-ult-wear-wh-ult900n\/#primaryimage\"},\"thumbnailUrl\":\"https:\/\/vukmantrade.hr\/wp-content\/uploads\/2025\/05\/IMG-20250513-WA0003.jpg\",\"datePublished\":\"2025-05-18T18:37:15+00:00\",\"dateModified\":\"2025-05-18T19:44:44+00:00\",\"description\":\"Bear Hunter - Sony ULT Wear (WH-ULT900N) Equipped with the integrated V1 processor and dual noise sensors, these headphones effectively reduce ambient noise\",\"breadcrumb\":{\"@id\":\"https:\/\/vukmantrade.hr\/en\/product\/sony-ult-wear-wh-ult900n\/#breadcrumb\"},\"inLanguage\":\"hr\",\"potentialAction\":[{\"@type\":\"ReadAction\",\"target\":[\"https:\/\/vukmantrade.hr\/en\/product\/sony-ult-wear-wh-ult900n\/\"]}]},{\"@type\":\"ImageObject\",\"inLanguage\":\"hr\",\"@id\":\"https:\/\/vukmantrade.hr\/en\/product\/sony-ult-wear-wh-ult900n\/#primaryimage\",\"url\":\"https:\/\/vukmantrade.hr\/wp-content\/uploads\/2025\/05\/IMG-20250513-WA0003.jpg\",\"contentUrl\":\"https:\/\/vukmantrade.hr\/wp-content\/uploads\/2025\/05\/IMG-20250513-WA0003.jpg\",\"width\":828,\"height\":889,\"caption\":\"Sony ULT Wear (WH-ULT900N)\"},{\"@type\":\"BreadcrumbList\",\"@id\":\"https:\/\/vukmantrade.hr\/en\/product\/sony-ult-wear-wh-ult900n\/#breadcrumb\",\"itemListElement\":[{\"@type\":\"ListItem\",\"position\":1,\"name\":\"Home\",\"item\":\"https:\/\/vukmantrade.hr\/\"},{\"@type\":\"ListItem\",\"position\":2,\"name\":\"Shop\",\"item\":\"https:\/\/vukmantrade.hr\/en_gb\/shop\/\"},{\"@type\":\"ListItem\",\"position\":3,\"name\":\"Sony ULT Wear (WH-ULT900N)\"}]},{\"@type\":\"WebSite\",\"@id\":\"https:\/\/vukmantrade.hr\/en_gb\/#website\",\"url\":\"https:\/\/vukmantrade.hr\/en_gb\/\",\"name\":\"Bear Hunter\",\"description\":\"Into the Wild, Armed with the Best.\",\"publisher\":{\"@id\":\"https:\/\/vukmantrade.hr\/en_gb\/#organization\"},\"potentialAction\":[{\"@type\":\"SearchAction\",\"target\":{\"@type\":\"EntryPoint\",\"urlTemplate\":\"https:\/\/vukmantrade.hr\/en_gb\/?s={search_term_string}\"},\"query-input\":{\"@type\":\"PropertyValueSpecification\",\"valueRequired\":true,\"valueName\":\"search_term_string\"}}],\"inLanguage\":\"hr\"},{\"@type\":\"Organization\",\"@id\":\"https:\/\/vukmantrade.hr\/en_gb\/#organization\",\"name\":\"Bear Hunter\",\"url\":\"https:\/\/vukmantrade.hr\/en_gb\/\",\"logo\":{\"@type\":\"ImageObject\",\"inLanguage\":\"hr\",\"@id\":\"https:\/\/vukmantrade.hr\/en_gb\/#\/schema\/logo\/image\/\",\"url\":\"https:\/\/vukmantrade.hr\/wp-content\/uploads\/2025\/05\/cropped-WhatsApp_Slika_2025-05-08_u_10.24.59_0f4d2b06-removebg-preview-1.png\",\"contentUrl\":\"https:\/\/vukmantrade.hr\/wp-content\/uploads\/2025\/05\/cropped-WhatsApp_Slika_2025-05-08_u_10.24.59_0f4d2b06-removebg-preview-1.png\",\"width\":660,\"height\":220,\"caption\":\"Bear Hunter\"},\"image\":{\"@id\":\"https:\/\/vukmantrade.hr\/en_gb\/#\/schema\/logo\/image\/\"}}]}<\/script>\n<!-- \/ Yoast SEO plugin. -->","yoast_head_json":{"title":"Sony ULT Wear (WH-ULT900N) - Bear Hunter","description":"Bear Hunter - Sony ULT Wear (WH-ULT900N) Equipped with the integrated V1 processor and dual noise sensors, these headphones effectively reduce ambient noise","robots":{"index":"index","follow":"follow","max-snippet":"max-snippet:-1","max-image-preview":"max-image-preview:large","max-video-preview":"max-video-preview:-1"},"canonical":"https:\/\/vukmantrade.hr\/hr\/proizvod\/sony-ult-wear-wh-ult900n\/","og_locale":"hr_HR","og_type":"article","og_title":"Sony ULT Wear (WH-ULT900N) - Bear Hunter","og_description":"Bear Hunter - Sony ULT Wear (WH-ULT900N) Equipped with the integrated V1 processor and dual noise sensors, these headphones effectively reduce ambient noise","og_url":"https:\/\/vukmantrade.hr\/hr\/proizvod\/sony-ult-wear-wh-ult900n\/","og_site_name":"Bear Hunter","article_modified_time":"2025-05-18T19:44:44+00:00","og_image":[{"width":828,"height":889,"url":"https:\/\/vukmantrade.hr\/wp-content\/uploads\/2025\/05\/IMG-20250513-WA0003.jpg","type":"image\/jpeg"}],"twitter_card":"summary_large_image","twitter_misc":{"Procijenjeno vrijeme \u010ditanja":"2 minute"},"schema":{"@context":"https:\/\/schema.org","@graph":[{"@type":"WebPage","@id":"https:\/\/vukmantrade.hr\/en\/product\/sony-ult-wear-wh-ult900n\/","url":"https:\/\/vukmantrade.hr\/en\/product\/sony-ult-wear-wh-ult900n\/","name":"Sony ULT Wear (WH-ULT900N) - Bear Hunter","isPartOf":{"@id":"https:\/\/vukmantrade.hr\/en_gb\/#website"},"primaryImageOfPage":{"@id":"https:\/\/vukmantrade.hr\/en\/product\/sony-ult-wear-wh-ult900n\/#primaryimage"},"image":{"@id":"https:\/\/vukmantrade.hr\/en\/product\/sony-ult-wear-wh-ult900n\/#primaryimage"},"thumbnailUrl":"https:\/\/vukmantrade.hr\/wp-content\/uploads\/2025\/05\/IMG-20250513-WA0003.jpg","datePublished":"2025-05-18T18:37:15+00:00","dateModified":"2025-05-18T19:44:44+00:00","description":"Bear Hunter - Sony ULT Wear (WH-ULT900N) Equipped with the integrated V1 processor and dual noise sensors, these headphones effectively reduce ambient noise","breadcrumb":{"@id":"https:\/\/vukmantrade.hr\/en\/product\/sony-ult-wear-wh-ult900n\/#breadcrumb"},"inLanguage":"hr","potentialAction":[{"@type":"ReadAction","target":["https:\/\/vukmantrade.hr\/en\/product\/sony-ult-wear-wh-ult900n\/"]}]},{"@type":"ImageObject","inLanguage":"hr","@id":"https:\/\/vukmantrade.hr\/en\/product\/sony-ult-wear-wh-ult900n\/#primaryimage","url":"https:\/\/vukmantrade.hr\/wp-content\/uploads\/2025\/05\/IMG-20250513-WA0003.jpg","contentUrl":"https:\/\/vukmantrade.hr\/wp-content\/uploads\/2025\/05\/IMG-20250513-WA0003.jpg","width":828,"height":889,"caption":"Sony ULT Wear (WH-ULT900N)"},{"@type":"BreadcrumbList","@id":"https:\/\/vukmantrade.hr\/en\/product\/sony-ult-wear-wh-ult900n\/#breadcrumb","itemListElement":[{"@type":"ListItem","position":1,"name":"Home","item":"https:\/\/vukmantrade.hr\/"},{"@type":"ListItem","position":2,"name":"Shop","item":"https:\/\/vukmantrade.hr\/en_gb\/shop\/"},{"@type":"ListItem","position":3,"name":"Sony ULT Wear (WH-ULT900N)"}]},{"@type":"WebSite","@id":"https:\/\/vukmantrade.hr\/en_gb\/#website","url":"https:\/\/vukmantrade.hr\/en_gb\/","name":"Bear Hunter","description":"Into the Wild, Armed with the Best.","publisher":{"@id":"https:\/\/vukmantrade.hr\/en_gb\/#organization"},"potentialAction":[{"@type":"SearchAction","target":{"@type":"EntryPoint","urlTemplate":"https:\/\/vukmantrade.hr\/en_gb\/?s={search_term_string}"},"query-input":{"@type":"PropertyValueSpecification","valueRequired":true,"valueName":"search_term_string"}}],"inLanguage":"hr"},{"@type":"Organization","@id":"https:\/\/vukmantrade.hr\/en_gb\/#organization","name":"Bear Hunter","url":"https:\/\/vukmantrade.hr\/en_gb\/","logo":{"@type":"ImageObject","inLanguage":"hr","@id":"https:\/\/vukmantrade.hr\/en_gb\/#\/schema\/logo\/image\/","url":"https:\/\/vukmantrade.hr\/wp-content\/uploads\/2025\/05\/cropped-WhatsApp_Slika_2025-05-08_u_10.24.59_0f4d2b06-removebg-preview-1.png","contentUrl":"https:\/\/vukmantrade.hr\/wp-content\/uploads\/2025\/05\/cropped-WhatsApp_Slika_2025-05-08_u_10.24.59_0f4d2b06-removebg-preview-1.png","width":660,"height":220,"caption":"Bear Hunter"},"image":{"@id":"https:\/\/vukmantrade.hr\/en_gb\/#\/schema\/logo\/image\/"}}]}},"uagb_featured_image_src":{"full":["https:\/\/vukmantrade.hr\/wp-content\/uploads\/2025\/05\/IMG-20250513-WA0003.jpg",828,889,false],"thumbnail":["https:\/\/vukmantrade.hr\/wp-content\/uploads\/2025\/05\/IMG-20250513-WA0003-150x150.jpg",150,150,true],"medium":["https:\/\/vukmantrade.hr\/wp-content\/uploads\/2025\/05\/IMG-20250513-WA0003-279x300.jpg",279,300,true],"medium_large":["https:\/\/vukmantrade.hr\/wp-content\/uploads\/2025\/05\/IMG-20250513-WA0003-768x825.jpg",768,825,true],"large":["https:\/\/vukmantrade.hr\/wp-content\/uploads\/2025\/05\/IMG-20250513-WA0003.jpg",828,889,false],"1536x1536":["https:\/\/vukmantrade.hr\/wp-content\/uploads\/2025\/05\/IMG-20250513-WA0003.jpg",828,889,false],"2048x2048":["https:\/\/vukmantrade.hr\/wp-content\/uploads\/2025\/05\/IMG-20250513-WA0003.jpg",828,889,false],"trp-custom-language-flag":["https:\/\/vukmantrade.hr\/wp-content\/uploads\/2025\/05\/IMG-20250513-WA0003-11x12.jpg",11,12,true],"woocommerce_thumbnail":["https:\/\/vukmantrade.hr\/wp-content\/uploads\/2025\/05\/IMG-20250513-WA0003-300x300.jpg",300,300,true],"woocommerce_single":["https:\/\/vukmantrade.hr\/wp-content\/uploads\/2025\/05\/IMG-20250513-WA0003-600x644.jpg",600,644,true],"woocommerce_gallery_thumbnail":["https:\/\/vukmantrade.hr\/wp-content\/uploads\/2025\/05\/IMG-20250513-WA0003-100x100.jpg",100,100,true]},"uagb_author_info":{"display_name":"danijel.baltic@outlook.com","author_link":"https:\/\/vukmantrade.hr\/hr\/author\/"},"uagb_comment_info":0,"uagb_excerpt":"Sony ULT Wear headphones deliver powerful sound thanks to ULT POWER SOUND technology. With the press of the ULT button, you can choose between two sound modes (ULT1 and ULT2) for a personalized listening experience. Equipped with the integrated V1 processor and dual noise sensors, these headphones effectively reduce ambient noise.","_links":{"self":[{"href":"https:\/\/vukmantrade.hr\/hr\/wp-json\/wp\/v2\/product\/1525","targetHints":{"allow":["GET"]}}],"collection":[{"href":"https:\/\/vukmantrade.hr\/hr\/wp-json\/wp\/v2\/product"}],"about":[{"href":"https:\/\/vukmantrade.hr\/hr\/wp-json\/wp\/v2\/types\/product"}],"replies":[{"embeddable":true,"href":"https:\/\/vukmantrade.hr\/hr\/wp-json\/wp\/v2\/comments?post=1525"}],"wp:featuredmedia":[{"embeddable":true,"href":"https:\/\/vukmantrade.hr\/hr\/wp-json\/wp\/v2\/media\/1526"}],"wp:attachment":[{"href":"https:\/\/vukmantrade.hr\/hr\/wp-json\/wp\/v2\/media?parent=1525"}],"wp:term":[{"taxonomy":"product_brand","embeddable":true,"href":"https:\/\/vukmantrade.hr\/hr\/wp-json\/wp\/v2\/product_brand?post=1525"},{"taxonomy":"product_cat","embeddable":true,"href":"https:\/\/vukmantrade.hr\/hr\/wp-json\/wp\/v2\/product_cat?post=1525"},{"taxonomy":"product_tag","embeddable":true,"href":"https:\/\/vukmantrade.hr\/hr\/wp-json\/wp\/v2\/product_tag?post=1525"}],"curies":[{"name":"wp","href":"https:\/\/api.w.org\/{rel}","templated":true}]}}