{"id":1530,"date":"2025-05-13T12:43:15","date_gmt":"2025-05-13T13:43:15","guid":{"rendered":"https:\/\/vukmantrade.hr\/?post_type=product&#038;p=1530"},"modified":"2025-05-16T10:20:34","modified_gmt":"2025-05-16T11:20:34","slug":"audio-recorder","status":"publish","type":"product","link":"https:\/\/vukmantrade.hr\/hr\/proizvod\/audio-recorder\/","title":{"rendered":"Ure\u0111aj za snimanje zvuka"},"content":{"rendered":"<p class=\"\" data-start=\"52\" data-end=\"108\"><strong data-start=\"52\" data-end=\"108\">Ure\u0111aj za snimanje zvuka koji podr\u017eava rad s Bear Hunter poja\u010diva\u0107em<\/strong><\/p>\n<p class=\"\" data-start=\"110\" data-end=\"346\">Snima\u010d ima <strong data-start=\"135\" data-end=\"162\">jednostavno su\u010delje za kori\u0161tenje<\/strong> s <strong data-start=\"168\" data-end=\"202\">funkciom snimanja i spremanja jednim<\/strong> klikom. Podr\u017eava snimanje i putem <strong data-start=\"249\" data-end=\"266\">linijskog ulaza.<\/strong>.<br data-start=\"267\" data-end=\"270\" \/>Putem USB kabla se spaja <strong data-start=\"302\" data-end=\"315\">s ra\u010dunalom<\/strong>\u0161to omogu\u0107uje brzi prijenos datoteka.<\/p>\n<p class=\"\" data-start=\"348\" data-end=\"502\">Ovaj ure\u0111aj za snimanje zvuka podr\u017eava <strong data-start=\"370\" data-end=\"399\">glasovno aktiviranje snimanja<\/strong>, \u0161to zna\u010di da mo\u017ee i <strong data-start=\"416\" data-end=\"458\">automatski pokrenuti i zaustaviti snimanja<\/strong> kada dosegne postavljenu razinu decibela.<\/p>\n<p class=\"\" data-start=\"504\" data-end=\"665\">Snima\u010d ima mogu\u0107nost <strong data-start=\"519\" data-end=\"541\">internog snimanja<\/strong>, <strong data-start=\"543\" data-end=\"566\">segmentiranog snimanja<\/strong>i <strong data-start=\"572\" data-end=\"595\">zakazanog snimanja<\/strong> .<br data-start=\"602\" data-end=\"605\" \/>Karakterizira ga <strong data-start=\"625\" data-end=\"647\">visoka kvaliteta zvuka<\/strong> od <strong data-start=\"651\" data-end=\"664\">1536 kbps<\/strong>.<\/p>\n<p class=\"\" data-start=\"667\" data-end=\"824\">\u010cak i kada je proizvod isklju\u010den, <strong data-start=\"713\" data-end=\"782\">jednostavno pritisnite bo\u010dni gumb za snimanje prema gore<\/strong>i <strong data-start=\"788\" data-end=\"823\">zatim ga pritisnite prema dolje da biste spremili snimku<\/strong>.<\/p>\n<hr class=\"\" data-start=\"826\" data-end=\"829\" \/>\n<h3 class=\"\" data-start=\"831\" data-end=\"864\"><strong data-start=\"835\" data-end=\"864\">Tehni\u010dke specifikacije<\/strong><\/h3>\n<ul data-start=\"866\" data-end=\"949\">\n<li class=\"\" data-start=\"866\" data-end=\"899\">\n<p class=\"\" data-start=\"868\" data-end=\"899\"><strong data-start=\"868\" data-end=\"889\">Kapacitet baterije:<\/strong> 900 mAh<\/p>\n<\/li>\n<li class=\"\" data-start=\"900\" data-end=\"949\">\n<p class=\"\" data-start=\"902\" data-end=\"949\"><strong data-start=\"902\" data-end=\"932\">Mogu\u0107nost kontinuiranog snimanja:<\/strong> Do 48 sati<\/p>\n<\/li>\n<\/ul>\n<hr class=\"\" data-start=\"951\" data-end=\"954\" \/>\n<h3 class=\"\" data-start=\"956\" data-end=\"981\"><strong data-start=\"960\" data-end=\"981\">Paket uklju\u010duje:<\/strong><\/h3>\n<ul data-start=\"983\" data-end=\"1083\">\n<li class=\"\" data-start=\"983\" data-end=\"1004\">\n<p class=\"\" data-start=\"985\" data-end=\"1004\">1x ure\u0111aj za snimanje zvuka<\/p>\n<\/li>\n<li class=\"\" data-start=\"1005\" data-end=\"1021\">\n<p class=\"\" data-start=\"1007\" data-end=\"1021\">1x USB kabel<\/p>\n<\/li>\n<li class=\"\" data-start=\"1022\" data-end=\"1040\">\n<p class=\"\" data-start=\"1024\" data-end=\"1040\">1x audio kabel<\/p>\n<\/li>\n<li class=\"\" data-start=\"1041\" data-end=\"1064\">\n<p class=\"\" data-start=\"1043\" data-end=\"1064\">1x kabel za mikrofon<\/p>\n<\/li>\n<li class=\"\" data-start=\"1065\" data-end=\"1083\">\n<p class=\"\" data-start=\"1067\" data-end=\"1083\">1x korisni\u010dki priru\u010dnik<\/p>\n<\/li>\n<\/ul>","protected":false},"excerpt":{"rendered":"<p class=\"\" data-start=\"52\" data-end=\"108\"><strong data-start=\"52\" data-end=\"108\">Ure\u0111aj za snimanje zvuka koji podr\u017eava rad s Bear Hunter poja\u010diva\u0107em<\/strong><\/p>\n<p class=\"\" data-start=\"110\" data-end=\"346\">Snima\u010d ima <strong data-start=\"135\" data-end=\"162\">jednostavno su\u010delje za kori\u0161tenje<\/strong> s <strong data-start=\"168\" data-end=\"202\">funkciom snimanja i spremanja jednim<\/strong> klikom. Podr\u017eava snimanje i putem <strong data-start=\"249\" data-end=\"266\">linijskog ulaza.<\/strong>.<br data-start=\"267\" data-end=\"270\" \/>Putem USB kabla se spaja <strong data-start=\"302\" data-end=\"315\">s ra\u010dunalom<\/strong>\u0161to omogu\u0107uje brzi prijenos datoteka.<\/p>","protected":false},"featured_media":1531,"comment_status":"open","ping_status":"closed","template":"","meta":{"_uag_custom_page_level_css":"","site-sidebar-layout":"default","site-content-layout":"","ast-site-content-layout":"default","site-content-style":"default","site-sidebar-style":"default","ast-global-header-display":"","ast-banner-title-visibility":"","ast-main-header-display":"","ast-hfb-above-header-display":"","ast-hfb-below-header-display":"","ast-hfb-mobile-header-display":"","site-post-title":"","ast-breadcrumbs-content":"","ast-featured-img":"","footer-sml-layout":"","ast-disable-related-posts":"","theme-transparent-header-meta":"default","adv-header-id-meta":"","stick-header-meta":"","header-above-stick-meta":"","header-main-stick-meta":"","header-below-stick-meta":"","astra-migrate-meta-layouts":"set","ast-page-background-enabled":"default","ast-page-background-meta":{"desktop":{"background-color":"var(--ast-global-color-4)","background-image":"","background-repeat":"repeat","background-position":"center center","background-size":"auto","background-attachment":"scroll","background-type":"","background-media":"","overlay-type":"","overlay-color":"","overlay-opacity":"","overlay-gradient":""},"tablet":{"background-color":"","background-image":"","background-repeat":"repeat","background-position":"center center","background-size":"auto","background-attachment":"scroll","background-type":"","background-media":"","overlay-type":"","overlay-color":"","overlay-opacity":"","overlay-gradient":""},"mobile":{"background-color":"","background-image":"","background-repeat":"repeat","background-position":"center center","background-size":"auto","background-attachment":"scroll","background-type":"","background-media":"","overlay-type":"","overlay-color":"","overlay-opacity":"","overlay-gradient":""}},"ast-content-background-meta":{"desktop":{"background-color":"var(--ast-global-color-5)","background-image":"","background-repeat":"repeat","background-position":"center center","background-size":"auto","background-attachment":"scroll","background-type":"","background-media":"","overlay-type":"","overlay-color":"","overlay-opacity":"","overlay-gradient":""},"tablet":{"background-color":"var(--ast-global-color-5)","background-image":"","background-repeat":"repeat","background-position":"center center","background-size":"auto","background-attachment":"scroll","background-type":"","background-media":"","overlay-type":"","overlay-color":"","overlay-opacity":"","overlay-gradient":""},"mobile":{"background-color":"var(--ast-global-color-5)","background-image":"","background-repeat":"repeat","background-position":"center center","background-size":"auto","background-attachment":"scroll","background-type":"","background-media":"","overlay-type":"","overlay-color":"","overlay-opacity":"","overlay-gradient":""}}},"product_brand":[],"product_cat":[70],"product_tag":[71],"class_list":{"0":"post-1530","1":"product","2":"type-product","3":"status-publish","4":"has-post-thumbnail","6":"product_cat-audio-recorder","7":"product_tag-audio-recorder","8":"desktop-align-center","9":"tablet-align-center","10":"mobile-align-center","12":"first","13":"instock","14":"shipping-taxable","15":"purchasable","16":"product-type-simple"},"yoast_head":"<!-- This site is optimized with the Yoast SEO plugin v26.8 - https:\/\/yoast.com\/product\/yoast-seo-wordpress\/ -->\n<title>Audio Recorder - Bear Hunter<\/title>\n<meta name=\"description\" content=\"Bear Hunter - Audio Recorder - a user-friendly interface with one-click recording and saving functionality. It also supports recording via line-in input.\" \/>\n<meta name=\"robots\" content=\"index, follow, max-snippet:-1, max-image-preview:large, max-video-preview:-1\" \/>\n<link rel=\"canonical\" href=\"https:\/\/vukmantrade.hr\/hr\/proizvod\/audio-recorder\/\" \/>\n<meta property=\"og:locale\" content=\"hr_HR\" \/>\n<meta property=\"og:type\" content=\"article\" \/>\n<meta property=\"og:title\" content=\"Audio Recorder - Bear Hunter\" \/>\n<meta property=\"og:description\" content=\"Bear Hunter - Audio Recorder - a user-friendly interface with one-click recording and saving functionality. It also supports recording via line-in input.\" \/>\n<meta property=\"og:url\" content=\"https:\/\/vukmantrade.hr\/hr\/proizvod\/audio-recorder\/\" \/>\n<meta property=\"og:site_name\" content=\"Bear Hunter\" \/>\n<meta property=\"article:modified_time\" content=\"2025-05-16T11:20:34+00:00\" \/>\n<meta property=\"og:image\" content=\"https:\/\/vukmantrade.hr\/wp-content\/uploads\/2025\/05\/WhatsApp-Slika-2025-05-13-u-11.24.32_4249985e.jpg\" \/>\n\t<meta property=\"og:image:width\" content=\"739\" \/>\n\t<meta property=\"og:image:height\" content=\"798\" \/>\n\t<meta property=\"og:image:type\" content=\"image\/jpeg\" \/>\n<meta name=\"twitter:card\" content=\"summary_large_image\" \/>\n<meta name=\"twitter:label1\" content=\"Procijenjeno vrijeme \u010ditanja\" \/>\n\t<meta name=\"twitter:data1\" content=\"1 minuta\" \/>\n<script type=\"application\/ld+json\" class=\"yoast-schema-graph\">{\"@context\":\"https:\/\/schema.org\",\"@graph\":[{\"@type\":\"WebPage\",\"@id\":\"https:\/\/vukmantrade.hr\/hr\/proizvod\/audio-recorder\/\",\"url\":\"https:\/\/vukmantrade.hr\/hr\/proizvod\/audio-recorder\/\",\"name\":\"Audio Recorder - Bear Hunter\",\"isPartOf\":{\"@id\":\"https:\/\/vukmantrade.hr\/en_gb\/#website\"},\"primaryImageOfPage\":{\"@id\":\"https:\/\/vukmantrade.hr\/hr\/proizvod\/audio-recorder\/#primaryimage\"},\"image\":{\"@id\":\"https:\/\/vukmantrade.hr\/hr\/proizvod\/audio-recorder\/#primaryimage\"},\"thumbnailUrl\":\"https:\/\/vukmantrade.hr\/wp-content\/uploads\/2025\/05\/WhatsApp-Slika-2025-05-13-u-11.24.32_4249985e.jpg\",\"datePublished\":\"2025-05-13T13:43:15+00:00\",\"dateModified\":\"2025-05-16T11:20:34+00:00\",\"description\":\"Bear Hunter - Audio Recorder - a user-friendly interface with one-click recording and saving functionality. It also supports recording via line-in input.\",\"breadcrumb\":{\"@id\":\"https:\/\/vukmantrade.hr\/hr\/proizvod\/audio-recorder\/#breadcrumb\"},\"inLanguage\":\"hr\",\"potentialAction\":[{\"@type\":\"ReadAction\",\"target\":[\"https:\/\/vukmantrade.hr\/hr\/proizvod\/audio-recorder\/\"]}]},{\"@type\":\"ImageObject\",\"inLanguage\":\"hr\",\"@id\":\"https:\/\/vukmantrade.hr\/hr\/proizvod\/audio-recorder\/#primaryimage\",\"url\":\"https:\/\/vukmantrade.hr\/wp-content\/uploads\/2025\/05\/WhatsApp-Slika-2025-05-13-u-11.24.32_4249985e.jpg\",\"contentUrl\":\"https:\/\/vukmantrade.hr\/wp-content\/uploads\/2025\/05\/WhatsApp-Slika-2025-05-13-u-11.24.32_4249985e.jpg\",\"width\":739,\"height\":798,\"caption\":\"Audio Recorder\"},{\"@type\":\"BreadcrumbList\",\"@id\":\"https:\/\/vukmantrade.hr\/hr\/proizvod\/audio-recorder\/#breadcrumb\",\"itemListElement\":[{\"@type\":\"ListItem\",\"position\":1,\"name\":\"Home\",\"item\":\"https:\/\/vukmantrade.hr\/\"},{\"@type\":\"ListItem\",\"position\":2,\"name\":\"Shop\",\"item\":\"https:\/\/vukmantrade.hr\/en_gb\/shop\/\"},{\"@type\":\"ListItem\",\"position\":3,\"name\":\"Audio Recorder\"}]},{\"@type\":\"WebSite\",\"@id\":\"https:\/\/vukmantrade.hr\/en_gb\/#website\",\"url\":\"https:\/\/vukmantrade.hr\/en_gb\/\",\"name\":\"Bear Hunter\",\"description\":\"Into the Wild, Armed with the Best.\",\"publisher\":{\"@id\":\"https:\/\/vukmantrade.hr\/en_gb\/#organization\"},\"potentialAction\":[{\"@type\":\"SearchAction\",\"target\":{\"@type\":\"EntryPoint\",\"urlTemplate\":\"https:\/\/vukmantrade.hr\/en_gb\/?s={search_term_string}\"},\"query-input\":{\"@type\":\"PropertyValueSpecification\",\"valueRequired\":true,\"valueName\":\"search_term_string\"}}],\"inLanguage\":\"hr\"},{\"@type\":\"Organization\",\"@id\":\"https:\/\/vukmantrade.hr\/en_gb\/#organization\",\"name\":\"Bear Hunter\",\"url\":\"https:\/\/vukmantrade.hr\/en_gb\/\",\"logo\":{\"@type\":\"ImageObject\",\"inLanguage\":\"hr\",\"@id\":\"https:\/\/vukmantrade.hr\/en_gb\/#\/schema\/logo\/image\/\",\"url\":\"https:\/\/vukmantrade.hr\/wp-content\/uploads\/2025\/05\/cropped-WhatsApp_Slika_2025-05-08_u_10.24.59_0f4d2b06-removebg-preview-1.png\",\"contentUrl\":\"https:\/\/vukmantrade.hr\/wp-content\/uploads\/2025\/05\/cropped-WhatsApp_Slika_2025-05-08_u_10.24.59_0f4d2b06-removebg-preview-1.png\",\"width\":660,\"height\":220,\"caption\":\"Bear Hunter\"},\"image\":{\"@id\":\"https:\/\/vukmantrade.hr\/en_gb\/#\/schema\/logo\/image\/\"}}]}<\/script>\n<!-- \/ Yoast SEO plugin. -->","yoast_head_json":{"title":"Audio Recorder - Bear Hunter","description":"Bear Hunter - Audio Recorder - a user-friendly interface with one-click recording and saving functionality. It also supports recording via line-in input.","robots":{"index":"index","follow":"follow","max-snippet":"max-snippet:-1","max-image-preview":"max-image-preview:large","max-video-preview":"max-video-preview:-1"},"canonical":"https:\/\/vukmantrade.hr\/hr\/proizvod\/audio-recorder\/","og_locale":"hr_HR","og_type":"article","og_title":"Audio Recorder - Bear Hunter","og_description":"Bear Hunter - Audio Recorder - a user-friendly interface with one-click recording and saving functionality. It also supports recording via line-in input.","og_url":"https:\/\/vukmantrade.hr\/hr\/proizvod\/audio-recorder\/","og_site_name":"Bear Hunter","article_modified_time":"2025-05-16T11:20:34+00:00","og_image":[{"width":739,"height":798,"url":"https:\/\/vukmantrade.hr\/wp-content\/uploads\/2025\/05\/WhatsApp-Slika-2025-05-13-u-11.24.32_4249985e.jpg","type":"image\/jpeg"}],"twitter_card":"summary_large_image","twitter_misc":{"Procijenjeno vrijeme \u010ditanja":"1 minuta"},"schema":{"@context":"https:\/\/schema.org","@graph":[{"@type":"WebPage","@id":"https:\/\/vukmantrade.hr\/hr\/proizvod\/audio-recorder\/","url":"https:\/\/vukmantrade.hr\/hr\/proizvod\/audio-recorder\/","name":"Audio Recorder - Bear Hunter","isPartOf":{"@id":"https:\/\/vukmantrade.hr\/en_gb\/#website"},"primaryImageOfPage":{"@id":"https:\/\/vukmantrade.hr\/hr\/proizvod\/audio-recorder\/#primaryimage"},"image":{"@id":"https:\/\/vukmantrade.hr\/hr\/proizvod\/audio-recorder\/#primaryimage"},"thumbnailUrl":"https:\/\/vukmantrade.hr\/wp-content\/uploads\/2025\/05\/WhatsApp-Slika-2025-05-13-u-11.24.32_4249985e.jpg","datePublished":"2025-05-13T13:43:15+00:00","dateModified":"2025-05-16T11:20:34+00:00","description":"Bear Hunter - Audio Recorder - a user-friendly interface with one-click recording and saving functionality. It also supports recording via line-in input.","breadcrumb":{"@id":"https:\/\/vukmantrade.hr\/hr\/proizvod\/audio-recorder\/#breadcrumb"},"inLanguage":"hr","potentialAction":[{"@type":"ReadAction","target":["https:\/\/vukmantrade.hr\/hr\/proizvod\/audio-recorder\/"]}]},{"@type":"ImageObject","inLanguage":"hr","@id":"https:\/\/vukmantrade.hr\/hr\/proizvod\/audio-recorder\/#primaryimage","url":"https:\/\/vukmantrade.hr\/wp-content\/uploads\/2025\/05\/WhatsApp-Slika-2025-05-13-u-11.24.32_4249985e.jpg","contentUrl":"https:\/\/vukmantrade.hr\/wp-content\/uploads\/2025\/05\/WhatsApp-Slika-2025-05-13-u-11.24.32_4249985e.jpg","width":739,"height":798,"caption":"Audio Recorder"},{"@type":"BreadcrumbList","@id":"https:\/\/vukmantrade.hr\/hr\/proizvod\/audio-recorder\/#breadcrumb","itemListElement":[{"@type":"ListItem","position":1,"name":"Home","item":"https:\/\/vukmantrade.hr\/"},{"@type":"ListItem","position":2,"name":"Shop","item":"https:\/\/vukmantrade.hr\/en_gb\/shop\/"},{"@type":"ListItem","position":3,"name":"Audio Recorder"}]},{"@type":"WebSite","@id":"https:\/\/vukmantrade.hr\/en_gb\/#website","url":"https:\/\/vukmantrade.hr\/en_gb\/","name":"Bear Hunter","description":"Into the Wild, Armed with the Best.","publisher":{"@id":"https:\/\/vukmantrade.hr\/en_gb\/#organization"},"potentialAction":[{"@type":"SearchAction","target":{"@type":"EntryPoint","urlTemplate":"https:\/\/vukmantrade.hr\/en_gb\/?s={search_term_string}"},"query-input":{"@type":"PropertyValueSpecification","valueRequired":true,"valueName":"search_term_string"}}],"inLanguage":"hr"},{"@type":"Organization","@id":"https:\/\/vukmantrade.hr\/en_gb\/#organization","name":"Bear Hunter","url":"https:\/\/vukmantrade.hr\/en_gb\/","logo":{"@type":"ImageObject","inLanguage":"hr","@id":"https:\/\/vukmantrade.hr\/en_gb\/#\/schema\/logo\/image\/","url":"https:\/\/vukmantrade.hr\/wp-content\/uploads\/2025\/05\/cropped-WhatsApp_Slika_2025-05-08_u_10.24.59_0f4d2b06-removebg-preview-1.png","contentUrl":"https:\/\/vukmantrade.hr\/wp-content\/uploads\/2025\/05\/cropped-WhatsApp_Slika_2025-05-08_u_10.24.59_0f4d2b06-removebg-preview-1.png","width":660,"height":220,"caption":"Bear Hunter"},"image":{"@id":"https:\/\/vukmantrade.hr\/en_gb\/#\/schema\/logo\/image\/"}}]}},"uagb_featured_image_src":{"full":["https:\/\/vukmantrade.hr\/wp-content\/uploads\/2025\/05\/WhatsApp-Slika-2025-05-13-u-11.24.32_4249985e.jpg",739,798,false],"thumbnail":["https:\/\/vukmantrade.hr\/wp-content\/uploads\/2025\/05\/WhatsApp-Slika-2025-05-13-u-11.24.32_4249985e-150x150.jpg",150,150,true],"medium":["https:\/\/vukmantrade.hr\/wp-content\/uploads\/2025\/05\/WhatsApp-Slika-2025-05-13-u-11.24.32_4249985e-278x300.jpg",278,300,true],"medium_large":["https:\/\/vukmantrade.hr\/wp-content\/uploads\/2025\/05\/WhatsApp-Slika-2025-05-13-u-11.24.32_4249985e.jpg",739,798,false],"large":["https:\/\/vukmantrade.hr\/wp-content\/uploads\/2025\/05\/WhatsApp-Slika-2025-05-13-u-11.24.32_4249985e.jpg",739,798,false],"1536x1536":["https:\/\/vukmantrade.hr\/wp-content\/uploads\/2025\/05\/WhatsApp-Slika-2025-05-13-u-11.24.32_4249985e.jpg",739,798,false],"2048x2048":["https:\/\/vukmantrade.hr\/wp-content\/uploads\/2025\/05\/WhatsApp-Slika-2025-05-13-u-11.24.32_4249985e.jpg",739,798,false],"trp-custom-language-flag":["https:\/\/vukmantrade.hr\/wp-content\/uploads\/2025\/05\/WhatsApp-Slika-2025-05-13-u-11.24.32_4249985e-11x12.jpg",11,12,true],"woocommerce_thumbnail":["https:\/\/vukmantrade.hr\/wp-content\/uploads\/2025\/05\/WhatsApp-Slika-2025-05-13-u-11.24.32_4249985e-300x300.jpg",300,300,true],"woocommerce_single":["https:\/\/vukmantrade.hr\/wp-content\/uploads\/2025\/05\/WhatsApp-Slika-2025-05-13-u-11.24.32_4249985e-600x648.jpg",600,648,true],"woocommerce_gallery_thumbnail":["https:\/\/vukmantrade.hr\/wp-content\/uploads\/2025\/05\/WhatsApp-Slika-2025-05-13-u-11.24.32_4249985e-100x100.jpg",100,100,true]},"uagb_author_info":{"display_name":"danijel.baltic@outlook.com","author_link":"https:\/\/vukmantrade.hr\/hr\/author\/"},"uagb_comment_info":0,"uagb_excerpt":"Audio Recorder Compatible with Bear Hunter Amplifier This recorder features a user-friendly interface with one-click recording and saving functionality. It also supports recording via line-in input.It connects to a computer via a USB cable, enabling fast file transfers.","_links":{"self":[{"href":"https:\/\/vukmantrade.hr\/hr\/wp-json\/wp\/v2\/product\/1530","targetHints":{"allow":["GET"]}}],"collection":[{"href":"https:\/\/vukmantrade.hr\/hr\/wp-json\/wp\/v2\/product"}],"about":[{"href":"https:\/\/vukmantrade.hr\/hr\/wp-json\/wp\/v2\/types\/product"}],"replies":[{"embeddable":true,"href":"https:\/\/vukmantrade.hr\/hr\/wp-json\/wp\/v2\/comments?post=1530"}],"wp:featuredmedia":[{"embeddable":true,"href":"https:\/\/vukmantrade.hr\/hr\/wp-json\/wp\/v2\/media\/1531"}],"wp:attachment":[{"href":"https:\/\/vukmantrade.hr\/hr\/wp-json\/wp\/v2\/media?parent=1530"}],"wp:term":[{"taxonomy":"product_brand","embeddable":true,"href":"https:\/\/vukmantrade.hr\/hr\/wp-json\/wp\/v2\/product_brand?post=1530"},{"taxonomy":"product_cat","embeddable":true,"href":"https:\/\/vukmantrade.hr\/hr\/wp-json\/wp\/v2\/product_cat?post=1530"},{"taxonomy":"product_tag","embeddable":true,"href":"https:\/\/vukmantrade.hr\/hr\/wp-json\/wp\/v2\/product_tag?post=1530"}],"curies":[{"name":"wp","href":"https:\/\/api.w.org\/{rel}","templated":true}]}}