{"id":1540,"date":"2025-05-13T13:01:45","date_gmt":"2025-05-13T14:01:45","guid":{"rendered":"https:\/\/vukmantrade.hr\/?post_type=product&#038;p=1540"},"modified":"2025-05-16T10:58:50","modified_gmt":"2025-05-16T11:58:50","slug":"baofeng-uv-21-pro-two-way-radio-walkie-talkie","status":"publish","type":"product","link":"https:\/\/vukmantrade.hr\/hr\/proizvod\/baofeng-uv-21-pro-two-way-radio-walkie-talkie\/","title":{"rendered":"Baofeng UV-21 Pro Dvosmjerni Radio (Walkie Talkie)"},"content":{"rendered":"<p class=\"\" data-start=\"52\" data-end=\"103\"><strong data-start=\"52\" data-end=\"103\">Baofeng UV-21 Pro Dvosmjerni Radio (Walkie Talkie)<\/strong><\/p>\n<p class=\"\" data-start=\"105\" data-end=\"364\"><strong>Baofeng UV-21 Pro<\/strong> omogu\u0107uje dvosmjernu komunikaciju u rasponu <strong data-start=\"168\" data-end=\"189\">od 136 do 174 MHz (VHF)<\/strong> i <strong data-start=\"194\" data-end=\"215\">400\u2013520 MHz (UHF)<\/strong> \u0161to ga \u010dini idealnim za kori\u0161tenje u razli\u010ditim uvjetima i za razli\u010dite aktivnosti poput planinarenja, lova, skijanja, za\u0161tite, radnih okru\u017eenja i jo\u0161 mnogo toga.<\/p>\n<p class=\"\" data-start=\"366\" data-end=\"659\">Ovaj ure\u0111aj podr\u017eava funkcije kao \u0161to su <strong data-start=\"401\" data-end=\"417\">Dual-Standby,<\/strong>, <strong data-start=\"419\" data-end=\"432\">dual-band,<\/strong>, <strong data-start=\"434\" data-end=\"446\">FM radio<\/strong>, a tu je i funkcija osvetljavanja zaslona koja omogu\u0107uje lak\u0161e kori\u0161tenje u mraku. Baofeng UV-21 Pro je vrlo jednostavan za kori\u0161tenje i omogu\u0107uje brzo povezivanje s drugim ure\u0111ajima, \u0161to ga \u010dini izuzetno prakti\u010dnim za svakodnevnu upotrebu.<\/p>\n<hr class=\"\" data-start=\"661\" data-end=\"664\" \/>\n<h3 class=\"\" data-start=\"666\" data-end=\"708\"><strong data-start=\"670\" data-end=\"708\">Specifikacija \u2013 Baofeng UV-21 Pro<\/strong><\/h3>\n<p class=\"\" data-start=\"710\" data-end=\"727\"><strong data-start=\"710\" data-end=\"727\">Dvosmjerni Radio<\/strong><\/p>\n<p class=\"\" data-start=\"729\" data-end=\"749\"><strong data-start=\"729\" data-end=\"749\">Frekvencijski opseg:<\/strong><\/p>\n<ul data-start=\"750\" data-end=\"791\">\n<li class=\"\" data-start=\"750\" data-end=\"770\">\n<p class=\"\" data-start=\"752\" data-end=\"770\">VHF: 136-174 MHz<\/p>\n<\/li>\n<li class=\"\" data-start=\"771\" data-end=\"791\">\n<p class=\"\" data-start=\"773\" data-end=\"791\">UHF: 400-520 MHz<\/p>\n<\/li>\n<\/ul>\n<p class=\"\" data-start=\"793\" data-end=\"806\"><strong data-start=\"793\" data-end=\"806\">Kanali:<\/strong><\/p>\n<ul data-start=\"807\" data-end=\"836\">\n<li class=\"\" data-start=\"807\" data-end=\"836\">\n<p class=\"\" data-start=\"809\" data-end=\"836\">Do 128 memorijskih kanala<\/p>\n<\/li>\n<\/ul>\n<p class=\"\" data-start=\"838\" data-end=\"855\"><strong data-start=\"838\" data-end=\"855\">Izlazna snaga:<\/strong><\/p>\n<ul data-start=\"856\" data-end=\"868\">\n<li class=\"\" data-start=\"856\" data-end=\"868\">\n<p class=\"\" data-start=\"858\" data-end=\"868\">5W \u2013 10W<\/p>\n<\/li>\n<\/ul>\n<p class=\"\" data-start=\"870\" data-end=\"899\"><strong data-start=\"870\" data-end=\"899\">Dual Band i Dual Standby:<\/strong><\/p>\n<ul data-start=\"900\" data-end=\"1000\">\n<li class=\"\" data-start=\"900\" data-end=\"1000\">\n<p class=\"\" data-start=\"902\" data-end=\"1000\">Podr\u0161ka za rad na dvije frekvencije istovremeno, omogu\u0107uju\u0107i bolju fleksibilnost u komunikaciji.<\/p>\n<\/li>\n<\/ul>\n<p class=\"\" data-start=\"1002\" data-end=\"1015\"><strong data-start=\"1002\" data-end=\"1015\">FM Radio:<\/strong><\/p>\n<ul data-start=\"1016\" data-end=\"1113\">\n<li class=\"\" data-start=\"1016\" data-end=\"1113\">\n<p class=\"\" data-start=\"1018\" data-end=\"1113\">FM radio prijemnik (65-108 MHz) za zabavu i informiranje kad nije u komunikaciji.<\/p>\n<\/li>\n<\/ul>\n<p class=\"\" data-start=\"1115\" data-end=\"1127\"><strong data-start=\"1115\" data-end=\"1127\">Zaslon:<\/strong><\/p>\n<ul data-start=\"1128\" data-end=\"1193\">\n<li class=\"\" data-start=\"1128\" data-end=\"1193\">\n<p class=\"\" data-start=\"1130\" data-end=\"1193\">LCD zaslon s pozadinskim osvjetljenjem za lak\u0161e kori\u0161tenje u tamnim uvjetima.<\/p>\n<\/li>\n<\/ul>\n<p class=\"\" data-start=\"1195\" data-end=\"1215\"><strong data-start=\"1195\" data-end=\"1215\">Razli\u010diti modovi rada:<\/strong><\/p>\n<ul data-start=\"1216\" data-end=\"1346\">\n<li class=\"\" data-start=\"1216\" data-end=\"1275\">\n<p class=\"\" data-start=\"1218\" data-end=\"1275\">CTCSS\/DCS tonovi za privatnost i sprje\u010davanje interferencija<\/p>\n<\/li>\n<li class=\"\" data-start=\"1276\" data-end=\"1317\">\n<p class=\"\" data-start=\"1278\" data-end=\"1317\">VOX funkcija za hands-free komunikaciju<\/p>\n<\/li>\n<li class=\"\" data-start=\"1318\" data-end=\"1346\">\n<p class=\"\" data-start=\"1320\" data-end=\"1346\">Alarmna funkcija za hitne slu\u010dajeve<\/p>\n<\/li>\n<\/ul>\n<p class=\"\" data-start=\"1348\" data-end=\"1360\"><strong data-start=\"1348\" data-end=\"1360\">Baterija:<\/strong><\/p>\n<ul data-start=\"1361\" data-end=\"1434\">\n<li class=\"\" data-start=\"1361\" data-end=\"1434\">\n<p class=\"\" data-start=\"1363\" data-end=\"1434\">Litij-ionska baterija od 2000 mAh koja omogu\u0107uje dugotrajan rad (do 12 sati u standardnoj upotrebi)<\/p>\n<\/li>\n<\/ul>\n<p class=\"\" data-start=\"1436\" data-end=\"1454\"><strong data-start=\"1436\" data-end=\"1454\">Maksimalni domet:<\/strong><\/p>\n<ul data-start=\"1455\" data-end=\"1536\">\n<li class=\"\" data-start=\"1455\" data-end=\"1506\">\n<p class=\"\" data-start=\"1457\" data-end=\"1506\">Uvjeti u otvorenom prostoru: 5 km -10 km (ovisi o terenu)<\/p>\n<\/li>\n<li class=\"\" data-start=\"1507\" data-end=\"1536\">\n<p class=\"\" data-start=\"1509\" data-end=\"1536\">U urbanim podru\u010djima: do 1-2 km<\/p>\n<\/li>\n<\/ul>\n<p class=\"\" data-start=\"1538\" data-end=\"1551\"><strong data-start=\"1538\" data-end=\"1551\">Upravlja\u010dke tipke:<\/strong><\/p>\n<ul data-start=\"1552\" data-end=\"1625\">\n<li class=\"\" data-start=\"1552\" data-end=\"1625\">\n<p class=\"\" data-start=\"1554\" data-end=\"1625\">Tipke za brzo pode\u0161avanje ja\u010dine zvuka, kanala i druge funkcionalnosti<\/p>\n<\/li>\n<\/ul>\n<p class=\"\" data-start=\"1627\" data-end=\"1652\"><strong data-start=\"1627\" data-end=\"1652\">Zvu\u010dnik i mikrofon:<\/strong><\/p>\n<ul data-start=\"1653\" data-end=\"1744\">\n<li class=\"\" data-start=\"1653\" data-end=\"1710\">\n<p class=\"\" data-start=\"1655\" data-end=\"1710\">Ugra\u0111eni zvu\u010dnik visoke kvalitete za jasnu komunikaciju<\/p>\n<\/li>\n<li class=\"\" data-start=\"1711\" data-end=\"1744\">\n<p class=\"\" data-start=\"1713\" data-end=\"1744\">Priklju\u010dak za vanjski mikrofon i slu\u0161alice<\/p>\n<\/li>\n<\/ul>\n<p class=\"\" data-start=\"1746\" data-end=\"1761\"><strong data-start=\"1746\" data-end=\"1761\">Dimenzije:<\/strong><\/p>\n<ul data-start=\"1762\" data-end=\"1813\">\n<li class=\"\" data-start=\"1762\" data-end=\"1813\">\n<p class=\"\" data-start=\"1764\" data-end=\"1813\">120 mm (visina) x 58 mm (\u0161irina) x 37 mm (dubina)<\/p>\n<\/li>\n<\/ul>\n<p class=\"\" data-start=\"1815\" data-end=\"1826\"><strong data-start=\"1815\" data-end=\"1826\">Te\u017eina:<\/strong><\/p>\n<ul data-start=\"1827\" data-end=\"1851\">\n<li class=\"\" data-start=\"1827\" data-end=\"1851\">\n<p class=\"\" data-start=\"1829\" data-end=\"1851\">210 g (sa baterijom)<\/p>\n<\/li>\n<\/ul>\n<p class=\"\" data-start=\"1853\" data-end=\"1868\"><strong data-start=\"1853\" data-end=\"1868\">Za\u0161tita:<\/strong><\/p>\n<ul data-start=\"1869\" data-end=\"1937\">\n<li class=\"\" data-start=\"1869\" data-end=\"1937\">\n<p class=\"\" data-start=\"1871\" data-end=\"1937\">IP54 za\u0161tita od prskanja vode i pra\u0161ine, pogodno za vanjske uvjete<\/p>\n<\/li>\n<\/ul>\n<hr class=\"\" data-start=\"1939\" data-end=\"1942\" \/>\n<h3 class=\"\" data-start=\"1944\" data-end=\"1969\"><strong data-start=\"1948\" data-end=\"1969\">Paket uklju\u010duje:<\/strong><\/h3>\n<ul data-start=\"1970\" data-end=\"2115\">\n<li class=\"\" data-start=\"1970\" data-end=\"2000\">\n<p class=\"\" data-start=\"1972\" data-end=\"2000\">1x Baofeng UV-21 Pro radio<\/p>\n<\/li>\n<li class=\"\" data-start=\"2001\" data-end=\"2015\">\n<p class=\"\" data-start=\"2003\" data-end=\"2015\">1x Antena<\/p>\n<\/li>\n<li class=\"\" data-start=\"2016\" data-end=\"2051\">\n<p class=\"\" data-start=\"2018\" data-end=\"2051\">1x Litij-ionska baterija 2000mAh<\/p>\n<\/li>\n<li class=\"\" data-start=\"2052\" data-end=\"2074\">\n<p class=\"\" data-start=\"2054\" data-end=\"2074\">1x Desktop punja\u010d<\/p>\n<\/li>\n<li class=\"\" data-start=\"2075\" data-end=\"2096\">\n<p class=\"\" data-start=\"2077\" data-end=\"2096\">1x Remen za no\u0161enje<\/p>\n<\/li>\n<li class=\"\" data-start=\"2097\" data-end=\"2115\">\n<p class=\"\" data-start=\"2099\" data-end=\"2115\">1x korisni\u010dki priru\u010dnik<\/p>\n<\/li>\n<\/ul>","protected":false},"excerpt":{"rendered":"<p class=\"\" data-start=\"52\" data-end=\"103\"><strong data-start=\"52\" data-end=\"103\">Baofeng UV-21 Pro Dvosmjerni Radio (Walkie Talkie)<\/strong><\/p>\n<p class=\"\" data-start=\"105\" data-end=\"364\"><strong>Baofeng UV-21 Pro<\/strong> omogu\u0107uje dvosmjernu komunikaciju u rasponu <strong data-start=\"168\" data-end=\"189\">od 136 do 174 MHz (VHF)<\/strong> i <strong data-start=\"194\" data-end=\"215\">400\u2013520 MHz (UHF)<\/strong> \u0161to ga \u010dini idealnim za kori\u0161tenje u razli\u010ditim uvjetima i za razli\u010dite aktivnosti poput planinarenja, lova, skijanja, za\u0161tite, radnih okru\u017eenja i jo\u0161 mnogo toga.<\/p>","protected":false},"featured_media":1544,"comment_status":"open","ping_status":"closed","template":"","meta":{"_uag_custom_page_level_css":"","site-sidebar-layout":"default","site-content-layout":"","ast-site-content-layout":"default","site-content-style":"default","site-sidebar-style":"default","ast-global-header-display":"","ast-banner-title-visibility":"","ast-main-header-display":"","ast-hfb-above-header-display":"","ast-hfb-below-header-display":"","ast-hfb-mobile-header-display":"","site-post-title":"","ast-breadcrumbs-content":"","ast-featured-img":"","footer-sml-layout":"","ast-disable-related-posts":"","theme-transparent-header-meta":"default","adv-header-id-meta":"","stick-header-meta":"","header-above-stick-meta":"","header-main-stick-meta":"","header-below-stick-meta":"","astra-migrate-meta-layouts":"set","ast-page-background-enabled":"default","ast-page-background-meta":{"desktop":{"background-color":"var(--ast-global-color-4)","background-image":"","background-repeat":"repeat","background-position":"center center","background-size":"auto","background-attachment":"scroll","background-type":"","background-media":"","overlay-type":"","overlay-color":"","overlay-opacity":"","overlay-gradient":""},"tablet":{"background-color":"","background-image":"","background-repeat":"repeat","background-position":"center center","background-size":"auto","background-attachment":"scroll","background-type":"","background-media":"","overlay-type":"","overlay-color":"","overlay-opacity":"","overlay-gradient":""},"mobile":{"background-color":"","background-image":"","background-repeat":"repeat","background-position":"center center","background-size":"auto","background-attachment":"scroll","background-type":"","background-media":"","overlay-type":"","overlay-color":"","overlay-opacity":"","overlay-gradient":""}},"ast-content-background-meta":{"desktop":{"background-color":"var(--ast-global-color-5)","background-image":"","background-repeat":"repeat","background-position":"center center","background-size":"auto","background-attachment":"scroll","background-type":"","background-media":"","overlay-type":"","overlay-color":"","overlay-opacity":"","overlay-gradient":""},"tablet":{"background-color":"var(--ast-global-color-5)","background-image":"","background-repeat":"repeat","background-position":"center center","background-size":"auto","background-attachment":"scroll","background-type":"","background-media":"","overlay-type":"","overlay-color":"","overlay-opacity":"","overlay-gradient":""},"mobile":{"background-color":"var(--ast-global-color-5)","background-image":"","background-repeat":"repeat","background-position":"center center","background-size":"auto","background-attachment":"scroll","background-type":"","background-media":"","overlay-type":"","overlay-color":"","overlay-opacity":"","overlay-gradient":""}}},"product_brand":[],"product_cat":[41],"product_tag":[42],"class_list":{"0":"post-1540","1":"product","2":"type-product","3":"status-publish","4":"has-post-thumbnail","6":"product_cat-walkie-talkie","7":"product_tag-walkie-talkie","8":"desktop-align-center","9":"tablet-align-center","10":"mobile-align-center","12":"first","13":"instock","14":"shipping-taxable","15":"purchasable","16":"product-type-simple"},"yoast_head":"<!-- This site is optimized with the Yoast SEO plugin v26.8 - https:\/\/yoast.com\/product\/yoast-seo-wordpress\/ -->\n<title>Baofeng UV-21 Pro Two-Way Radio (Walkie Talkie) - Bear Hunter<\/title>\n<meta name=\"description\" content=\"Bear Hunter - Baofeng UV-21 Pro Two-Way Radio (Walkie Talkie) - ideal for a variety of conditions and activities such as hiking, hunting, skiing,...\" \/>\n<meta name=\"robots\" content=\"index, follow, max-snippet:-1, max-image-preview:large, max-video-preview:-1\" \/>\n<link rel=\"canonical\" href=\"https:\/\/vukmantrade.hr\/hr\/proizvod\/baofeng-uv-21-pro-two-way-radio-walkie-talkie\/\" \/>\n<meta property=\"og:locale\" content=\"hr_HR\" \/>\n<meta property=\"og:type\" content=\"article\" \/>\n<meta property=\"og:title\" content=\"Baofeng UV-21 Pro Two-Way Radio (Walkie Talkie) - Bear Hunter\" \/>\n<meta property=\"og:description\" content=\"Bear Hunter - Baofeng UV-21 Pro Two-Way Radio (Walkie Talkie) - ideal for a variety of conditions and activities such as hiking, hunting, skiing,...\" \/>\n<meta property=\"og:url\" content=\"https:\/\/vukmantrade.hr\/hr\/proizvod\/baofeng-uv-21-pro-two-way-radio-walkie-talkie\/\" \/>\n<meta property=\"og:site_name\" content=\"Bear Hunter\" \/>\n<meta property=\"article:modified_time\" content=\"2025-05-16T11:58:50+00:00\" \/>\n<meta property=\"og:image\" content=\"https:\/\/vukmantrade.hr\/wp-content\/uploads\/2025\/05\/IMG-20250513-WA0018.jpg\" \/>\n\t<meta property=\"og:image:width\" content=\"1170\" \/>\n\t<meta property=\"og:image:height\" content=\"1142\" \/>\n\t<meta property=\"og:image:type\" content=\"image\/jpeg\" \/>\n<meta name=\"twitter:card\" content=\"summary_large_image\" \/>\n<meta name=\"twitter:label1\" content=\"Procijenjeno vrijeme \u010ditanja\" \/>\n\t<meta name=\"twitter:data1\" content=\"2 minute\" \/>\n<script type=\"application\/ld+json\" class=\"yoast-schema-graph\">{\"@context\":\"https:\/\/schema.org\",\"@graph\":[{\"@type\":\"WebPage\",\"@id\":\"https:\/\/vukmantrade.hr\/hr\/proizvod\/baofeng-uv-21-pro-two-way-radio-walkie-talkie\/\",\"url\":\"https:\/\/vukmantrade.hr\/hr\/proizvod\/baofeng-uv-21-pro-two-way-radio-walkie-talkie\/\",\"name\":\"Baofeng UV-21 Pro Two-Way Radio (Walkie Talkie) - Bear Hunter\",\"isPartOf\":{\"@id\":\"https:\/\/vukmantrade.hr\/en_gb\/#website\"},\"primaryImageOfPage\":{\"@id\":\"https:\/\/vukmantrade.hr\/hr\/proizvod\/baofeng-uv-21-pro-two-way-radio-walkie-talkie\/#primaryimage\"},\"image\":{\"@id\":\"https:\/\/vukmantrade.hr\/hr\/proizvod\/baofeng-uv-21-pro-two-way-radio-walkie-talkie\/#primaryimage\"},\"thumbnailUrl\":\"https:\/\/vukmantrade.hr\/wp-content\/uploads\/2025\/05\/IMG-20250513-WA0018.jpg\",\"datePublished\":\"2025-05-13T14:01:45+00:00\",\"dateModified\":\"2025-05-16T11:58:50+00:00\",\"description\":\"Bear Hunter - Baofeng UV-21 Pro Two-Way Radio (Walkie Talkie) - ideal for a variety of conditions and activities such as hiking, hunting, skiing,...\",\"breadcrumb\":{\"@id\":\"https:\/\/vukmantrade.hr\/hr\/proizvod\/baofeng-uv-21-pro-two-way-radio-walkie-talkie\/#breadcrumb\"},\"inLanguage\":\"hr\",\"potentialAction\":[{\"@type\":\"ReadAction\",\"target\":[\"https:\/\/vukmantrade.hr\/hr\/proizvod\/baofeng-uv-21-pro-two-way-radio-walkie-talkie\/\"]}]},{\"@type\":\"ImageObject\",\"inLanguage\":\"hr\",\"@id\":\"https:\/\/vukmantrade.hr\/hr\/proizvod\/baofeng-uv-21-pro-two-way-radio-walkie-talkie\/#primaryimage\",\"url\":\"https:\/\/vukmantrade.hr\/wp-content\/uploads\/2025\/05\/IMG-20250513-WA0018.jpg\",\"contentUrl\":\"https:\/\/vukmantrade.hr\/wp-content\/uploads\/2025\/05\/IMG-20250513-WA0018.jpg\",\"width\":1170,\"height\":1142,\"caption\":\"Baofeng UV-21 Pro Two-Way Radio (Walkie Talkie)\"},{\"@type\":\"BreadcrumbList\",\"@id\":\"https:\/\/vukmantrade.hr\/hr\/proizvod\/baofeng-uv-21-pro-two-way-radio-walkie-talkie\/#breadcrumb\",\"itemListElement\":[{\"@type\":\"ListItem\",\"position\":1,\"name\":\"Home\",\"item\":\"https:\/\/vukmantrade.hr\/\"},{\"@type\":\"ListItem\",\"position\":2,\"name\":\"Shop\",\"item\":\"https:\/\/vukmantrade.hr\/en_gb\/shop\/\"},{\"@type\":\"ListItem\",\"position\":3,\"name\":\"Baofeng UV-21 Pro Two-Way Radio (Walkie Talkie)\"}]},{\"@type\":\"WebSite\",\"@id\":\"https:\/\/vukmantrade.hr\/en_gb\/#website\",\"url\":\"https:\/\/vukmantrade.hr\/en_gb\/\",\"name\":\"Bear Hunter\",\"description\":\"Into the Wild, Armed with the Best.\",\"publisher\":{\"@id\":\"https:\/\/vukmantrade.hr\/en_gb\/#organization\"},\"potentialAction\":[{\"@type\":\"SearchAction\",\"target\":{\"@type\":\"EntryPoint\",\"urlTemplate\":\"https:\/\/vukmantrade.hr\/en_gb\/?s={search_term_string}\"},\"query-input\":{\"@type\":\"PropertyValueSpecification\",\"valueRequired\":true,\"valueName\":\"search_term_string\"}}],\"inLanguage\":\"hr\"},{\"@type\":\"Organization\",\"@id\":\"https:\/\/vukmantrade.hr\/en_gb\/#organization\",\"name\":\"Bear Hunter\",\"url\":\"https:\/\/vukmantrade.hr\/en_gb\/\",\"logo\":{\"@type\":\"ImageObject\",\"inLanguage\":\"hr\",\"@id\":\"https:\/\/vukmantrade.hr\/en_gb\/#\/schema\/logo\/image\/\",\"url\":\"https:\/\/vukmantrade.hr\/wp-content\/uploads\/2025\/05\/cropped-WhatsApp_Slika_2025-05-08_u_10.24.59_0f4d2b06-removebg-preview-1.png\",\"contentUrl\":\"https:\/\/vukmantrade.hr\/wp-content\/uploads\/2025\/05\/cropped-WhatsApp_Slika_2025-05-08_u_10.24.59_0f4d2b06-removebg-preview-1.png\",\"width\":660,\"height\":220,\"caption\":\"Bear Hunter\"},\"image\":{\"@id\":\"https:\/\/vukmantrade.hr\/en_gb\/#\/schema\/logo\/image\/\"}}]}<\/script>\n<!-- \/ Yoast SEO plugin. -->","yoast_head_json":{"title":"Baofeng UV-21 Pro Two-Way Radio (Walkie Talkie) - Bear Hunter","description":"Bear Hunter - Baofeng UV-21 Pro Two-Way Radio (Walkie Talkie) - ideal for a variety of conditions and activities such as hiking, hunting, skiing,...","robots":{"index":"index","follow":"follow","max-snippet":"max-snippet:-1","max-image-preview":"max-image-preview:large","max-video-preview":"max-video-preview:-1"},"canonical":"https:\/\/vukmantrade.hr\/hr\/proizvod\/baofeng-uv-21-pro-two-way-radio-walkie-talkie\/","og_locale":"hr_HR","og_type":"article","og_title":"Baofeng UV-21 Pro Two-Way Radio (Walkie Talkie) - Bear Hunter","og_description":"Bear Hunter - Baofeng UV-21 Pro Two-Way Radio (Walkie Talkie) - ideal for a variety of conditions and activities such as hiking, hunting, skiing,...","og_url":"https:\/\/vukmantrade.hr\/hr\/proizvod\/baofeng-uv-21-pro-two-way-radio-walkie-talkie\/","og_site_name":"Bear Hunter","article_modified_time":"2025-05-16T11:58:50+00:00","og_image":[{"width":1170,"height":1142,"url":"https:\/\/vukmantrade.hr\/wp-content\/uploads\/2025\/05\/IMG-20250513-WA0018.jpg","type":"image\/jpeg"}],"twitter_card":"summary_large_image","twitter_misc":{"Procijenjeno vrijeme \u010ditanja":"2 minute"},"schema":{"@context":"https:\/\/schema.org","@graph":[{"@type":"WebPage","@id":"https:\/\/vukmantrade.hr\/hr\/proizvod\/baofeng-uv-21-pro-two-way-radio-walkie-talkie\/","url":"https:\/\/vukmantrade.hr\/hr\/proizvod\/baofeng-uv-21-pro-two-way-radio-walkie-talkie\/","name":"Baofeng UV-21 Pro Two-Way Radio (Walkie Talkie) - Bear Hunter","isPartOf":{"@id":"https:\/\/vukmantrade.hr\/en_gb\/#website"},"primaryImageOfPage":{"@id":"https:\/\/vukmantrade.hr\/hr\/proizvod\/baofeng-uv-21-pro-two-way-radio-walkie-talkie\/#primaryimage"},"image":{"@id":"https:\/\/vukmantrade.hr\/hr\/proizvod\/baofeng-uv-21-pro-two-way-radio-walkie-talkie\/#primaryimage"},"thumbnailUrl":"https:\/\/vukmantrade.hr\/wp-content\/uploads\/2025\/05\/IMG-20250513-WA0018.jpg","datePublished":"2025-05-13T14:01:45+00:00","dateModified":"2025-05-16T11:58:50+00:00","description":"Bear Hunter - Baofeng UV-21 Pro Two-Way Radio (Walkie Talkie) - ideal for a variety of conditions and activities such as hiking, hunting, skiing,...","breadcrumb":{"@id":"https:\/\/vukmantrade.hr\/hr\/proizvod\/baofeng-uv-21-pro-two-way-radio-walkie-talkie\/#breadcrumb"},"inLanguage":"hr","potentialAction":[{"@type":"ReadAction","target":["https:\/\/vukmantrade.hr\/hr\/proizvod\/baofeng-uv-21-pro-two-way-radio-walkie-talkie\/"]}]},{"@type":"ImageObject","inLanguage":"hr","@id":"https:\/\/vukmantrade.hr\/hr\/proizvod\/baofeng-uv-21-pro-two-way-radio-walkie-talkie\/#primaryimage","url":"https:\/\/vukmantrade.hr\/wp-content\/uploads\/2025\/05\/IMG-20250513-WA0018.jpg","contentUrl":"https:\/\/vukmantrade.hr\/wp-content\/uploads\/2025\/05\/IMG-20250513-WA0018.jpg","width":1170,"height":1142,"caption":"Baofeng UV-21 Pro Two-Way Radio (Walkie Talkie)"},{"@type":"BreadcrumbList","@id":"https:\/\/vukmantrade.hr\/hr\/proizvod\/baofeng-uv-21-pro-two-way-radio-walkie-talkie\/#breadcrumb","itemListElement":[{"@type":"ListItem","position":1,"name":"Home","item":"https:\/\/vukmantrade.hr\/"},{"@type":"ListItem","position":2,"name":"Shop","item":"https:\/\/vukmantrade.hr\/en_gb\/shop\/"},{"@type":"ListItem","position":3,"name":"Baofeng UV-21 Pro Two-Way Radio (Walkie Talkie)"}]},{"@type":"WebSite","@id":"https:\/\/vukmantrade.hr\/en_gb\/#website","url":"https:\/\/vukmantrade.hr\/en_gb\/","name":"Bear Hunter","description":"Into the Wild, Armed with the Best.","publisher":{"@id":"https:\/\/vukmantrade.hr\/en_gb\/#organization"},"potentialAction":[{"@type":"SearchAction","target":{"@type":"EntryPoint","urlTemplate":"https:\/\/vukmantrade.hr\/en_gb\/?s={search_term_string}"},"query-input":{"@type":"PropertyValueSpecification","valueRequired":true,"valueName":"search_term_string"}}],"inLanguage":"hr"},{"@type":"Organization","@id":"https:\/\/vukmantrade.hr\/en_gb\/#organization","name":"Bear Hunter","url":"https:\/\/vukmantrade.hr\/en_gb\/","logo":{"@type":"ImageObject","inLanguage":"hr","@id":"https:\/\/vukmantrade.hr\/en_gb\/#\/schema\/logo\/image\/","url":"https:\/\/vukmantrade.hr\/wp-content\/uploads\/2025\/05\/cropped-WhatsApp_Slika_2025-05-08_u_10.24.59_0f4d2b06-removebg-preview-1.png","contentUrl":"https:\/\/vukmantrade.hr\/wp-content\/uploads\/2025\/05\/cropped-WhatsApp_Slika_2025-05-08_u_10.24.59_0f4d2b06-removebg-preview-1.png","width":660,"height":220,"caption":"Bear Hunter"},"image":{"@id":"https:\/\/vukmantrade.hr\/en_gb\/#\/schema\/logo\/image\/"}}]}},"uagb_featured_image_src":{"full":["https:\/\/vukmantrade.hr\/wp-content\/uploads\/2025\/05\/IMG-20250513-WA0018.jpg",1170,1142,false],"thumbnail":["https:\/\/vukmantrade.hr\/wp-content\/uploads\/2025\/05\/IMG-20250513-WA0018-150x150.jpg",150,150,true],"medium":["https:\/\/vukmantrade.hr\/wp-content\/uploads\/2025\/05\/IMG-20250513-WA0018-300x293.jpg",300,293,true],"medium_large":["https:\/\/vukmantrade.hr\/wp-content\/uploads\/2025\/05\/IMG-20250513-WA0018-768x750.jpg",768,750,true],"large":["https:\/\/vukmantrade.hr\/wp-content\/uploads\/2025\/05\/IMG-20250513-WA0018-1024x999.jpg",1024,999,true],"1536x1536":["https:\/\/vukmantrade.hr\/wp-content\/uploads\/2025\/05\/IMG-20250513-WA0018.jpg",1170,1142,false],"2048x2048":["https:\/\/vukmantrade.hr\/wp-content\/uploads\/2025\/05\/IMG-20250513-WA0018.jpg",1170,1142,false],"trp-custom-language-flag":["https:\/\/vukmantrade.hr\/wp-content\/uploads\/2025\/05\/IMG-20250513-WA0018-12x12.jpg",12,12,true],"woocommerce_thumbnail":["https:\/\/vukmantrade.hr\/wp-content\/uploads\/2025\/05\/IMG-20250513-WA0018-300x300.jpg",300,300,true],"woocommerce_single":["https:\/\/vukmantrade.hr\/wp-content\/uploads\/2025\/05\/IMG-20250513-WA0018-600x586.jpg",600,586,true],"woocommerce_gallery_thumbnail":["https:\/\/vukmantrade.hr\/wp-content\/uploads\/2025\/05\/IMG-20250513-WA0018-100x100.jpg",100,100,true]},"uagb_author_info":{"display_name":"danijel.baltic@outlook.com","author_link":"https:\/\/vukmantrade.hr\/hr\/author\/"},"uagb_comment_info":0,"uagb_excerpt":"Baofeng UV-21 Pro Two-Way Radio (Walkie Talkie) The Baofeng UV-21 Pro enables two-way communication in the 136\u2013174 MHz (VHF) and 400\u2013520 MHz (UHF) frequency ranges, making it ideal for a variety of conditions and activities such as hiking, hunting, skiing, security, work environments, and more.","_links":{"self":[{"href":"https:\/\/vukmantrade.hr\/hr\/wp-json\/wp\/v2\/product\/1540","targetHints":{"allow":["GET"]}}],"collection":[{"href":"https:\/\/vukmantrade.hr\/hr\/wp-json\/wp\/v2\/product"}],"about":[{"href":"https:\/\/vukmantrade.hr\/hr\/wp-json\/wp\/v2\/types\/product"}],"replies":[{"embeddable":true,"href":"https:\/\/vukmantrade.hr\/hr\/wp-json\/wp\/v2\/comments?post=1540"}],"wp:featuredmedia":[{"embeddable":true,"href":"https:\/\/vukmantrade.hr\/hr\/wp-json\/wp\/v2\/media\/1544"}],"wp:attachment":[{"href":"https:\/\/vukmantrade.hr\/hr\/wp-json\/wp\/v2\/media?parent=1540"}],"wp:term":[{"taxonomy":"product_brand","embeddable":true,"href":"https:\/\/vukmantrade.hr\/hr\/wp-json\/wp\/v2\/product_brand?post=1540"},{"taxonomy":"product_cat","embeddable":true,"href":"https:\/\/vukmantrade.hr\/hr\/wp-json\/wp\/v2\/product_cat?post=1540"},{"taxonomy":"product_tag","embeddable":true,"href":"https:\/\/vukmantrade.hr\/hr\/wp-json\/wp\/v2\/product_tag?post=1540"}],"curies":[{"name":"wp","href":"https:\/\/api.w.org\/{rel}","templated":true}]}}