{"id":1546,"date":"2025-05-13T13:30:09","date_gmt":"2025-05-13T14:30:09","guid":{"rendered":"https:\/\/vukmantrade.hr\/?post_type=product&#038;p=1546"},"modified":"2025-05-16T11:23:54","modified_gmt":"2025-05-16T12:23:54","slug":"hunting-flashlight","status":"publish","type":"product","link":"https:\/\/vukmantrade.hr\/hr\/proizvod\/hunting-flashlight\/","title":{"rendered":"powerbank\u00a0s\u00a0lampom"},"content":{"rendered":"<p class=\"\" data-start=\"52\" data-end=\"149\"><strong data-start=\"52\" data-end=\"149\">Powerbank\u00a0s\u00a0lampom sa integriranim prijenosnim punja\u010dem kompatibilnim s Bear Hunter poja\u010diva\u0107em zvuka.<\/strong><\/p>\n<h3 class=\"\" data-start=\"151\" data-end=\"168\"><strong data-start=\"155\" data-end=\"168\">Klju\u010dne zna\u010dajke<\/strong><\/h3>\n<ol data-start=\"170\" data-end=\"1748\">\n<li class=\"\" data-start=\"170\" data-end=\"591\">\n<p class=\"\" data-start=\"173\" data-end=\"591\"><strong data-start=\"173\" data-end=\"194\">1500LM<\/strong> - 6 na\u010dina osvjetljenja, uklju\u010duju\u0107i nisko\/srednje\/visoko\/maksimalno\/crveno\/SOS, nudi \u0161irok raspon opcija koje odgovaraju va\u0161im specifi\u010dnim potrebama i preferencijama. S impresivnih maksimalnih 1500 lumena, ova lova\u010dka svjetiljka otjerat \u0107e tamu i osvijetliti va\u0161u okolinu kao nikada prije. Recite zbogom slabo osvijetljenim potragama i pozdravite \u017eivopisno, dobro osvijetljeno okru\u017eenje.<\/p>\n<\/li>\n<li class=\"\" data-start=\"593\" data-end=\"888\">\n<p class=\"\" data-start=\"596\" data-end=\"888\"><strong data-start=\"596\" data-end=\"620\">Dizajn rotacije od 180\u00b0:<\/strong> - S inovativnim 180\u00b0 lovackom lampom. Rotacijski dizajn omogu\u0107uje vam jednostavno pode\u0161avanje smjera i kuta osvjetljenja prema va\u0161im specifi\u010dnim potrebama. Omogu\u0107uje vam pode\u0161avanje kuta svjetla za osvjetljavanje odre\u0111enih podru\u010dja, poput kampa,staze ili prostora ispred \u010deke.<\/p>\n<\/li>\n<li class=\"\" data-start=\"890\" data-end=\"1237\">\n<p class=\"\" data-start=\"893\" data-end=\"1237\"><strong data-start=\"893\" data-end=\"929\">Visoki kapacitet od 13500 mAh:<\/strong> Ugra\u0111ena lampa za lov od 13500 mAh. Punjiva litijeva baterija, potpuno punjenje mo\u017ee se dovr\u0161iti za 5,5 sati, vrijeme rada do 158 sati. Baterija velikog kapaciteta omogu\u0107uje vam punjenje va\u0161eg Bear hunter oslu\u0161kiva\u010da ili drugih Android USB ure\u0111aja u hitnim i extremnim situacijama.<\/p>\n<\/li>\n<li class=\"\" data-start=\"1239\" data-end=\"1542\">\n<p class=\"\" data-start=\"1242\" data-end=\"1542\"><strong data-start=\"1242\" data-end=\"1269\">Dugotrajna izdr\u017eljivost:<\/strong> - Napravljen od visokokvalitetni ABS materijal za za\u0161titu. <strong data-start=\"1346\" data-end=\"1360\">Be\u017ei\u010dni<\/strong> rad Rasvjeta za sve vrste ekstremnih vremenskih uvjeta. <strong data-start=\"1423\" data-end=\"1442\">IPX5 vodootporna<\/strong>, kampiranje,lov,ribolov, ro\u0161tiljanje, avantura, popravak automobila, rasvjeta za nu\u017edu.<\/p>\n<\/li>\n<li class=\"\" data-start=\"1544\" data-end=\"1748\">\n<p class=\"\" data-start=\"1547\" data-end=\"1748\"><strong data-start=\"1547\" data-end=\"1575\">Otvor za magnet\/kuku\/stativ:<\/strong> - Idealno za<strong> ru\u010dnu magnetsku radnu svjetiljku,<\/strong>Koristi se za radno svjetlo u lovu,ribolovu,kampiranju,na brodu, u gara\u017ei i podrumu, za osvjetljenje radionice itd.<\/p>\n<\/li>\n<\/ol>\n<hr class=\"\" data-start=\"1750\" data-end=\"1753\" \/>\n<h3 class=\"\" data-start=\"1755\" data-end=\"1778\"><strong data-start=\"1759\" data-end=\"1778\">Specifikacije proizvoda<\/strong><\/h3>\n<ul data-start=\"1780\" data-end=\"2213\">\n<li class=\"\" data-start=\"1780\" data-end=\"1814\">\n<p class=\"\" data-start=\"1782\" data-end=\"1814\"><strong data-start=\"1782\" data-end=\"1799\">Svjetlosni tok:<\/strong>1500 lumena<\/p>\n<\/li>\n<li class=\"\" data-start=\"1815\" data-end=\"1847\">\n<p class=\"\" data-start=\"1817\" data-end=\"1847\"><strong data-start=\"1817\" data-end=\"1834\">Udaljenost snopa:<\/strong>47 metara<\/p>\n<\/li>\n<li class=\"\" data-start=\"1848\" data-end=\"1880\">\n<p class=\"\" data-start=\"1850\" data-end=\"1880\"><strong data-start=\"1850\" data-end=\"1861\">Vrijeme rada:<\/strong>do 158 sati<\/p>\n<\/li>\n<li class=\"\" data-start=\"1881\" data-end=\"1942\">\n<p class=\"\" data-start=\"1883\" data-end=\"1942\"><strong data-start=\"1883\" data-end=\"1899\">Izvor svjetlosti:<\/strong>COB LED (2700K \/ 3500K \/ 4500K \/ 6500K)<\/p>\n<\/li>\n<li class=\"\" data-start=\"1943\" data-end=\"1995\">\n<p class=\"\" data-start=\"1945\" data-end=\"1995\"><strong data-start=\"1945\" data-end=\"1956\">Baterija:<\/strong>Ugra\u0111ena baterija od 13500 mAh<\/p>\n<\/li>\n<li class=\"\" data-start=\"1996\" data-end=\"2065\">\n<p class=\"\" data-start=\"1998\" data-end=\"2065\"><strong data-start=\"1998\" data-end=\"2016\">Na\u010dini osvjetljenja:<\/strong>Turbo\/jako\/srednje\/nisko\/crveno\/crveni bljesak<\/p>\n<\/li>\n<li class=\"\" data-start=\"2066\" data-end=\"2096\">\n<p class=\"\" data-start=\"2068\" data-end=\"2096\"><strong data-start=\"2068\" data-end=\"2088\">Vodootporan<\/strong>IPX5<\/p>\n<\/li>\n<li class=\"\" data-start=\"2097\" data-end=\"2131\">\n<p class=\"\" data-start=\"2099\" data-end=\"2131\"><strong data-start=\"2099\" data-end=\"2120\">Otpornost na udar:<\/strong>1 metar<\/p>\n<\/li>\n<li class=\"\" data-start=\"2132\" data-end=\"2168\">\n<p class=\"\" data-start=\"2134\" data-end=\"2168\"><strong data-start=\"2134\" data-end=\"2144\">Te\u017eina<\/strong>481 g (s baterijom)<\/p>\n<\/li>\n<li class=\"\" data-start=\"2169\" data-end=\"2213\">\n<p class=\"\" data-start=\"2171\" data-end=\"2213\"><strong data-start=\"2171\" data-end=\"2185\">Dimenzije<\/strong>112 mm x 98 mm x 48.5 mm<\/p>\n<\/li>\n<\/ul>\n<hr class=\"\" data-start=\"2215\" data-end=\"2218\" \/>\n<h3 class=\"\" data-start=\"2220\" data-end=\"2245\"><strong data-start=\"2224\" data-end=\"2245\">Paket uklju\u010duje:<\/strong><\/h3>\n<ul data-start=\"2247\" data-end=\"2372\">\n<li class=\"\" data-start=\"2247\" data-end=\"2283\">\n<p class=\"\" data-start=\"2249\" data-end=\"2283\">1x Klarus wl3 lova\u010dka svjetiljka<\/p>\n<\/li>\n<li class=\"\" data-start=\"2284\" data-end=\"2309\">\n<p class=\"\" data-start=\"2286\" data-end=\"2309\">1x USB kabel za punjenje<\/p>\n<\/li>\n<li class=\"\" data-start=\"2310\" data-end=\"2353\">\n<p class=\"\" data-start=\"2312\" data-end=\"2353\">1x kabel za punjenje Bear Hunter poja\u010diva\u0107a zvuka<\/p>\n<\/li>\n<li class=\"\" data-start=\"2354\" data-end=\"2372\">\n<p class=\"\" data-start=\"2356\" data-end=\"2372\">1x korisni\u010dki priru\u010dnik<\/p>\n<\/li>\n<\/ul>","protected":false},"excerpt":{"rendered":"<p>Powerbank\u00a0s\u00a0lampom sa integriranim prijenosnim punja\u010dem kompatibilnim s Bear Hunter poja\u010diva\u0107em zvuka.<\/p>","protected":false},"featured_media":1551,"comment_status":"open","ping_status":"closed","template":"","meta":{"_uag_custom_page_level_css":"","site-sidebar-layout":"default","site-content-layout":"","ast-site-content-layout":"default","site-content-style":"default","site-sidebar-style":"default","ast-global-header-display":"","ast-banner-title-visibility":"","ast-main-header-display":"","ast-hfb-above-header-display":"","ast-hfb-below-header-display":"","ast-hfb-mobile-header-display":"","site-post-title":"","ast-breadcrumbs-content":"","ast-featured-img":"","footer-sml-layout":"","ast-disable-related-posts":"","theme-transparent-header-meta":"default","adv-header-id-meta":"","stick-header-meta":"","header-above-stick-meta":"","header-main-stick-meta":"","header-below-stick-meta":"","astra-migrate-meta-layouts":"set","ast-page-background-enabled":"default","ast-page-background-meta":{"desktop":{"background-color":"var(--ast-global-color-4)","background-image":"","background-repeat":"repeat","background-position":"center center","background-size":"auto","background-attachment":"scroll","background-type":"","background-media":"","overlay-type":"","overlay-color":"","overlay-opacity":"","overlay-gradient":""},"tablet":{"background-color":"","background-image":"","background-repeat":"repeat","background-position":"center center","background-size":"auto","background-attachment":"scroll","background-type":"","background-media":"","overlay-type":"","overlay-color":"","overlay-opacity":"","overlay-gradient":""},"mobile":{"background-color":"","background-image":"","background-repeat":"repeat","background-position":"center center","background-size":"auto","background-attachment":"scroll","background-type":"","background-media":"","overlay-type":"","overlay-color":"","overlay-opacity":"","overlay-gradient":""}},"ast-content-background-meta":{"desktop":{"background-color":"var(--ast-global-color-5)","background-image":"","background-repeat":"repeat","background-position":"center center","background-size":"auto","background-attachment":"scroll","background-type":"","background-media":"","overlay-type":"","overlay-color":"","overlay-opacity":"","overlay-gradient":""},"tablet":{"background-color":"var(--ast-global-color-5)","background-image":"","background-repeat":"repeat","background-position":"center center","background-size":"auto","background-attachment":"scroll","background-type":"","background-media":"","overlay-type":"","overlay-color":"","overlay-opacity":"","overlay-gradient":""},"mobile":{"background-color":"var(--ast-global-color-5)","background-image":"","background-repeat":"repeat","background-position":"center center","background-size":"auto","background-attachment":"scroll","background-type":"","background-media":"","overlay-type":"","overlay-color":"","overlay-opacity":"","overlay-gradient":""}}},"product_brand":[],"product_cat":[72],"product_tag":[73,75,74],"class_list":{"0":"post-1546","1":"product","2":"type-product","3":"status-publish","4":"has-post-thumbnail","6":"product_cat-hunting-flashlight","7":"product_tag-cabele","8":"product_tag-hunting-flashlight","9":"product_tag-hunting-lamp","10":"desktop-align-center","11":"tablet-align-center","12":"mobile-align-center","14":"first","15":"instock","16":"shipping-taxable","17":"purchasable","18":"product-type-variable"},"yoast_head":"<!-- This site is optimized with the Yoast SEO plugin v27.5 - https:\/\/yoast.com\/product\/yoast-seo-wordpress\/ -->\n<title>Hunting Flashlight - Bear Hunter<\/title>\n<meta name=\"description\" content=\"Bear Hunter - Hunting Flashlight with Integrated Power Bank Compatible with the Bear Hunter Sound Amplifier and 6 lighting modes.\" \/>\n<meta name=\"robots\" content=\"index, follow, max-snippet:-1, max-image-preview:large, max-video-preview:-1\" \/>\n<link rel=\"canonical\" href=\"https:\/\/vukmantrade.hr\/hr\/proizvod\/hunting-flashlight\/\" \/>\n<meta property=\"og:locale\" content=\"hr_HR\" \/>\n<meta property=\"og:type\" content=\"article\" \/>\n<meta property=\"og:title\" content=\"Hunting Flashlight - Bear Hunter\" \/>\n<meta property=\"og:description\" content=\"Bear Hunter - Hunting Flashlight with Integrated Power Bank Compatible with the Bear Hunter Sound Amplifier and 6 lighting modes.\" \/>\n<meta property=\"og:url\" content=\"https:\/\/vukmantrade.hr\/hr\/proizvod\/hunting-flashlight\/\" \/>\n<meta property=\"og:site_name\" content=\"Bear Hunter\" \/>\n<meta property=\"article:modified_time\" content=\"2025-05-16T12:23:54+00:00\" \/>\n<meta property=\"og:image\" content=\"https:\/\/vukmantrade.hr\/wp-content\/uploads\/2025\/05\/IMG-20250513-WA0025.jpg\" \/>\n\t<meta property=\"og:image:width\" content=\"822\" \/>\n\t<meta property=\"og:image:height\" content=\"823\" \/>\n\t<meta property=\"og:image:type\" content=\"image\/jpeg\" \/>\n<meta name=\"twitter:card\" content=\"summary_large_image\" \/>\n<meta name=\"twitter:label1\" content=\"Procijenjeno vrijeme \u010ditanja\" \/>\n\t<meta name=\"twitter:data1\" content=\"2 minute\" \/>\n<script type=\"application\/ld+json\" class=\"yoast-schema-graph\">{\"@context\":\"https:\\\/\\\/schema.org\",\"@graph\":[{\"@type\":\"WebPage\",\"@id\":\"https:\\\/\\\/vukmantrade.hr\\\/en\\\/product\\\/hunting-flashlight\\\/\",\"url\":\"https:\\\/\\\/vukmantrade.hr\\\/en\\\/product\\\/hunting-flashlight\\\/\",\"name\":\"Hunting Flashlight - Bear Hunter\",\"isPartOf\":{\"@id\":\"https:\\\/\\\/vukmantrade.hr\\\/en_gb\\\/#website\"},\"primaryImageOfPage\":{\"@id\":\"https:\\\/\\\/vukmantrade.hr\\\/en\\\/product\\\/hunting-flashlight\\\/#primaryimage\"},\"image\":{\"@id\":\"https:\\\/\\\/vukmantrade.hr\\\/en\\\/product\\\/hunting-flashlight\\\/#primaryimage\"},\"thumbnailUrl\":\"https:\\\/\\\/vukmantrade.hr\\\/wp-content\\\/uploads\\\/2025\\\/05\\\/IMG-20250513-WA0025.jpg\",\"datePublished\":\"2025-05-13T14:30:09+00:00\",\"dateModified\":\"2025-05-16T12:23:54+00:00\",\"description\":\"Bear Hunter - Hunting Flashlight with Integrated Power Bank Compatible with the Bear Hunter Sound Amplifier and 6 lighting modes.\",\"breadcrumb\":{\"@id\":\"https:\\\/\\\/vukmantrade.hr\\\/en\\\/product\\\/hunting-flashlight\\\/#breadcrumb\"},\"inLanguage\":\"hr\",\"potentialAction\":[{\"@type\":\"ReadAction\",\"target\":[\"https:\\\/\\\/vukmantrade.hr\\\/en\\\/product\\\/hunting-flashlight\\\/\"]}]},{\"@type\":\"ImageObject\",\"inLanguage\":\"hr\",\"@id\":\"https:\\\/\\\/vukmantrade.hr\\\/en\\\/product\\\/hunting-flashlight\\\/#primaryimage\",\"url\":\"https:\\\/\\\/vukmantrade.hr\\\/wp-content\\\/uploads\\\/2025\\\/05\\\/IMG-20250513-WA0025.jpg\",\"contentUrl\":\"https:\\\/\\\/vukmantrade.hr\\\/wp-content\\\/uploads\\\/2025\\\/05\\\/IMG-20250513-WA0025.jpg\",\"width\":822,\"height\":823,\"caption\":\"Hunting Flashlight\"},{\"@type\":\"BreadcrumbList\",\"@id\":\"https:\\\/\\\/vukmantrade.hr\\\/en\\\/product\\\/hunting-flashlight\\\/#breadcrumb\",\"itemListElement\":[{\"@type\":\"ListItem\",\"position\":1,\"name\":\"Home\",\"item\":\"https:\\\/\\\/vukmantrade.hr\\\/\"},{\"@type\":\"ListItem\",\"position\":2,\"name\":\"Shop\",\"item\":\"https:\\\/\\\/vukmantrade.hr\\\/en_gb\\\/shop\\\/\"},{\"@type\":\"ListItem\",\"position\":3,\"name\":\"Hunting Flashlight\"}]},{\"@type\":\"WebSite\",\"@id\":\"https:\\\/\\\/vukmantrade.hr\\\/en_gb\\\/#website\",\"url\":\"https:\\\/\\\/vukmantrade.hr\\\/en_gb\\\/\",\"name\":\"Bear Hunter\",\"description\":\"Into the Wild, Armed with the Best.\",\"publisher\":{\"@id\":\"https:\\\/\\\/vukmantrade.hr\\\/en_gb\\\/#organization\"},\"potentialAction\":[{\"@type\":\"SearchAction\",\"target\":{\"@type\":\"EntryPoint\",\"urlTemplate\":\"https:\\\/\\\/vukmantrade.hr\\\/en_gb\\\/?s={search_term_string}\"},\"query-input\":{\"@type\":\"PropertyValueSpecification\",\"valueRequired\":true,\"valueName\":\"search_term_string\"}}],\"inLanguage\":\"hr\"},{\"@type\":\"Organization\",\"@id\":\"https:\\\/\\\/vukmantrade.hr\\\/en_gb\\\/#organization\",\"name\":\"Bear Hunter\",\"url\":\"https:\\\/\\\/vukmantrade.hr\\\/en_gb\\\/\",\"logo\":{\"@type\":\"ImageObject\",\"inLanguage\":\"hr\",\"@id\":\"https:\\\/\\\/vukmantrade.hr\\\/en_gb\\\/#\\\/schema\\\/logo\\\/image\\\/\",\"url\":\"https:\\\/\\\/vukmantrade.hr\\\/wp-content\\\/uploads\\\/2025\\\/05\\\/cropped-WhatsApp_Slika_2025-05-08_u_10.24.59_0f4d2b06-removebg-preview-1.png\",\"contentUrl\":\"https:\\\/\\\/vukmantrade.hr\\\/wp-content\\\/uploads\\\/2025\\\/05\\\/cropped-WhatsApp_Slika_2025-05-08_u_10.24.59_0f4d2b06-removebg-preview-1.png\",\"width\":660,\"height\":220,\"caption\":\"Bear Hunter\"},\"image\":{\"@id\":\"https:\\\/\\\/vukmantrade.hr\\\/en_gb\\\/#\\\/schema\\\/logo\\\/image\\\/\"}}]}<\/script>\n<!-- \/ Yoast SEO plugin. -->","yoast_head_json":{"title":"Hunting Flashlight - Bear Hunter","description":"Bear Hunter - Hunting Flashlight with Integrated Power Bank Compatible with the Bear Hunter Sound Amplifier and 6 lighting modes.","robots":{"index":"index","follow":"follow","max-snippet":"max-snippet:-1","max-image-preview":"max-image-preview:large","max-video-preview":"max-video-preview:-1"},"canonical":"https:\/\/vukmantrade.hr\/hr\/proizvod\/hunting-flashlight\/","og_locale":"hr_HR","og_type":"article","og_title":"Hunting Flashlight - Bear Hunter","og_description":"Bear Hunter - Hunting Flashlight with Integrated Power Bank Compatible with the Bear Hunter Sound Amplifier and 6 lighting modes.","og_url":"https:\/\/vukmantrade.hr\/hr\/proizvod\/hunting-flashlight\/","og_site_name":"Bear Hunter","article_modified_time":"2025-05-16T12:23:54+00:00","og_image":[{"width":822,"height":823,"url":"https:\/\/vukmantrade.hr\/wp-content\/uploads\/2025\/05\/IMG-20250513-WA0025.jpg","type":"image\/jpeg"}],"twitter_card":"summary_large_image","twitter_misc":{"Procijenjeno vrijeme \u010ditanja":"2 minute"},"schema":{"@context":"https:\/\/schema.org","@graph":[{"@type":"WebPage","@id":"https:\/\/vukmantrade.hr\/en\/product\/hunting-flashlight\/","url":"https:\/\/vukmantrade.hr\/en\/product\/hunting-flashlight\/","name":"Hunting Flashlight - Bear Hunter","isPartOf":{"@id":"https:\/\/vukmantrade.hr\/en_gb\/#website"},"primaryImageOfPage":{"@id":"https:\/\/vukmantrade.hr\/en\/product\/hunting-flashlight\/#primaryimage"},"image":{"@id":"https:\/\/vukmantrade.hr\/en\/product\/hunting-flashlight\/#primaryimage"},"thumbnailUrl":"https:\/\/vukmantrade.hr\/wp-content\/uploads\/2025\/05\/IMG-20250513-WA0025.jpg","datePublished":"2025-05-13T14:30:09+00:00","dateModified":"2025-05-16T12:23:54+00:00","description":"Bear Hunter - Hunting Flashlight with Integrated Power Bank Compatible with the Bear Hunter Sound Amplifier and 6 lighting modes.","breadcrumb":{"@id":"https:\/\/vukmantrade.hr\/en\/product\/hunting-flashlight\/#breadcrumb"},"inLanguage":"hr","potentialAction":[{"@type":"ReadAction","target":["https:\/\/vukmantrade.hr\/en\/product\/hunting-flashlight\/"]}]},{"@type":"ImageObject","inLanguage":"hr","@id":"https:\/\/vukmantrade.hr\/en\/product\/hunting-flashlight\/#primaryimage","url":"https:\/\/vukmantrade.hr\/wp-content\/uploads\/2025\/05\/IMG-20250513-WA0025.jpg","contentUrl":"https:\/\/vukmantrade.hr\/wp-content\/uploads\/2025\/05\/IMG-20250513-WA0025.jpg","width":822,"height":823,"caption":"Hunting Flashlight"},{"@type":"BreadcrumbList","@id":"https:\/\/vukmantrade.hr\/en\/product\/hunting-flashlight\/#breadcrumb","itemListElement":[{"@type":"ListItem","position":1,"name":"Home","item":"https:\/\/vukmantrade.hr\/"},{"@type":"ListItem","position":2,"name":"Shop","item":"https:\/\/vukmantrade.hr\/en_gb\/shop\/"},{"@type":"ListItem","position":3,"name":"Hunting Flashlight"}]},{"@type":"WebSite","@id":"https:\/\/vukmantrade.hr\/en_gb\/#website","url":"https:\/\/vukmantrade.hr\/en_gb\/","name":"Bear Hunter","description":"Into the Wild, Armed with the Best.","publisher":{"@id":"https:\/\/vukmantrade.hr\/en_gb\/#organization"},"potentialAction":[{"@type":"SearchAction","target":{"@type":"EntryPoint","urlTemplate":"https:\/\/vukmantrade.hr\/en_gb\/?s={search_term_string}"},"query-input":{"@type":"PropertyValueSpecification","valueRequired":true,"valueName":"search_term_string"}}],"inLanguage":"hr"},{"@type":"Organization","@id":"https:\/\/vukmantrade.hr\/en_gb\/#organization","name":"Bear Hunter","url":"https:\/\/vukmantrade.hr\/en_gb\/","logo":{"@type":"ImageObject","inLanguage":"hr","@id":"https:\/\/vukmantrade.hr\/en_gb\/#\/schema\/logo\/image\/","url":"https:\/\/vukmantrade.hr\/wp-content\/uploads\/2025\/05\/cropped-WhatsApp_Slika_2025-05-08_u_10.24.59_0f4d2b06-removebg-preview-1.png","contentUrl":"https:\/\/vukmantrade.hr\/wp-content\/uploads\/2025\/05\/cropped-WhatsApp_Slika_2025-05-08_u_10.24.59_0f4d2b06-removebg-preview-1.png","width":660,"height":220,"caption":"Bear Hunter"},"image":{"@id":"https:\/\/vukmantrade.hr\/en_gb\/#\/schema\/logo\/image\/"}}]}},"uagb_featured_image_src":{"full":["https:\/\/vukmantrade.hr\/wp-content\/uploads\/2025\/05\/IMG-20250513-WA0025.jpg",822,823,false],"thumbnail":["https:\/\/vukmantrade.hr\/wp-content\/uploads\/2025\/05\/IMG-20250513-WA0025-150x150.jpg",150,150,true],"medium":["https:\/\/vukmantrade.hr\/wp-content\/uploads\/2025\/05\/IMG-20250513-WA0025-300x300.jpg",300,300,true],"medium_large":["https:\/\/vukmantrade.hr\/wp-content\/uploads\/2025\/05\/IMG-20250513-WA0025-768x769.jpg",768,769,true],"large":["https:\/\/vukmantrade.hr\/wp-content\/uploads\/2025\/05\/IMG-20250513-WA0025.jpg",822,823,false],"1536x1536":["https:\/\/vukmantrade.hr\/wp-content\/uploads\/2025\/05\/IMG-20250513-WA0025.jpg",822,823,false],"2048x2048":["https:\/\/vukmantrade.hr\/wp-content\/uploads\/2025\/05\/IMG-20250513-WA0025.jpg",822,823,false],"trp-custom-language-flag":["https:\/\/vukmantrade.hr\/wp-content\/uploads\/2025\/05\/IMG-20250513-WA0025-12x12.jpg",12,12,true],"woocommerce_thumbnail":["https:\/\/vukmantrade.hr\/wp-content\/uploads\/2025\/05\/IMG-20250513-WA0025-300x300.jpg",300,300,true],"woocommerce_single":["https:\/\/vukmantrade.hr\/wp-content\/uploads\/2025\/05\/IMG-20250513-WA0025-600x601.jpg",600,601,true],"woocommerce_gallery_thumbnail":["https:\/\/vukmantrade.hr\/wp-content\/uploads\/2025\/05\/IMG-20250513-WA0025-100x100.jpg",100,100,true]},"uagb_author_info":{"display_name":"danijel.baltic@outlook.com","author_link":"https:\/\/vukmantrade.hr\/hr\/author\/"},"uagb_comment_info":0,"uagb_excerpt":"Hunting Flashlight with Integrated Power Bank Compatible with the Bear Hunter Sound Amplifier","_links":{"self":[{"href":"https:\/\/vukmantrade.hr\/hr\/wp-json\/wp\/v2\/product\/1546","targetHints":{"allow":["GET"]}}],"collection":[{"href":"https:\/\/vukmantrade.hr\/hr\/wp-json\/wp\/v2\/product"}],"about":[{"href":"https:\/\/vukmantrade.hr\/hr\/wp-json\/wp\/v2\/types\/product"}],"replies":[{"embeddable":true,"href":"https:\/\/vukmantrade.hr\/hr\/wp-json\/wp\/v2\/comments?post=1546"}],"wp:featuredmedia":[{"embeddable":true,"href":"https:\/\/vukmantrade.hr\/hr\/wp-json\/wp\/v2\/media\/1551"}],"wp:attachment":[{"href":"https:\/\/vukmantrade.hr\/hr\/wp-json\/wp\/v2\/media?parent=1546"}],"wp:term":[{"taxonomy":"product_brand","embeddable":true,"href":"https:\/\/vukmantrade.hr\/hr\/wp-json\/wp\/v2\/product_brand?post=1546"},{"taxonomy":"product_cat","embeddable":true,"href":"https:\/\/vukmantrade.hr\/hr\/wp-json\/wp\/v2\/product_cat?post=1546"},{"taxonomy":"product_tag","embeddable":true,"href":"https:\/\/vukmantrade.hr\/hr\/wp-json\/wp\/v2\/product_tag?post=1546"}],"curies":[{"name":"wp","href":"https:\/\/api.w.org\/{rel}","templated":true}]}}