{"id":1553,"date":"2025-05-18T13:35:43","date_gmt":"2025-05-18T14:35:43","guid":{"rendered":"https:\/\/vukmantrade.hr\/?post_type=product&#038;p=1553"},"modified":"2025-05-18T18:43:13","modified_gmt":"2025-05-18T19:43:13","slug":"suntek-hc-880-pro","status":"publish","type":"product","link":"https:\/\/vukmantrade.hr\/hr\/proizvod\/suntek-hc-880-pro\/","title":{"rendered":"Suntek hc-880 pro"},"content":{"rendered":"<p class=\"\" data-start=\"52\" data-end=\"100\"><strong data-start=\"52\" data-end=\"100\">Suntek HC-880 Pro je napredna 4G lova\u010dka kamera<\/strong><\/p>\n<p class=\"\" data-start=\"102\" data-end=\"575\"><strong>Suntek HC-880 Pro<\/strong> je napredna 4G lova\u010dka kamera idealna za nadzor divljih \u017eivotinja, \u010duvanje imovine, \u0161uma, vikendica, pa \u010dak i farmi. Ova kamera pru\u017ea vrhunsku rezoluciju snimanja do 30MP i 2K video uz pomo\u0107 senzora pokreta i nevidljivog infracrvenog no\u0107nog osvjetljenja. Zahvaljuju\u0107i ugra\u0111enom 4G modulu, kamera omogu\u0107uje slanje slika ili videa na mobilni telefon, e-mail ili aplikaciju u realnom vremenu.<\/p>\n<p class=\"\" data-start=\"577\" data-end=\"838\">Tako\u0111er podr\u017eava daljinsko upravljanje putem aplikacije (SuntekCam ili TcamPro) te live prijenos slike. Sna\u017eno ku\u0107i\u0161te otporno na vremenske uvjete (IP65) i dugotrajna autonomija \u010dine HC-880 Pro pouzdanim partnerom u najzahtjevnijim uvjetima.<\/p>\n<hr class=\"\" data-start=\"840\" data-end=\"843\" \/>\n<h3 class=\"\" data-start=\"845\" data-end=\"897\"><strong data-start=\"849\" data-end=\"897\">Tehni\u010dka specifikacija \u2013 Suntek HC-880 Pro<\/strong><\/h3>\n<ul data-start=\"899\" data-end=\"2348\">\n<li class=\"\" data-start=\"899\" data-end=\"931\">\n<p class=\"\" data-start=\"901\" data-end=\"931\"><strong data-start=\"901\" data-end=\"910\">Model<\/strong>Suntek HC-880 Pro<\/p>\n<\/li>\n<li class=\"\" data-start=\"932\" data-end=\"990\">\n<p class=\"\" data-start=\"934\" data-end=\"990\"><strong data-start=\"934\" data-end=\"950\">Senzor slike<\/strong>5 MP CMOS senzor (interpolacija do 30 MP)<\/p>\n<\/li>\n<li class=\"\" data-start=\"991\" data-end=\"1067\">\n<p class=\"\" data-start=\"993\" data-end=\"1067\"><strong data-start=\"993\" data-end=\"1013\">Rezolucija fotografija<\/strong>30 MP \/ 24 MP \/ 20 MP \/ 16 MP \/ 12 MP (podesivo)<\/p>\n<\/li>\n<li class=\"\" data-start=\"1068\" data-end=\"1150\">\n<p class=\"\" data-start=\"1070\" data-end=\"1150\"><strong data-start=\"1070\" data-end=\"1090\">Video rezolucija<\/strong>2K (2304x1296) \/ 1080P \/ 720P \/ VGA (podesivo), 30 fps<\/p>\n<\/li>\n<li class=\"\" data-start=\"1151\" data-end=\"1197\">\n<p class=\"\" data-start=\"1153\" data-end=\"1197\"><strong data-start=\"1153\" data-end=\"1168\">Format datoteka<\/strong>Fotografije: JPEG; Video: AVI<\/p>\n<\/li>\n<li class=\"\" data-start=\"1198\" data-end=\"1256\">\n<p class=\"\" data-start=\"1200\" data-end=\"1256\"><strong data-start=\"1200\" data-end=\"1208\">Objektivi<\/strong>Fiksni, FOV 60\u00b0 s automatskim IR filtrom<\/p>\n<\/li>\n<li class=\"\" data-start=\"1257\" data-end=\"1364\">\n<p class=\"\" data-start=\"1259\" data-end=\"1364\"><strong data-start=\"1259\" data-end=\"1277\">Na\u010dini rada<\/strong>Fotografija, Video, Fotografija + Video, Time-lapse, Serijsko snimanje (1, 3, 6, 9 slika po okidanju)<\/p>\n<\/li>\n<li class=\"\" data-start=\"1365\" data-end=\"1399\">\n<p class=\"\" data-start=\"1367\" data-end=\"1399\"><strong data-start=\"1367\" data-end=\"1384\">Brzina okidanja<\/strong>: 0.3 sekunde<\/p>\n<\/li>\n<li class=\"\" data-start=\"1400\" data-end=\"1522\">\n<p class=\"\" data-start=\"1402\" data-end=\"1426\"><strong data-start=\"1402\" data-end=\"1423\">PIR senzor (pokret)<\/strong>:<\/p>\n<ul data-start=\"1429\" data-end=\"1522\">\n<li class=\"\" data-start=\"1429\" data-end=\"1454\">\n<p class=\"\" data-start=\"1431\" data-end=\"1454\">Ugao detekcije: 120\u00b0<\/p>\n<\/li>\n<li class=\"\" data-start=\"1457\" data-end=\"1483\">\n<p class=\"\" data-start=\"1459\" data-end=\"1483\">domet do 25 m<\/p>\n<\/li>\n<li class=\"\" data-start=\"1486\" data-end=\"1522\">\n<p class=\"\" data-start=\"1488\" data-end=\"1522\">osjetljivost: niska\/srednja\/visoka<\/p>\n<\/li>\n<\/ul>\n<\/li>\n<li class=\"\" data-start=\"1524\" data-end=\"1609\">\n<p class=\"\" data-start=\"1526\" data-end=\"1545\"><strong data-start=\"1526\" data-end=\"1542\">No\u0107ni rad<\/strong>:<\/p>\n<ul data-start=\"1548\" data-end=\"1609\">\n<li class=\"\" data-start=\"1548\" data-end=\"1580\">\n<p class=\"\" data-start=\"1550\" data-end=\"1580\">2x IR LED bljeskalice (940nm, nevidljivo)<\/p>\n<\/li>\n<li class=\"\" data-start=\"1583\" data-end=\"1609\">\n<p class=\"\" data-start=\"1585\" data-end=\"1609\">domet do 20 m<\/p>\n<\/li>\n<\/ul>\n<\/li>\n<li class=\"\" data-start=\"1611\" data-end=\"1667\">\n<p class=\"\" data-start=\"1613\" data-end=\"1667\"><strong data-start=\"1613\" data-end=\"1628\">Mobilne aplikacije<\/strong>SuntekCam \/ TcamPro (Android i iOS)<\/p>\n<\/li>\n<li class=\"\" data-start=\"1668\" data-end=\"1763\">\n<p class=\"\" data-start=\"1670\" data-end=\"1763\"><strong data-start=\"1670\" data-end=\"1689\">4G povezivost<\/strong>FDD-LTE 4G SIM kartica, podr\u017eava prijenos slika i videa u realnom vremenu<\/p>\n<\/li>\n<li class=\"\" data-start=\"1764\" data-end=\"1812\">\n<p class=\"\" data-start=\"1766\" data-end=\"1812\"><strong data-start=\"1766\" data-end=\"1784\">Live prijenos<\/strong>Da (putem mobilne mre\u017ee)<\/p>\n<\/li>\n<li class=\"\" data-start=\"1813\" data-end=\"1879\">\n<p class=\"\" data-start=\"1815\" data-end=\"1879\"><strong data-start=\"1815\" data-end=\"1825\">Memorija<\/strong>Podr\u0161ka za microSD karticu do 256 GB (nije uklju\u010dena)<\/p>\n<\/li>\n<li class=\"\" data-start=\"1880\" data-end=\"1978\">\n<p class=\"\" data-start=\"1882\" data-end=\"1901\"><strong data-start=\"1882\" data-end=\"1898\">Napajanje<\/strong>:<\/p>\n<ul data-start=\"1904\" data-end=\"1978\">\n<li class=\"\" data-start=\"1904\" data-end=\"1926\">\n<p class=\"\" data-start=\"1906\" data-end=\"1926\">8x AA baterije ili<\/p>\n<\/li>\n<li class=\"\" data-start=\"1929\" data-end=\"1978\">\n<p class=\"\" data-start=\"1931\" data-end=\"1978\">vanjsko napajanje 12V 2A DC (4.0x1.7 mm)<\/p>\n<\/li>\n<\/ul>\n<\/li>\n<li class=\"\" data-start=\"1980\" data-end=\"2025\">\n<p class=\"\" data-start=\"1982\" data-end=\"2025\"><strong data-start=\"1982\" data-end=\"2007\">Radna temperatura<\/strong>-20\u00b0C do +60\u00b0C<\/p>\n<\/li>\n<li class=\"\" data-start=\"2026\" data-end=\"2065\">\n<p class=\"\" data-start=\"2028\" data-end=\"2065\"><strong data-start=\"2028\" data-end=\"2050\">Radna vla\u017enost<\/strong>5% \u2013 95% RH<\/p>\n<\/li>\n<li class=\"\" data-start=\"2066\" data-end=\"2124\">\n<p class=\"\" data-start=\"2068\" data-end=\"2124\"><strong data-start=\"2068\" data-end=\"2089\">Za\u0161tita<\/strong>IP65 (otporno na vodu i pra\u0161inu)<\/p>\n<\/li>\n<li class=\"\" data-start=\"2125\" data-end=\"2197\">\n<p class=\"\" data-start=\"2127\" data-end=\"2197\"><strong data-start=\"2127\" data-end=\"2143\">Radno vrijeme na \u010dekanju<\/strong>Do 6 mjeseci (ovisno o baterijama i postavkama)<\/p>\n<\/li>\n<li class=\"\" data-start=\"2198\" data-end=\"2234\">\n<p class=\"\" data-start=\"2200\" data-end=\"2234\"><strong data-start=\"2200\" data-end=\"2214\">Dimenzije<\/strong>135 x 90 x 75 mm<\/p>\n<\/li>\n<li class=\"\" data-start=\"2235\" data-end=\"2284\">\n<p class=\"\" data-start=\"2237\" data-end=\"2284\"><strong data-start=\"2237\" data-end=\"2247\">Te\u017eina<\/strong>cca 320 g (bez baterija)<\/p>\n<\/li>\n<li class=\"\" data-start=\"2285\" data-end=\"2348\">\n<p class=\"\" data-start=\"2287\" data-end=\"2348\"><strong data-start=\"2287\" data-end=\"2307\">Monta\u017ea<\/strong>Prilo\u017eeni remen i navoj za stativ (1\/4\u201d)<\/p>\n<\/li>\n<\/ul>\n<hr class=\"\" data-start=\"2350\" data-end=\"2353\" \/>\n<h3 class=\"\" data-start=\"2355\" data-end=\"2380\"><strong data-start=\"2359\" data-end=\"2380\">Paket uklju\u010duje:<\/strong><\/h3>\n<ul data-start=\"2382\" data-end=\"2500\">\n<li class=\"\" data-start=\"2382\" data-end=\"2419\">\n<p class=\"\" data-start=\"2384\" data-end=\"2419\">1x Suntek HC-880 Pro lova\u010dka kamera<\/p>\n<\/li>\n<li class=\"\" data-start=\"2420\" data-end=\"2441\">\n<p class=\"\" data-start=\"2422\" data-end=\"2441\">1x Monta\u017eni remen za pri\u010dvr\u0161\u0107ivanje<\/p>\n<\/li>\n<li class=\"\" data-start=\"2442\" data-end=\"2463\">\n<p class=\"\" data-start=\"2444\" data-end=\"2463\">1x USB kabel za prijenos podataka<\/p>\n<\/li>\n<li class=\"\" data-start=\"2464\" data-end=\"2481\">\n<p class=\"\" data-start=\"2466\" data-end=\"2481\">1x Antena za 4G povezivanje<\/p>\n<\/li>\n<li class=\"\" data-start=\"2482\" data-end=\"2500\">\n<p class=\"\" data-start=\"2484\" data-end=\"2500\">1x korisni\u010dki priru\u010dnik<\/p>\n<\/li>\n<\/ul>","protected":false},"excerpt":{"rendered":"<p><strong>Suntek HC-880 Pro<\/strong> je napredna 4G lova\u010dka kamera idealna za nadzor divljih \u017eivotinja, \u010duvanje imovine, \u0161uma, vikendica, pa \u010dak i farmi. Ova kamera pru\u017ea vrhunsku rezoluciju snimanja do 30MP i 2K video uz pomo\u0107 senzora pokreta i nevidljivog infracrvenog no\u0107nog osvjetljenja. Zahvaljuju\u0107i ugra\u0111enom 4G modulu, kamera omogu\u0107uje slanje slika ili videa na mobilni telefon, e-mail ili aplikaciju u realnom vremenu.<\/p>","protected":false},"featured_media":1557,"comment_status":"open","ping_status":"closed","template":"","meta":{"_uag_custom_page_level_css":"","site-sidebar-layout":"default","site-content-layout":"","ast-site-content-layout":"default","site-content-style":"default","site-sidebar-style":"default","ast-global-header-display":"","ast-banner-title-visibility":"","ast-main-header-display":"","ast-hfb-above-header-display":"","ast-hfb-below-header-display":"","ast-hfb-mobile-header-display":"","site-post-title":"","ast-breadcrumbs-content":"","ast-featured-img":"","footer-sml-layout":"","ast-disable-related-posts":"","theme-transparent-header-meta":"default","adv-header-id-meta":"","stick-header-meta":"","header-above-stick-meta":"","header-main-stick-meta":"","header-below-stick-meta":"","astra-migrate-meta-layouts":"set","ast-page-background-enabled":"default","ast-page-background-meta":{"desktop":{"background-color":"var(--ast-global-color-4)","background-image":"","background-repeat":"repeat","background-position":"center center","background-size":"auto","background-attachment":"scroll","background-type":"","background-media":"","overlay-type":"","overlay-color":"","overlay-opacity":"","overlay-gradient":""},"tablet":{"background-color":"","background-image":"","background-repeat":"repeat","background-position":"center center","background-size":"auto","background-attachment":"scroll","background-type":"","background-media":"","overlay-type":"","overlay-color":"","overlay-opacity":"","overlay-gradient":""},"mobile":{"background-color":"","background-image":"","background-repeat":"repeat","background-position":"center center","background-size":"auto","background-attachment":"scroll","background-type":"","background-media":"","overlay-type":"","overlay-color":"","overlay-opacity":"","overlay-gradient":""}},"ast-content-background-meta":{"desktop":{"background-color":"var(--ast-global-color-5)","background-image":"","background-repeat":"repeat","background-position":"center center","background-size":"auto","background-attachment":"scroll","background-type":"","background-media":"","overlay-type":"","overlay-color":"","overlay-opacity":"","overlay-gradient":""},"tablet":{"background-color":"var(--ast-global-color-5)","background-image":"","background-repeat":"repeat","background-position":"center center","background-size":"auto","background-attachment":"scroll","background-type":"","background-media":"","overlay-type":"","overlay-color":"","overlay-opacity":"","overlay-gradient":""},"mobile":{"background-color":"var(--ast-global-color-5)","background-image":"","background-repeat":"repeat","background-position":"center center","background-size":"auto","background-attachment":"scroll","background-type":"","background-media":"","overlay-type":"","overlay-color":"","overlay-opacity":"","overlay-gradient":""}}},"product_brand":[48],"product_cat":[76],"product_tag":[77,50],"class_list":{"0":"post-1553","1":"product","2":"type-product","3":"status-publish","4":"has-post-thumbnail","6":"product_brand-suntek","7":"product_cat-camera","8":"product_tag-camera","9":"product_tag-suntek","10":"desktop-align-center","11":"tablet-align-center","12":"mobile-align-center","14":"first","15":"instock","16":"shipping-taxable","17":"purchasable","18":"product-type-simple"},"yoast_head":"<!-- This site is optimized with the Yoast SEO plugin v27.5 - https:\/\/yoast.com\/product\/yoast-seo-wordpress\/ -->\n<title>Suntek hc-880 pro - Bear Hunter<\/title>\n<meta name=\"description\" content=\"Bear Hunter - Suntek hc-880 pro s an advanced 4G trail camera ideal for wildlife monitoring, property surveillance, forest and cabin protection.\" \/>\n<meta name=\"robots\" content=\"index, follow, max-snippet:-1, max-image-preview:large, max-video-preview:-1\" \/>\n<link rel=\"canonical\" href=\"https:\/\/vukmantrade.hr\/hr\/proizvod\/suntek-hc-880-pro\/\" \/>\n<meta property=\"og:locale\" content=\"hr_HR\" \/>\n<meta property=\"og:type\" content=\"article\" \/>\n<meta property=\"og:title\" content=\"Suntek hc-880 pro - Bear Hunter\" \/>\n<meta property=\"og:description\" content=\"Bear Hunter - Suntek hc-880 pro s an advanced 4G trail camera ideal for wildlife monitoring, property surveillance, forest and cabin protection.\" \/>\n<meta property=\"og:url\" content=\"https:\/\/vukmantrade.hr\/hr\/proizvod\/suntek-hc-880-pro\/\" \/>\n<meta property=\"og:site_name\" content=\"Bear Hunter\" \/>\n<meta property=\"article:modified_time\" content=\"2025-05-18T19:43:13+00:00\" \/>\n<meta property=\"og:image\" content=\"https:\/\/vukmantrade.hr\/wp-content\/uploads\/2025\/05\/IMG-20250513-WA0030.jpg\" \/>\n\t<meta property=\"og:image:width\" content=\"1170\" \/>\n\t<meta property=\"og:image:height\" content=\"1159\" \/>\n\t<meta property=\"og:image:type\" content=\"image\/jpeg\" \/>\n<meta name=\"twitter:card\" content=\"summary_large_image\" \/>\n<meta name=\"twitter:label1\" content=\"Procijenjeno vrijeme \u010ditanja\" \/>\n\t<meta name=\"twitter:data1\" content=\"2 minute\" \/>\n<script type=\"application\/ld+json\" class=\"yoast-schema-graph\">{\"@context\":\"https:\\\/\\\/schema.org\",\"@graph\":[{\"@type\":\"WebPage\",\"@id\":\"https:\\\/\\\/vukmantrade.hr\\\/hr\\\/proizvod\\\/suntek-hc-880-pro\\\/\",\"url\":\"https:\\\/\\\/vukmantrade.hr\\\/hr\\\/proizvod\\\/suntek-hc-880-pro\\\/\",\"name\":\"Suntek hc-880 pro - Bear Hunter\",\"isPartOf\":{\"@id\":\"https:\\\/\\\/vukmantrade.hr\\\/en_gb\\\/#website\"},\"primaryImageOfPage\":{\"@id\":\"https:\\\/\\\/vukmantrade.hr\\\/hr\\\/proizvod\\\/suntek-hc-880-pro\\\/#primaryimage\"},\"image\":{\"@id\":\"https:\\\/\\\/vukmantrade.hr\\\/hr\\\/proizvod\\\/suntek-hc-880-pro\\\/#primaryimage\"},\"thumbnailUrl\":\"https:\\\/\\\/vukmantrade.hr\\\/wp-content\\\/uploads\\\/2025\\\/05\\\/IMG-20250513-WA0030.jpg\",\"datePublished\":\"2025-05-18T14:35:43+00:00\",\"dateModified\":\"2025-05-18T19:43:13+00:00\",\"description\":\"Bear Hunter - Suntek hc-880 pro s an advanced 4G trail camera ideal for wildlife monitoring, property surveillance, forest and cabin protection.\",\"breadcrumb\":{\"@id\":\"https:\\\/\\\/vukmantrade.hr\\\/hr\\\/proizvod\\\/suntek-hc-880-pro\\\/#breadcrumb\"},\"inLanguage\":\"hr\",\"potentialAction\":[{\"@type\":\"ReadAction\",\"target\":[\"https:\\\/\\\/vukmantrade.hr\\\/hr\\\/proizvod\\\/suntek-hc-880-pro\\\/\"]}]},{\"@type\":\"ImageObject\",\"inLanguage\":\"hr\",\"@id\":\"https:\\\/\\\/vukmantrade.hr\\\/hr\\\/proizvod\\\/suntek-hc-880-pro\\\/#primaryimage\",\"url\":\"https:\\\/\\\/vukmantrade.hr\\\/wp-content\\\/uploads\\\/2025\\\/05\\\/IMG-20250513-WA0030.jpg\",\"contentUrl\":\"https:\\\/\\\/vukmantrade.hr\\\/wp-content\\\/uploads\\\/2025\\\/05\\\/IMG-20250513-WA0030.jpg\",\"width\":1170,\"height\":1159,\"caption\":\"Suntek hc-880 pro\"},{\"@type\":\"BreadcrumbList\",\"@id\":\"https:\\\/\\\/vukmantrade.hr\\\/hr\\\/proizvod\\\/suntek-hc-880-pro\\\/#breadcrumb\",\"itemListElement\":[{\"@type\":\"ListItem\",\"position\":1,\"name\":\"Home\",\"item\":\"https:\\\/\\\/vukmantrade.hr\\\/\"},{\"@type\":\"ListItem\",\"position\":2,\"name\":\"Shop\",\"item\":\"https:\\\/\\\/vukmantrade.hr\\\/en_gb\\\/shop\\\/\"},{\"@type\":\"ListItem\",\"position\":3,\"name\":\"Suntek hc-880 pro\"}]},{\"@type\":\"WebSite\",\"@id\":\"https:\\\/\\\/vukmantrade.hr\\\/en_gb\\\/#website\",\"url\":\"https:\\\/\\\/vukmantrade.hr\\\/en_gb\\\/\",\"name\":\"Bear Hunter\",\"description\":\"Into the Wild, Armed with the Best.\",\"publisher\":{\"@id\":\"https:\\\/\\\/vukmantrade.hr\\\/en_gb\\\/#organization\"},\"potentialAction\":[{\"@type\":\"SearchAction\",\"target\":{\"@type\":\"EntryPoint\",\"urlTemplate\":\"https:\\\/\\\/vukmantrade.hr\\\/en_gb\\\/?s={search_term_string}\"},\"query-input\":{\"@type\":\"PropertyValueSpecification\",\"valueRequired\":true,\"valueName\":\"search_term_string\"}}],\"inLanguage\":\"hr\"},{\"@type\":\"Organization\",\"@id\":\"https:\\\/\\\/vukmantrade.hr\\\/en_gb\\\/#organization\",\"name\":\"Bear Hunter\",\"url\":\"https:\\\/\\\/vukmantrade.hr\\\/en_gb\\\/\",\"logo\":{\"@type\":\"ImageObject\",\"inLanguage\":\"hr\",\"@id\":\"https:\\\/\\\/vukmantrade.hr\\\/en_gb\\\/#\\\/schema\\\/logo\\\/image\\\/\",\"url\":\"https:\\\/\\\/vukmantrade.hr\\\/wp-content\\\/uploads\\\/2025\\\/05\\\/cropped-WhatsApp_Slika_2025-05-08_u_10.24.59_0f4d2b06-removebg-preview-1.png\",\"contentUrl\":\"https:\\\/\\\/vukmantrade.hr\\\/wp-content\\\/uploads\\\/2025\\\/05\\\/cropped-WhatsApp_Slika_2025-05-08_u_10.24.59_0f4d2b06-removebg-preview-1.png\",\"width\":660,\"height\":220,\"caption\":\"Bear Hunter\"},\"image\":{\"@id\":\"https:\\\/\\\/vukmantrade.hr\\\/en_gb\\\/#\\\/schema\\\/logo\\\/image\\\/\"}}]}<\/script>\n<!-- \/ Yoast SEO plugin. -->","yoast_head_json":{"title":"Suntek hc-880 pro - Bear Hunter","description":"Bear Hunter - Suntek hc-880 pro s an advanced 4G trail camera ideal for wildlife monitoring, property surveillance, forest and cabin protection.","robots":{"index":"index","follow":"follow","max-snippet":"max-snippet:-1","max-image-preview":"max-image-preview:large","max-video-preview":"max-video-preview:-1"},"canonical":"https:\/\/vukmantrade.hr\/hr\/proizvod\/suntek-hc-880-pro\/","og_locale":"hr_HR","og_type":"article","og_title":"Suntek hc-880 pro - Bear Hunter","og_description":"Bear Hunter - Suntek hc-880 pro s an advanced 4G trail camera ideal for wildlife monitoring, property surveillance, forest and cabin protection.","og_url":"https:\/\/vukmantrade.hr\/hr\/proizvod\/suntek-hc-880-pro\/","og_site_name":"Bear Hunter","article_modified_time":"2025-05-18T19:43:13+00:00","og_image":[{"width":1170,"height":1159,"url":"https:\/\/vukmantrade.hr\/wp-content\/uploads\/2025\/05\/IMG-20250513-WA0030.jpg","type":"image\/jpeg"}],"twitter_card":"summary_large_image","twitter_misc":{"Procijenjeno vrijeme \u010ditanja":"2 minute"},"schema":{"@context":"https:\/\/schema.org","@graph":[{"@type":"WebPage","@id":"https:\/\/vukmantrade.hr\/hr\/proizvod\/suntek-hc-880-pro\/","url":"https:\/\/vukmantrade.hr\/hr\/proizvod\/suntek-hc-880-pro\/","name":"Suntek hc-880 pro - Bear Hunter","isPartOf":{"@id":"https:\/\/vukmantrade.hr\/en_gb\/#website"},"primaryImageOfPage":{"@id":"https:\/\/vukmantrade.hr\/hr\/proizvod\/suntek-hc-880-pro\/#primaryimage"},"image":{"@id":"https:\/\/vukmantrade.hr\/hr\/proizvod\/suntek-hc-880-pro\/#primaryimage"},"thumbnailUrl":"https:\/\/vukmantrade.hr\/wp-content\/uploads\/2025\/05\/IMG-20250513-WA0030.jpg","datePublished":"2025-05-18T14:35:43+00:00","dateModified":"2025-05-18T19:43:13+00:00","description":"Bear Hunter - Suntek hc-880 pro s an advanced 4G trail camera ideal for wildlife monitoring, property surveillance, forest and cabin protection.","breadcrumb":{"@id":"https:\/\/vukmantrade.hr\/hr\/proizvod\/suntek-hc-880-pro\/#breadcrumb"},"inLanguage":"hr","potentialAction":[{"@type":"ReadAction","target":["https:\/\/vukmantrade.hr\/hr\/proizvod\/suntek-hc-880-pro\/"]}]},{"@type":"ImageObject","inLanguage":"hr","@id":"https:\/\/vukmantrade.hr\/hr\/proizvod\/suntek-hc-880-pro\/#primaryimage","url":"https:\/\/vukmantrade.hr\/wp-content\/uploads\/2025\/05\/IMG-20250513-WA0030.jpg","contentUrl":"https:\/\/vukmantrade.hr\/wp-content\/uploads\/2025\/05\/IMG-20250513-WA0030.jpg","width":1170,"height":1159,"caption":"Suntek hc-880 pro"},{"@type":"BreadcrumbList","@id":"https:\/\/vukmantrade.hr\/hr\/proizvod\/suntek-hc-880-pro\/#breadcrumb","itemListElement":[{"@type":"ListItem","position":1,"name":"Home","item":"https:\/\/vukmantrade.hr\/"},{"@type":"ListItem","position":2,"name":"Shop","item":"https:\/\/vukmantrade.hr\/en_gb\/shop\/"},{"@type":"ListItem","position":3,"name":"Suntek hc-880 pro"}]},{"@type":"WebSite","@id":"https:\/\/vukmantrade.hr\/en_gb\/#website","url":"https:\/\/vukmantrade.hr\/en_gb\/","name":"Bear Hunter","description":"Into the Wild, Armed with the Best.","publisher":{"@id":"https:\/\/vukmantrade.hr\/en_gb\/#organization"},"potentialAction":[{"@type":"SearchAction","target":{"@type":"EntryPoint","urlTemplate":"https:\/\/vukmantrade.hr\/en_gb\/?s={search_term_string}"},"query-input":{"@type":"PropertyValueSpecification","valueRequired":true,"valueName":"search_term_string"}}],"inLanguage":"hr"},{"@type":"Organization","@id":"https:\/\/vukmantrade.hr\/en_gb\/#organization","name":"Bear Hunter","url":"https:\/\/vukmantrade.hr\/en_gb\/","logo":{"@type":"ImageObject","inLanguage":"hr","@id":"https:\/\/vukmantrade.hr\/en_gb\/#\/schema\/logo\/image\/","url":"https:\/\/vukmantrade.hr\/wp-content\/uploads\/2025\/05\/cropped-WhatsApp_Slika_2025-05-08_u_10.24.59_0f4d2b06-removebg-preview-1.png","contentUrl":"https:\/\/vukmantrade.hr\/wp-content\/uploads\/2025\/05\/cropped-WhatsApp_Slika_2025-05-08_u_10.24.59_0f4d2b06-removebg-preview-1.png","width":660,"height":220,"caption":"Bear Hunter"},"image":{"@id":"https:\/\/vukmantrade.hr\/en_gb\/#\/schema\/logo\/image\/"}}]}},"uagb_featured_image_src":{"full":["https:\/\/vukmantrade.hr\/wp-content\/uploads\/2025\/05\/IMG-20250513-WA0030.jpg",1170,1159,false],"thumbnail":["https:\/\/vukmantrade.hr\/wp-content\/uploads\/2025\/05\/IMG-20250513-WA0030-150x150.jpg",150,150,true],"medium":["https:\/\/vukmantrade.hr\/wp-content\/uploads\/2025\/05\/IMG-20250513-WA0030-300x297.jpg",300,297,true],"medium_large":["https:\/\/vukmantrade.hr\/wp-content\/uploads\/2025\/05\/IMG-20250513-WA0030-768x761.jpg",768,761,true],"large":["https:\/\/vukmantrade.hr\/wp-content\/uploads\/2025\/05\/IMG-20250513-WA0030-1024x1014.jpg",1024,1014,true],"1536x1536":["https:\/\/vukmantrade.hr\/wp-content\/uploads\/2025\/05\/IMG-20250513-WA0030.jpg",1170,1159,false],"2048x2048":["https:\/\/vukmantrade.hr\/wp-content\/uploads\/2025\/05\/IMG-20250513-WA0030.jpg",1170,1159,false],"trp-custom-language-flag":["https:\/\/vukmantrade.hr\/wp-content\/uploads\/2025\/05\/IMG-20250513-WA0030-12x12.jpg",12,12,true],"woocommerce_thumbnail":["https:\/\/vukmantrade.hr\/wp-content\/uploads\/2025\/05\/IMG-20250513-WA0030-300x300.jpg",300,300,true],"woocommerce_single":["https:\/\/vukmantrade.hr\/wp-content\/uploads\/2025\/05\/IMG-20250513-WA0030-600x594.jpg",600,594,true],"woocommerce_gallery_thumbnail":["https:\/\/vukmantrade.hr\/wp-content\/uploads\/2025\/05\/IMG-20250513-WA0030-100x100.jpg",100,100,true]},"uagb_author_info":{"display_name":"danijel.baltic@outlook.com","author_link":"https:\/\/vukmantrade.hr\/hr\/author\/"},"uagb_comment_info":0,"uagb_excerpt":"The Suntek HC-880 Pro is an advanced 4G trail camera ideal for wildlife monitoring, property surveillance, forest and cabin protection, and even farm security. This camera delivers superior image quality with up to 30MP photo resolution and 2K video, triggered by a motion sensor and enhanced with invisible infrared night illumination. Thanks to the built-in&hellip;","_links":{"self":[{"href":"https:\/\/vukmantrade.hr\/hr\/wp-json\/wp\/v2\/product\/1553","targetHints":{"allow":["GET"]}}],"collection":[{"href":"https:\/\/vukmantrade.hr\/hr\/wp-json\/wp\/v2\/product"}],"about":[{"href":"https:\/\/vukmantrade.hr\/hr\/wp-json\/wp\/v2\/types\/product"}],"replies":[{"embeddable":true,"href":"https:\/\/vukmantrade.hr\/hr\/wp-json\/wp\/v2\/comments?post=1553"}],"wp:featuredmedia":[{"embeddable":true,"href":"https:\/\/vukmantrade.hr\/hr\/wp-json\/wp\/v2\/media\/1557"}],"wp:attachment":[{"href":"https:\/\/vukmantrade.hr\/hr\/wp-json\/wp\/v2\/media?parent=1553"}],"wp:term":[{"taxonomy":"product_brand","embeddable":true,"href":"https:\/\/vukmantrade.hr\/hr\/wp-json\/wp\/v2\/product_brand?post=1553"},{"taxonomy":"product_cat","embeddable":true,"href":"https:\/\/vukmantrade.hr\/hr\/wp-json\/wp\/v2\/product_cat?post=1553"},{"taxonomy":"product_tag","embeddable":true,"href":"https:\/\/vukmantrade.hr\/hr\/wp-json\/wp\/v2\/product_tag?post=1553"}],"curies":[{"name":"wp","href":"https:\/\/api.w.org\/{rel}","templated":true}]}}