{"id":1558,"date":"2025-05-18T13:41:00","date_gmt":"2025-05-18T14:41:00","guid":{"rendered":"https:\/\/vukmantrade.hr\/?post_type=product&#038;p=1558"},"modified":"2025-05-18T18:43:04","modified_gmt":"2025-05-18T19:43:04","slug":"suntek-hc-940-pro-4g","status":"publish","type":"product","link":"https:\/\/vukmantrade.hr\/hr\/proizvod\/suntek-hc-940-pro-4g\/","title":{"rendered":"Suntek HC-940 Pro 4G"},"content":{"rendered":"<div class=\"text-base my-auto mx-auto py-5 [--thread-content-margin:--spacing(4)] @[37rem]:[--thread-content-margin:--spacing(6)] @[72rem]:[--thread-content-margin:--spacing(16)] px-(--thread-content-margin)\">\n<div class=\"[--thread-content-max-width:32rem] @[34rem]:[--thread-content-max-width:40rem] @[64rem]:[--thread-content-max-width:48rem] mx-auto flex max-w-(--thread-content-max-width) flex-1 text-base gap-4 md:gap-5 lg:gap-6 group\/turn-messages focus-visible:outline-hidden\" tabindex=\"-1\">\n<div class=\"group\/conversation-turn relative flex w-full min-w-0 flex-col agent-turn\">\n<div class=\"relative flex-col gap-1 md:gap-3\">\n<div class=\"flex max-w-full flex-col grow\">\n<div class=\"min-h-8 text-message relative flex w-full flex-col items-end gap-2 text-start break-words whitespace-normal [.text-message+&amp;]:mt-5\" dir=\"auto\" data-message-author-role=\"assistant\" data-message-id=\"37b9f55c-4b2b-4d05-850c-7321043c357a\" data-message-model-slug=\"gpt-4o\">\n<div class=\"flex w-full flex-col gap-1 empty:hidden first:pt-[3px]\">\n<div class=\"markdown prose dark:prose-invert w-full break-words dark\">\n<p class=\"\" data-start=\"52\" data-end=\"89\"><strong data-start=\"52\" data-end=\"89\">Lova\u010dka kamera Suntek HC-940 Pro 4G<\/strong><\/p>\n<p class=\"\" data-start=\"91\" data-end=\"386\"><strong>Suntek HC-940 Pro<\/strong> je prakti\u010dna i funkcionalna 4G lova\u010dka kamera dizajnirana za korisnike koji tra\u017ee stabilan nadzor na udaljenim lokacijama, bez obzira na vremenske uvjete ili doba dana. Zahvaljuju\u0107i podr\u0161ci za 4G LTE mre\u017eu, kamera omogu\u0107uje slanje fotografija i videa direktno na mobilni ure\u0111aj.<\/p>\n<p class=\"\" data-start=\"388\" data-end=\"607\">Opremljena senzorom do 36 MP, nevidljivim IR no\u0107nim osvjetljenjem (940 nm) , otpornim ku\u0107i\u0161tem i daljinskim pristupom.<\/p>\n<p class=\"\" data-start=\"609\" data-end=\"800\">Brzina okidanja od samo 0,3 sekunde, \u0161irok kut detekcije pokreta i mogu\u0107nost slanja slika i videa direktno na va\u0161 mobitel putem aplikacije SuntekCam \u010dine je savr\u0161enim rje\u0161enjem za profesionalce i entuzijaste.<\/p>\n<p class=\"\" data-start=\"802\" data-end=\"956\">Zahvaljuju\u0107i IP65 vodootpornosti, izdr\u017eljivosti na ekstremne vremenske uvjete i mogu\u0107nosti rada do 24 mjeseca u standby na\u010dinu.<\/p>\n<hr class=\"\" data-start=\"958\" data-end=\"961\" \/>\n<h3 class=\"\" data-start=\"963\" data-end=\"995\"><strong data-start=\"967\" data-end=\"995\">Tehni\u010dke specifikacije<\/strong><\/h3>\n<p class=\"\" data-start=\"997\" data-end=\"1008\"><strong data-start=\"997\" data-end=\"1008\">Kamera:<\/strong><\/p>\n<ul data-start=\"1010\" data-end=\"1291\">\n<li class=\"\" data-start=\"1010\" data-end=\"1084\">\n<p class=\"\" data-start=\"1012\" data-end=\"1084\"><strong data-start=\"1012\" data-end=\"1032\">Rezolucija fotografija<\/strong>: Do 36 MP (36MP, 30MP, 24MP, 20MP, 16MP, 12MP)<\/p>\n<\/li>\n<li class=\"\" data-start=\"1085\" data-end=\"1113\">\n<p class=\"\" data-start=\"1087\" data-end=\"1113\"><strong data-start=\"1087\" data-end=\"1107\">Video rezolucija<\/strong>: 4K<\/p>\n<\/li>\n<li class=\"\" data-start=\"1114\" data-end=\"1156\">\n<p class=\"\" data-start=\"1116\" data-end=\"1156\"><strong data-start=\"1116\" data-end=\"1124\">Objektivi<\/strong>: F=3.1 mm, kut gledanja 120\u00b0<\/p>\n<\/li>\n<li class=\"\" data-start=\"1157\" data-end=\"1191\">\n<p class=\"\" data-start=\"1159\" data-end=\"1191\"><strong data-start=\"1159\" data-end=\"1176\">Brzina okidanja<\/strong>: 0.3 sekunde<\/p>\n<\/li>\n<li class=\"\" data-start=\"1192\" data-end=\"1238\">\n<p class=\"\" data-start=\"1194\" data-end=\"1238\"><strong data-start=\"1194\" data-end=\"1208\">Vi\u0161estruko snimanje<\/strong>: do 9 fotografija po aktivaciji<\/p>\n<\/li>\n<li class=\"\" data-start=\"1239\" data-end=\"1291\">\n<p class=\"\" data-start=\"1241\" data-end=\"1291\"><strong data-start=\"1241\" data-end=\"1255\">Mikrofon<\/strong>: Da (snimanje zvuka uz video)<\/p>\n<\/li>\n<\/ul>\n<p class=\"\" data-start=\"1293\" data-end=\"1307\"><strong data-start=\"1293\" data-end=\"1307\">Detekcija:<\/strong><\/p>\n<ul data-start=\"1309\" data-end=\"1492\">\n<li class=\"\" data-start=\"1309\" data-end=\"1374\">\n<p class=\"\" data-start=\"1311\" data-end=\"1374\"><strong data-start=\"1311\" data-end=\"1332\">PIR senzor (pokret)<\/strong>: kut 120\u00b0, domet do 25 m<\/p>\n<\/li>\n<li class=\"\" data-start=\"1375\" data-end=\"1444\">\n<p class=\"\" data-start=\"1377\" data-end=\"1444\"><strong data-start=\"1377\" data-end=\"1393\">No\u0107ni rad<\/strong>: 56 nevidljivih IR LED dioda (940 nm), domet do 20 m<\/p>\n<\/li>\n<li class=\"\" data-start=\"1445\" data-end=\"1492\">\n<p class=\"\" data-start=\"1447\" data-end=\"1492\"><strong data-start=\"1447\" data-end=\"1469\">Podesiva osjetljivost<\/strong>: niska \/ srednja \/ visoka<\/p>\n<\/li>\n<\/ul>\n<p class=\"\" data-start=\"1494\" data-end=\"1516\"><strong data-start=\"1494\" data-end=\"1516\">Zaslon i kontrola:<\/strong><\/p>\n<ul data-start=\"1518\" data-end=\"1708\">\n<li class=\"\" data-start=\"1518\" data-end=\"1553\">\n<p class=\"\" data-start=\"1520\" data-end=\"1553\"><strong data-start=\"1520\" data-end=\"1531\">Zaslon<\/strong>: 2,4\u201d TFT LCD u boji<\/p>\n<\/li>\n<li class=\"\" data-start=\"1554\" data-end=\"1592\">\n<p class=\"\" data-start=\"1556\" data-end=\"1592\"><strong data-start=\"1556\" data-end=\"1563\">Aplikacija<\/strong>: SuntekCam (Android \/ iOS)<\/p>\n<\/li>\n<li class=\"\" data-start=\"1593\" data-end=\"1708\">\n<p class=\"\" data-start=\"1595\" data-end=\"1708\"><strong data-start=\"1595\" data-end=\"1615\">Mogu\u0107nosti aplikacije<\/strong>: daljinski nadzor, konfiguracija, pregled i preuzimanje sadr\u017eaja, live stream, obavijesti<\/p>\n<\/li>\n<\/ul>\n<p class=\"\" data-start=\"1710\" data-end=\"1727\"><strong data-start=\"1710\" data-end=\"1727\">Povezivost<\/strong><\/p>\n<ul data-start=\"1729\" data-end=\"1858\">\n<li class=\"\" data-start=\"1729\" data-end=\"1786\">\n<p class=\"\" data-start=\"1731\" data-end=\"1786\"><strong data-start=\"1731\" data-end=\"1749\">Mobilna mre\u017ea<\/strong>: 4G LTE (B1\/B3\/B5\/B7\/B8\/B20 i dr.)<\/p>\n<\/li>\n<li class=\"\" data-start=\"1787\" data-end=\"1829\">\n<p class=\"\" data-start=\"1789\" data-end=\"1829\"><strong data-start=\"1789\" data-end=\"1801\">SIM kartica<\/strong>: podr\u017eana (nije uklju\u010dena)<\/p>\n<\/li>\n<li class=\"\" data-start=\"1830\" data-end=\"1858\">\n<p class=\"\" data-start=\"1832\" data-end=\"1858\"><strong data-start=\"1832\" data-end=\"1847\">GPS ozna\u010davanje<\/strong>: putem aplikacije<\/p>\n<\/li>\n<\/ul>\n<p class=\"\" data-start=\"1860\" data-end=\"1879\"><strong data-start=\"1860\" data-end=\"1879\">Memorija i napajanje:<\/strong><\/p>\n<ul data-start=\"1881\" data-end=\"2048\">\n<li class=\"\" data-start=\"1881\" data-end=\"1948\">\n<p class=\"\" data-start=\"1883\" data-end=\"1948\"><strong data-start=\"1883\" data-end=\"1903\">Podr\u017eana memorija<\/strong>: microSD kartice do 256 GB (nije uklju\u010dena)<\/p>\n<\/li>\n<li class=\"\" data-start=\"1949\" data-end=\"2006\">\n<p class=\"\" data-start=\"1951\" data-end=\"2006\"><strong data-start=\"1951\" data-end=\"1967\">Napajanje<\/strong>: 10x AA baterije ili vanjsko napajanje 12V DC<\/p>\n<\/li>\n<li class=\"\" data-start=\"2007\" data-end=\"2048\">\n<p class=\"\" data-start=\"2009\" data-end=\"2048\"><strong data-start=\"2009\" data-end=\"2029\">Autonomija<\/strong>: do 24 mjeseca u standby na\u010dinu<\/p>\n<\/li>\n<\/ul>\n<p class=\"\" data-start=\"2050\" data-end=\"2079\"><strong data-start=\"2050\" data-end=\"2079\">Fizi\u010dke karakteristike:<\/strong><\/p>\n<ul data-start=\"2081\" data-end=\"2226\">\n<li class=\"\" data-start=\"2081\" data-end=\"2111\">\n<p class=\"\" data-start=\"2083\" data-end=\"2111\"><strong data-start=\"2083\" data-end=\"2103\">Vodootporan<\/strong>: IP65<\/p>\n<\/li>\n<li class=\"\" data-start=\"2112\" data-end=\"2157\">\n<p class=\"\" data-start=\"2114\" data-end=\"2157\"><strong data-start=\"2114\" data-end=\"2128\">Dimenzije<\/strong>: cca 145 \u00d7 110 \u00d7 85 mm<\/p>\n<\/li>\n<li class=\"\" data-start=\"2158\" data-end=\"2180\">\n<p class=\"\" data-start=\"2160\" data-end=\"2180\"><strong data-start=\"2160\" data-end=\"2170\">Te\u017eina<\/strong>: ~990 g<\/p>\n<\/li>\n<li class=\"\" data-start=\"2181\" data-end=\"2226\">\n<p class=\"\" data-start=\"2183\" data-end=\"2226\"><strong data-start=\"2183\" data-end=\"2208\">Radna temperatura<\/strong>: -20\u00b0C to +70\u00b0C<\/p>\n<\/li>\n<\/ul>\n<hr class=\"\" data-start=\"2228\" data-end=\"2231\" \/>\n<h3 class=\"\" data-start=\"2233\" data-end=\"2258\"><strong data-start=\"2237\" data-end=\"2258\">Paket uklju\u010duje:<\/strong><\/h3>\n<ul data-start=\"2260\" data-end=\"2363\">\n<li class=\"\" data-start=\"2260\" data-end=\"2290\">\n<p class=\"\" data-start=\"2262\" data-end=\"2290\">1x Kamera HC-940 Pro<\/p>\n<\/li>\n<li class=\"\" data-start=\"2291\" data-end=\"2305\">\n<p class=\"\" data-start=\"2293\" data-end=\"2305\">1x Antena<\/p>\n<\/li>\n<li class=\"\" data-start=\"2306\" data-end=\"2322\">\n<p class=\"\" data-start=\"2308\" data-end=\"2322\">1x USB kabel<\/p>\n<\/li>\n<li class=\"\" data-start=\"2323\" data-end=\"2344\">\n<p class=\"\" data-start=\"2325\" data-end=\"2344\">1x Monta\u017eni remen za pri\u010dvr\u0161\u0107ivanje<\/p>\n<\/li>\n<li class=\"\" data-start=\"2345\" data-end=\"2363\">\n<p class=\"\" data-start=\"2347\" data-end=\"2363\">1x korisni\u010dki priru\u010dnik<\/p>\n<\/li>\n<\/ul>\n<\/div>\n<\/div>\n<\/div>\n<\/div>\n<\/div>\n<\/div>\n<\/div>\n<\/div>","protected":false},"excerpt":{"rendered":"<p><strong>Suntek HC-940 Pro<\/strong> je prakti\u010dna i funkcionalna 4G lova\u010dka kamera dizajnirana za korisnike koji tra\u017ee stabilan nadzor na udaljenim lokacijama, bez obzira na vremenske uvjete ili doba dana. Zahvaljuju\u0107i podr\u0161ci za 4G LTE mre\u017eu, kamera omogu\u0107uje slanje fotografija i videa direktno na mobilni ure\u0111aj.<\/p>","protected":false},"featured_media":1561,"comment_status":"open","ping_status":"closed","template":"","meta":{"_uag_custom_page_level_css":"","site-sidebar-layout":"default","site-content-layout":"","ast-site-content-layout":"default","site-content-style":"default","site-sidebar-style":"default","ast-global-header-display":"","ast-banner-title-visibility":"","ast-main-header-display":"","ast-hfb-above-header-display":"","ast-hfb-below-header-display":"","ast-hfb-mobile-header-display":"","site-post-title":"","ast-breadcrumbs-content":"","ast-featured-img":"","footer-sml-layout":"","ast-disable-related-posts":"","theme-transparent-header-meta":"default","adv-header-id-meta":"","stick-header-meta":"","header-above-stick-meta":"","header-main-stick-meta":"","header-below-stick-meta":"","astra-migrate-meta-layouts":"set","ast-page-background-enabled":"default","ast-page-background-meta":{"desktop":{"background-color":"var(--ast-global-color-4)","background-image":"","background-repeat":"repeat","background-position":"center center","background-size":"auto","background-attachment":"scroll","background-type":"","background-media":"","overlay-type":"","overlay-color":"","overlay-opacity":"","overlay-gradient":""},"tablet":{"background-color":"","background-image":"","background-repeat":"repeat","background-position":"center center","background-size":"auto","background-attachment":"scroll","background-type":"","background-media":"","overlay-type":"","overlay-color":"","overlay-opacity":"","overlay-gradient":""},"mobile":{"background-color":"","background-image":"","background-repeat":"repeat","background-position":"center center","background-size":"auto","background-attachment":"scroll","background-type":"","background-media":"","overlay-type":"","overlay-color":"","overlay-opacity":"","overlay-gradient":""}},"ast-content-background-meta":{"desktop":{"background-color":"var(--ast-global-color-5)","background-image":"","background-repeat":"repeat","background-position":"center center","background-size":"auto","background-attachment":"scroll","background-type":"","background-media":"","overlay-type":"","overlay-color":"","overlay-opacity":"","overlay-gradient":""},"tablet":{"background-color":"var(--ast-global-color-5)","background-image":"","background-repeat":"repeat","background-position":"center center","background-size":"auto","background-attachment":"scroll","background-type":"","background-media":"","overlay-type":"","overlay-color":"","overlay-opacity":"","overlay-gradient":""},"mobile":{"background-color":"var(--ast-global-color-5)","background-image":"","background-repeat":"repeat","background-position":"center center","background-size":"auto","background-attachment":"scroll","background-type":"","background-media":"","overlay-type":"","overlay-color":"","overlay-opacity":"","overlay-gradient":""}}},"product_brand":[48],"product_cat":[76],"product_tag":[77,50],"class_list":{"0":"post-1558","1":"product","2":"type-product","3":"status-publish","4":"has-post-thumbnail","6":"product_brand-suntek","7":"product_cat-camera","8":"product_tag-camera","9":"product_tag-suntek","10":"desktop-align-center","11":"tablet-align-center","12":"mobile-align-center","14":"first","15":"instock","16":"shipping-taxable","17":"purchasable","18":"product-type-simple"},"yoast_head":"<!-- This site is optimized with the Yoast SEO plugin v27.5 - https:\/\/yoast.com\/product\/yoast-seo-wordpress\/ -->\n<title>Suntek HC-940 Pro 4G - Bear Hunter<\/title>\n<meta name=\"description\" content=\"Bear Hunter - Suntek HC-940 Pro 4G is a practical and functional 4G trail camera designed for users seeking reliable surveillance.\" \/>\n<meta name=\"robots\" content=\"index, follow, max-snippet:-1, max-image-preview:large, max-video-preview:-1\" \/>\n<link rel=\"canonical\" href=\"https:\/\/vukmantrade.hr\/hr\/proizvod\/suntek-hc-940-pro-4g\/\" \/>\n<meta property=\"og:locale\" content=\"hr_HR\" \/>\n<meta property=\"og:type\" content=\"article\" \/>\n<meta property=\"og:title\" content=\"Suntek HC-940 Pro 4G - Bear Hunter\" \/>\n<meta property=\"og:description\" content=\"Bear Hunter - Suntek HC-940 Pro 4G is a practical and functional 4G trail camera designed for users seeking reliable surveillance.\" \/>\n<meta property=\"og:url\" content=\"https:\/\/vukmantrade.hr\/hr\/proizvod\/suntek-hc-940-pro-4g\/\" \/>\n<meta property=\"og:site_name\" content=\"Bear Hunter\" \/>\n<meta property=\"article:modified_time\" content=\"2025-05-18T19:43:04+00:00\" \/>\n<meta property=\"og:image\" content=\"https:\/\/vukmantrade.hr\/wp-content\/uploads\/2025\/05\/IMG-20250513-WA0033.jpg\" \/>\n\t<meta property=\"og:image:width\" content=\"1170\" \/>\n\t<meta property=\"og:image:height\" content=\"1126\" \/>\n\t<meta property=\"og:image:type\" content=\"image\/jpeg\" \/>\n<meta name=\"twitter:card\" content=\"summary_large_image\" \/>\n<meta name=\"twitter:label1\" content=\"Procijenjeno vrijeme \u010ditanja\" \/>\n\t<meta name=\"twitter:data1\" content=\"2 minute\" \/>\n<script type=\"application\/ld+json\" class=\"yoast-schema-graph\">{\"@context\":\"https:\\\/\\\/schema.org\",\"@graph\":[{\"@type\":\"WebPage\",\"@id\":\"https:\\\/\\\/vukmantrade.hr\\\/hr\\\/proizvod\\\/suntek-hc-940-pro-4g\\\/\",\"url\":\"https:\\\/\\\/vukmantrade.hr\\\/hr\\\/proizvod\\\/suntek-hc-940-pro-4g\\\/\",\"name\":\"Suntek HC-940 Pro 4G - Bear Hunter\",\"isPartOf\":{\"@id\":\"https:\\\/\\\/vukmantrade.hr\\\/en_gb\\\/#website\"},\"primaryImageOfPage\":{\"@id\":\"https:\\\/\\\/vukmantrade.hr\\\/hr\\\/proizvod\\\/suntek-hc-940-pro-4g\\\/#primaryimage\"},\"image\":{\"@id\":\"https:\\\/\\\/vukmantrade.hr\\\/hr\\\/proizvod\\\/suntek-hc-940-pro-4g\\\/#primaryimage\"},\"thumbnailUrl\":\"https:\\\/\\\/vukmantrade.hr\\\/wp-content\\\/uploads\\\/2025\\\/05\\\/IMG-20250513-WA0033.jpg\",\"datePublished\":\"2025-05-18T14:41:00+00:00\",\"dateModified\":\"2025-05-18T19:43:04+00:00\",\"description\":\"Bear Hunter - Suntek HC-940 Pro 4G is a practical and functional 4G trail camera designed for users seeking reliable surveillance.\",\"breadcrumb\":{\"@id\":\"https:\\\/\\\/vukmantrade.hr\\\/hr\\\/proizvod\\\/suntek-hc-940-pro-4g\\\/#breadcrumb\"},\"inLanguage\":\"hr\",\"potentialAction\":[{\"@type\":\"ReadAction\",\"target\":[\"https:\\\/\\\/vukmantrade.hr\\\/hr\\\/proizvod\\\/suntek-hc-940-pro-4g\\\/\"]}]},{\"@type\":\"ImageObject\",\"inLanguage\":\"hr\",\"@id\":\"https:\\\/\\\/vukmantrade.hr\\\/hr\\\/proizvod\\\/suntek-hc-940-pro-4g\\\/#primaryimage\",\"url\":\"https:\\\/\\\/vukmantrade.hr\\\/wp-content\\\/uploads\\\/2025\\\/05\\\/IMG-20250513-WA0033.jpg\",\"contentUrl\":\"https:\\\/\\\/vukmantrade.hr\\\/wp-content\\\/uploads\\\/2025\\\/05\\\/IMG-20250513-WA0033.jpg\",\"width\":1170,\"height\":1126,\"caption\":\"Suntek HC-940 Pro 4G\"},{\"@type\":\"BreadcrumbList\",\"@id\":\"https:\\\/\\\/vukmantrade.hr\\\/hr\\\/proizvod\\\/suntek-hc-940-pro-4g\\\/#breadcrumb\",\"itemListElement\":[{\"@type\":\"ListItem\",\"position\":1,\"name\":\"Home\",\"item\":\"https:\\\/\\\/vukmantrade.hr\\\/\"},{\"@type\":\"ListItem\",\"position\":2,\"name\":\"Shop\",\"item\":\"https:\\\/\\\/vukmantrade.hr\\\/en_gb\\\/shop\\\/\"},{\"@type\":\"ListItem\",\"position\":3,\"name\":\"Suntek HC-940 Pro 4G\"}]},{\"@type\":\"WebSite\",\"@id\":\"https:\\\/\\\/vukmantrade.hr\\\/en_gb\\\/#website\",\"url\":\"https:\\\/\\\/vukmantrade.hr\\\/en_gb\\\/\",\"name\":\"Bear Hunter\",\"description\":\"Into the Wild, Armed with the Best.\",\"publisher\":{\"@id\":\"https:\\\/\\\/vukmantrade.hr\\\/en_gb\\\/#organization\"},\"potentialAction\":[{\"@type\":\"SearchAction\",\"target\":{\"@type\":\"EntryPoint\",\"urlTemplate\":\"https:\\\/\\\/vukmantrade.hr\\\/en_gb\\\/?s={search_term_string}\"},\"query-input\":{\"@type\":\"PropertyValueSpecification\",\"valueRequired\":true,\"valueName\":\"search_term_string\"}}],\"inLanguage\":\"hr\"},{\"@type\":\"Organization\",\"@id\":\"https:\\\/\\\/vukmantrade.hr\\\/en_gb\\\/#organization\",\"name\":\"Bear Hunter\",\"url\":\"https:\\\/\\\/vukmantrade.hr\\\/en_gb\\\/\",\"logo\":{\"@type\":\"ImageObject\",\"inLanguage\":\"hr\",\"@id\":\"https:\\\/\\\/vukmantrade.hr\\\/en_gb\\\/#\\\/schema\\\/logo\\\/image\\\/\",\"url\":\"https:\\\/\\\/vukmantrade.hr\\\/wp-content\\\/uploads\\\/2025\\\/05\\\/cropped-WhatsApp_Slika_2025-05-08_u_10.24.59_0f4d2b06-removebg-preview-1.png\",\"contentUrl\":\"https:\\\/\\\/vukmantrade.hr\\\/wp-content\\\/uploads\\\/2025\\\/05\\\/cropped-WhatsApp_Slika_2025-05-08_u_10.24.59_0f4d2b06-removebg-preview-1.png\",\"width\":660,\"height\":220,\"caption\":\"Bear Hunter\"},\"image\":{\"@id\":\"https:\\\/\\\/vukmantrade.hr\\\/en_gb\\\/#\\\/schema\\\/logo\\\/image\\\/\"}}]}<\/script>\n<!-- \/ Yoast SEO plugin. -->","yoast_head_json":{"title":"Suntek HC-940 Pro 4G - Bear Hunter","description":"Bear Hunter - Suntek HC-940 Pro 4G is a practical and functional 4G trail camera designed for users seeking reliable surveillance.","robots":{"index":"index","follow":"follow","max-snippet":"max-snippet:-1","max-image-preview":"max-image-preview:large","max-video-preview":"max-video-preview:-1"},"canonical":"https:\/\/vukmantrade.hr\/hr\/proizvod\/suntek-hc-940-pro-4g\/","og_locale":"hr_HR","og_type":"article","og_title":"Suntek HC-940 Pro 4G - Bear Hunter","og_description":"Bear Hunter - Suntek HC-940 Pro 4G is a practical and functional 4G trail camera designed for users seeking reliable surveillance.","og_url":"https:\/\/vukmantrade.hr\/hr\/proizvod\/suntek-hc-940-pro-4g\/","og_site_name":"Bear Hunter","article_modified_time":"2025-05-18T19:43:04+00:00","og_image":[{"width":1170,"height":1126,"url":"https:\/\/vukmantrade.hr\/wp-content\/uploads\/2025\/05\/IMG-20250513-WA0033.jpg","type":"image\/jpeg"}],"twitter_card":"summary_large_image","twitter_misc":{"Procijenjeno vrijeme \u010ditanja":"2 minute"},"schema":{"@context":"https:\/\/schema.org","@graph":[{"@type":"WebPage","@id":"https:\/\/vukmantrade.hr\/hr\/proizvod\/suntek-hc-940-pro-4g\/","url":"https:\/\/vukmantrade.hr\/hr\/proizvod\/suntek-hc-940-pro-4g\/","name":"Suntek HC-940 Pro 4G - Bear Hunter","isPartOf":{"@id":"https:\/\/vukmantrade.hr\/en_gb\/#website"},"primaryImageOfPage":{"@id":"https:\/\/vukmantrade.hr\/hr\/proizvod\/suntek-hc-940-pro-4g\/#primaryimage"},"image":{"@id":"https:\/\/vukmantrade.hr\/hr\/proizvod\/suntek-hc-940-pro-4g\/#primaryimage"},"thumbnailUrl":"https:\/\/vukmantrade.hr\/wp-content\/uploads\/2025\/05\/IMG-20250513-WA0033.jpg","datePublished":"2025-05-18T14:41:00+00:00","dateModified":"2025-05-18T19:43:04+00:00","description":"Bear Hunter - Suntek HC-940 Pro 4G is a practical and functional 4G trail camera designed for users seeking reliable surveillance.","breadcrumb":{"@id":"https:\/\/vukmantrade.hr\/hr\/proizvod\/suntek-hc-940-pro-4g\/#breadcrumb"},"inLanguage":"hr","potentialAction":[{"@type":"ReadAction","target":["https:\/\/vukmantrade.hr\/hr\/proizvod\/suntek-hc-940-pro-4g\/"]}]},{"@type":"ImageObject","inLanguage":"hr","@id":"https:\/\/vukmantrade.hr\/hr\/proizvod\/suntek-hc-940-pro-4g\/#primaryimage","url":"https:\/\/vukmantrade.hr\/wp-content\/uploads\/2025\/05\/IMG-20250513-WA0033.jpg","contentUrl":"https:\/\/vukmantrade.hr\/wp-content\/uploads\/2025\/05\/IMG-20250513-WA0033.jpg","width":1170,"height":1126,"caption":"Suntek HC-940 Pro 4G"},{"@type":"BreadcrumbList","@id":"https:\/\/vukmantrade.hr\/hr\/proizvod\/suntek-hc-940-pro-4g\/#breadcrumb","itemListElement":[{"@type":"ListItem","position":1,"name":"Home","item":"https:\/\/vukmantrade.hr\/"},{"@type":"ListItem","position":2,"name":"Shop","item":"https:\/\/vukmantrade.hr\/en_gb\/shop\/"},{"@type":"ListItem","position":3,"name":"Suntek HC-940 Pro 4G"}]},{"@type":"WebSite","@id":"https:\/\/vukmantrade.hr\/en_gb\/#website","url":"https:\/\/vukmantrade.hr\/en_gb\/","name":"Bear Hunter","description":"Into the Wild, Armed with the Best.","publisher":{"@id":"https:\/\/vukmantrade.hr\/en_gb\/#organization"},"potentialAction":[{"@type":"SearchAction","target":{"@type":"EntryPoint","urlTemplate":"https:\/\/vukmantrade.hr\/en_gb\/?s={search_term_string}"},"query-input":{"@type":"PropertyValueSpecification","valueRequired":true,"valueName":"search_term_string"}}],"inLanguage":"hr"},{"@type":"Organization","@id":"https:\/\/vukmantrade.hr\/en_gb\/#organization","name":"Bear Hunter","url":"https:\/\/vukmantrade.hr\/en_gb\/","logo":{"@type":"ImageObject","inLanguage":"hr","@id":"https:\/\/vukmantrade.hr\/en_gb\/#\/schema\/logo\/image\/","url":"https:\/\/vukmantrade.hr\/wp-content\/uploads\/2025\/05\/cropped-WhatsApp_Slika_2025-05-08_u_10.24.59_0f4d2b06-removebg-preview-1.png","contentUrl":"https:\/\/vukmantrade.hr\/wp-content\/uploads\/2025\/05\/cropped-WhatsApp_Slika_2025-05-08_u_10.24.59_0f4d2b06-removebg-preview-1.png","width":660,"height":220,"caption":"Bear Hunter"},"image":{"@id":"https:\/\/vukmantrade.hr\/en_gb\/#\/schema\/logo\/image\/"}}]}},"uagb_featured_image_src":{"full":["https:\/\/vukmantrade.hr\/wp-content\/uploads\/2025\/05\/IMG-20250513-WA0033.jpg",1170,1126,false],"thumbnail":["https:\/\/vukmantrade.hr\/wp-content\/uploads\/2025\/05\/IMG-20250513-WA0033-150x150.jpg",150,150,true],"medium":["https:\/\/vukmantrade.hr\/wp-content\/uploads\/2025\/05\/IMG-20250513-WA0033-300x289.jpg",300,289,true],"medium_large":["https:\/\/vukmantrade.hr\/wp-content\/uploads\/2025\/05\/IMG-20250513-WA0033-768x739.jpg",768,739,true],"large":["https:\/\/vukmantrade.hr\/wp-content\/uploads\/2025\/05\/IMG-20250513-WA0033-1024x985.jpg",1024,985,true],"1536x1536":["https:\/\/vukmantrade.hr\/wp-content\/uploads\/2025\/05\/IMG-20250513-WA0033.jpg",1170,1126,false],"2048x2048":["https:\/\/vukmantrade.hr\/wp-content\/uploads\/2025\/05\/IMG-20250513-WA0033.jpg",1170,1126,false],"trp-custom-language-flag":["https:\/\/vukmantrade.hr\/wp-content\/uploads\/2025\/05\/IMG-20250513-WA0033-12x12.jpg",12,12,true],"woocommerce_thumbnail":["https:\/\/vukmantrade.hr\/wp-content\/uploads\/2025\/05\/IMG-20250513-WA0033-300x300.jpg",300,300,true],"woocommerce_single":["https:\/\/vukmantrade.hr\/wp-content\/uploads\/2025\/05\/IMG-20250513-WA0033-600x577.jpg",600,577,true],"woocommerce_gallery_thumbnail":["https:\/\/vukmantrade.hr\/wp-content\/uploads\/2025\/05\/IMG-20250513-WA0033-100x100.jpg",100,100,true]},"uagb_author_info":{"display_name":"danijel.baltic@outlook.com","author_link":"https:\/\/vukmantrade.hr\/hr\/author\/"},"uagb_comment_info":0,"uagb_excerpt":"The Suntek HC-940 Pro is a practical and functional 4G trail camera designed for users seeking reliable surveillance in remote locations, regardless of weather conditions or time of day. With support for 4G LTE networks, the camera can send photos and videos directly to a mobile device.","_links":{"self":[{"href":"https:\/\/vukmantrade.hr\/hr\/wp-json\/wp\/v2\/product\/1558","targetHints":{"allow":["GET"]}}],"collection":[{"href":"https:\/\/vukmantrade.hr\/hr\/wp-json\/wp\/v2\/product"}],"about":[{"href":"https:\/\/vukmantrade.hr\/hr\/wp-json\/wp\/v2\/types\/product"}],"replies":[{"embeddable":true,"href":"https:\/\/vukmantrade.hr\/hr\/wp-json\/wp\/v2\/comments?post=1558"}],"wp:featuredmedia":[{"embeddable":true,"href":"https:\/\/vukmantrade.hr\/hr\/wp-json\/wp\/v2\/media\/1561"}],"wp:attachment":[{"href":"https:\/\/vukmantrade.hr\/hr\/wp-json\/wp\/v2\/media?parent=1558"}],"wp:term":[{"taxonomy":"product_brand","embeddable":true,"href":"https:\/\/vukmantrade.hr\/hr\/wp-json\/wp\/v2\/product_brand?post=1558"},{"taxonomy":"product_cat","embeddable":true,"href":"https:\/\/vukmantrade.hr\/hr\/wp-json\/wp\/v2\/product_cat?post=1558"},{"taxonomy":"product_tag","embeddable":true,"href":"https:\/\/vukmantrade.hr\/hr\/wp-json\/wp\/v2\/product_tag?post=1558"}],"curies":[{"name":"wp","href":"https:\/\/api.w.org\/{rel}","templated":true}]}}